{"id":38,"date":"2011-09-09T08:13:57","date_gmt":"2011-09-09T08:13:57","guid":{"rendered":"https:\/\/krets.jagareforbundet.se\/template\/?page_id=38"},"modified":"2015-10-08T01:44:03","modified_gmt":"2015-10-07T23:44:03","slug":"bildgalleri","status":"publish","type":"page","link":"https:\/\/krets.jagareforbundet.se\/lidkoping\/bildgalleri\/","title":{"rendered":"Bildgalleri"},"content":{"rendered":"<p><strong>Ungdomsskyttet avslutades f\u00f6r 2015<\/strong><\/p>\n<p><a href=\"https:\/\/krets.jagareforbundet.se\/lidkoping\/files\/2015\/10\/IMG_00891.jpg\"><img loading=\"lazy\" decoding=\"async\" class=\"alignleft size-full wp-image-331\" src=\"https:\/\/krets.jagareforbundet.se\/lidkoping\/files\/2015\/10\/IMG_00891.jpg\" alt=\"IMG_00891\" width=\"283\" height=\"378\" srcset=\"https:\/\/krets.jagareforbundet.se\/lidkoping\/files\/2015\/10\/IMG_00891.jpg 283w, https:\/\/krets.jagareforbundet.se\/lidkoping\/files\/2015\/10\/IMG_00891-225x300.jpg 225w\" sizes=\"auto, (max-width: 283px) 100vw, 283px\" \/><\/a><\/p>\n<p>&nbsp;<\/p>\n<p>&nbsp;<\/p>\n<p>&nbsp;<\/p>\n<p>&nbsp;<\/p>\n<p>&nbsp;<\/p>\n<p>&nbsp;<\/p>\n<p>&nbsp;<\/p>\n<p>&nbsp;<\/p>\n<p><a href=\"https:\/\/krets.jagareforbundet.se\/lidkoping\/files\/2015\/10\/IMG_00761.jpg\"><img loading=\"lazy\" decoding=\"async\" class=\"alignleft size-full wp-image-330\" src=\"https:\/\/krets.jagareforbundet.se\/lidkoping\/files\/2015\/10\/IMG_00761.jpg\" alt=\"IMG_00761\" width=\"567\" height=\"425\" srcset=\"https:\/\/krets.jagareforbundet.se\/lidkoping\/files\/2015\/10\/IMG_00761.jpg 567w, https:\/\/krets.jagareforbundet.se\/lidkoping\/files\/2015\/10\/IMG_00761-300x225.jpg 300w\" sizes=\"auto, (max-width: 567px) 100vw, 567px\" \/><\/a><\/p>\n<p>Foto: Tobias<\/p>\n<p>&nbsp;<\/p>\n<p>&nbsp;<\/p>\n<p>&nbsp;<\/p>\n<p>&nbsp;<\/p>\n<p>&nbsp;<\/p>\n<p>&nbsp;<\/p>\n<p>&nbsp;<\/p>\n<p>&nbsp;<\/p>\n<p>&nbsp;<\/p>\n<p>&nbsp;<\/p>\n<p>&nbsp;<\/p>\n<p>&nbsp;<\/p>\n<hr \/>\n<hr \/>\n<p>&nbsp;<\/p>\n<p><a href=\"https:\/\/krets.jagareforbundet.se\/lidkoping\/files\/2015\/03\/2dovhjortar.jpg\"><img loading=\"lazy\" decoding=\"async\" class=\"alignleft wp-image-291\" src=\"https:\/\/krets.jagareforbundet.se\/lidkoping\/files\/2015\/03\/2dovhjortar.jpg\" alt=\"2dovhjortar\" width=\"788\" height=\"591\" srcset=\"https:\/\/krets.jagareforbundet.se\/lidkoping\/files\/2015\/03\/2dovhjortar.jpg 3264w, https:\/\/krets.jagareforbundet.se\/lidkoping\/files\/2015\/03\/2dovhjortar-300x225.jpg 300w, https:\/\/krets.jagareforbundet.se\/lidkoping\/files\/2015\/03\/2dovhjortar-1024x768.jpg 1024w\" sizes=\"auto, (max-width: 788px) 100vw, 788px\" \/><\/a><br \/>\nJaktlycka!<\/p>\n<hr \/>\n<p><strong>Vi f\u00e5r gratulera Olof till hans senaste bedrift &#8211; en 20-taggare.<\/strong><\/p>\n<p><a href=\"https:\/\/krets.jagareforbundet.se\/lidkoping\/files\/2014\/11\/mms_34e0b3cdc44fc89beec368ad665ae89f.5959571-e1417290022467.jpg\"><img loading=\"lazy\" decoding=\"async\" class=\"alignleft wp-image-208 size-full\" src=\"https:\/\/krets.jagareforbundet.se\/lidkoping\/files\/2014\/11\/mms_34e0b3cdc44fc89beec368ad665ae89f.5959571-e1417290022467.jpg\" alt=\"\" width=\"556\" height=\"532\" srcset=\"https:\/\/krets.jagareforbundet.se\/lidkoping\/files\/2014\/11\/mms_34e0b3cdc44fc89beec368ad665ae89f.5959571-e1417290022467.jpg 556w, https:\/\/krets.jagareforbundet.se\/lidkoping\/files\/2014\/11\/mms_34e0b3cdc44fc89beec368ad665ae89f.5959571-e1417290022467-300x287.jpg 300w\" sizes=\"auto, (max-width: 556px) 100vw, 556px\" \/><\/a><\/p>\n<p>&nbsp;<\/p>\n<p>&nbsp;<\/p>\n<p>&nbsp;<\/p>\n<p>&nbsp;<\/p>\n<p>&nbsp;<\/p>\n<p>&nbsp;<\/p>\n<p>&nbsp;<\/p>\n<p>&nbsp;<\/p>\n<p>&nbsp;<\/p>\n<p>&nbsp;<\/p>\n<p>&nbsp;<\/p>\n<p>&nbsp;<\/p>\n<p>&nbsp;<\/p>\n<hr \/>\n<p>En av de b\u00e4sta sakerna \u00e4r att hunden ger en extra dimension till jakten. Men f\u00f6ruts\u00e4ttningen \u00e4r att den \u00e4r v\u00e4ltr\u00e4nad &#8211; s\u00e5 anm\u00e4l dig till v\u00e5ra hundkurser i lydnad och efters\u00f6k!<\/p>\n\n\t\t<style type=\"text\/css\">\n\t\t\t#gallery-1 {\n\t\t\t\tmargin: auto;\n\t\t\t}\n\t\t\t#gallery-1 .gallery-item {\n\t\t\t\tfloat: left;\n\t\t\t\tmargin-top: 10px;\n\t\t\t\ttext-align: center;\n\t\t\t\twidth: 33%;\n\t\t\t}\n\t\t\t#gallery-1 img {\n\t\t\t\tborder: 2px solid #cfcfcf;\n\t\t\t}\n\t\t\t#gallery-1 .gallery-caption {\n\t\t\t\tmargin-left: 0;\n\t\t\t}\n\t\t\t\/* see gallery_shortcode() in wp-includes\/media.php *\/\n\t\t<\/style>\n\t\t<div id='gallery-1' class='gallery galleryid-38 gallery-columns-3 gallery-size-thumbnail'><dl class='gallery-item'>\n\t\t\t<dt class='gallery-icon landscape'>\n\t\t\t\t<a href='https:\/\/krets.jagareforbundet.se\/lidkoping\/files\/2011\/09\/DSC04253.jpg'><img loading=\"lazy\" decoding=\"async\" width=\"150\" height=\"150\" src=\"https:\/\/krets.jagareforbundet.se\/lidkoping\/files\/2011\/09\/DSC04253-150x150.jpg\" class=\"attachment-thumbnail size-thumbnail\" alt=\"\" \/><\/a>\n\t\t\t<\/dt><\/dl><dl class='gallery-item'>\n\t\t\t<dt class='gallery-icon landscape'>\n\t\t\t\t<a href='https:\/\/krets.jagareforbundet.se\/lidkoping\/files\/2011\/09\/DSC_8879.jpg'><img loading=\"lazy\" decoding=\"async\" width=\"150\" height=\"150\" src=\"https:\/\/krets.jagareforbundet.se\/lidkoping\/files\/2011\/09\/DSC_8879-150x150.jpg\" class=\"attachment-thumbnail size-thumbnail\" alt=\"\" \/><\/a>\n\t\t\t<\/dt><\/dl>\n\t\t\t<br style='clear: both' \/>\n\t\t<\/div>\n\n","protected":false},"excerpt":{"rendered":"<p>Ungdomsskyttet avslutades f\u00f6r 2015 &nbsp; &nbsp; &nbsp; &nbsp; &nbsp; &nbsp; &nbsp; &nbsp; Foto: Tobias &nbsp; &nbsp; &nbsp; &nbsp; &nbsp; &nbsp; &nbsp; &nbsp; &nbsp; &nbsp; &nbsp; &nbsp; &nbsp; Jaktlycka! Vi f\u00e5r gratulera Olof till hans senaste bedrift &#8211; en 20-taggare. &nbsp; &nbsp; &nbsp; &nbsp; &nbsp; &nbsp; &nbsp; &nbsp; &nbsp; &nbsp; &nbsp; &nbsp; &nbsp; En av de [&hellip;]<\/p>\n","protected":false},"author":3,"featured_media":0,"parent":0,"menu_order":0,"comment_status":"open","ping_status":"open","template":"","meta":{"jetpack_post_was_ever_published":false,"footnotes":""},"class_list":["post-38","page","type-page","status-publish","hentry"],"_links":{"self":[{"href":"https:\/\/krets.jagareforbundet.se\/lidkoping\/wp-json\/wp\/v2\/pages\/38","targetHints":{"allow":["GET"]}}],"collection":[{"href":"https:\/\/krets.jagareforbundet.se\/lidkoping\/wp-json\/wp\/v2\/pages"}],"about":[{"href":"https:\/\/krets.jagareforbundet.se\/lidkoping\/wp-json\/wp\/v2\/types\/page"}],"author":[{"embeddable":true,"href":"https:\/\/krets.jagareforbundet.se\/lidkoping\/wp-json\/wp\/v2\/users\/3"}],"replies":[{"embeddable":true,"href":"https:\/\/krets.jagareforbundet.se\/lidkoping\/wp-json\/wp\/v2\/comments?post=38"}],"version-history":[{"count":0,"href":"https:\/\/krets.jagareforbundet.se\/lidkoping\/wp-json\/wp\/v2\/pages\/38\/revisions"}],"wp:attachment":[{"href":"https:\/\/krets.jagareforbundet.se\/lidkoping\/wp-json\/wp\/v2\/media?parent=38"}],"curies":[{"name":"wp","href":"https:\/\/api.w.org\/{rel}","templated":true}]}}