{"id":151,"date":"2016-03-13T10:28:44","date_gmt":"2016-03-13T09:28:44","guid":{"rendered":"https:\/\/krets.jagareforbundet.se\/ljungskile\/?page_id=151"},"modified":"2026-02-12T15:13:54","modified_gmt":"2026-02-12T14:13:54","slug":"styrelsen","status":"publish","type":"page","link":"https:\/\/krets.jagareforbundet.se\/ljungskile\/styrelsen\/","title":{"rendered":"Styrelsen"},"content":{"rendered":"<h2 style=\"text-align: justify\">Nya Ljungskile Jaktv\u00e5rdskrets styrelse 2026 &#8211; 2027<\/h2>\n<h4 style=\"text-align: justify\">Ordf\u00f6rande: Emil Torstensson<\/h4>\n<h4>Ledamot\/Sekreterare: Marie H\u00f6ijer-St\u00f8vind<\/h4>\n<h4>Ledamot\/Ekonomiansvarig: Jakob Lundberg<\/h4>\n<h4>Ledamot: Johan Hagstr\u00f6m<\/h4>\n<h4>Ledamot: P\u00e4r Hultgren<\/h4>\n<h4>Ledamot: Stefan Andersson<\/h4>\n<h4>Suppleant: Peter Antonsson<\/h4>\n<h4>Suppleant: Gert Engelbrekt<\/h4>\n<h4><\/h4>\n<h4>Revisorer:<\/h4>\n<h4>Axel Wallstr\u00f6m<br \/>\nLennart Dahl<\/h4>\n<h4>Revisors Suppleanter:<\/h4>\n<h4>Pontus Gustavsson<br \/>\nRobert Olsson<\/h4>\n","protected":false},"excerpt":{"rendered":"<p>Nya Ljungskile Jaktv\u00e5rdskrets styrelse 2026 &#8211; 2027 Ordf\u00f6rande: Emil Torstensson Ledamot\/Sekreterare: Marie H\u00f6ijer-St\u00f8vind Ledamot\/Ekonomiansvarig: Jakob Lundberg Ledamot: Johan Hagstr\u00f6m Ledamot: P\u00e4r Hultgren Ledamot: Stefan Andersson Suppleant: Peter Antonsson Suppleant: Gert Engelbrekt Revisorer: Axel Wallstr\u00f6m Lennart Dahl Revisors Suppleanter: Pontus Gustavsson Robert Olsson<\/p>\n","protected":false},"author":245,"featured_media":0,"parent":0,"menu_order":0,"comment_status":"closed","ping_status":"closed","template":"","meta":{"footnotes":""},"class_list":["post-151","page","type-page","status-publish","hentry"],"_links":{"self":[{"href":"https:\/\/krets.jagareforbundet.se\/ljungskile\/wp-json\/wp\/v2\/pages\/151","targetHints":{"allow":["GET"]}}],"collection":[{"href":"https:\/\/krets.jagareforbundet.se\/ljungskile\/wp-json\/wp\/v2\/pages"}],"about":[{"href":"https:\/\/krets.jagareforbundet.se\/ljungskile\/wp-json\/wp\/v2\/types\/page"}],"author":[{"embeddable":true,"href":"https:\/\/krets.jagareforbundet.se\/ljungskile\/wp-json\/wp\/v2\/users\/245"}],"replies":[{"embeddable":true,"href":"https:\/\/krets.jagareforbundet.se\/ljungskile\/wp-json\/wp\/v2\/comments?post=151"}],"version-history":[{"count":2,"href":"https:\/\/krets.jagareforbundet.se\/ljungskile\/wp-json\/wp\/v2\/pages\/151\/revisions"}],"predecessor-version":[{"id":1159,"href":"https:\/\/krets.jagareforbundet.se\/ljungskile\/wp-json\/wp\/v2\/pages\/151\/revisions\/1159"}],"wp:attachment":[{"href":"https:\/\/krets.jagareforbundet.se\/ljungskile\/wp-json\/wp\/v2\/media?parent=151"}],"curies":[{"name":"wp","href":"https:\/\/api.w.org\/{rel}","templated":true}]}}