{"id":197,"date":"2016-04-02T15:41:21","date_gmt":"2016-04-02T13:41:21","guid":{"rendered":"https:\/\/krets.jagareforbundet.se\/ljungskile\/?page_id=197"},"modified":"2026-04-05T11:18:54","modified_gmt":"2026-04-05T09:18:54","slug":"kretsens-algjaktlag","status":"publish","type":"page","link":"https:\/\/krets.jagareforbundet.se\/ljungskile\/kretsens-algjaktlag\/","title":{"rendered":"Nya Ljungskile Kretsjaktlag"},"content":{"rendered":"<p>Jakten bedrivs av Nya Ljungskile Kretsjaktlag och riktar sig till medlemmar i Svenska J\u00e4garef\u00f6rbundet Nya Ljungskile Jaktv\u00e5rdskrets, i f\u00f6rsta hand markl\u00f6sa j\u00e4gare och ungdomar fr\u00e5n Ljungskile med n\u00e4romr\u00e5den. Alla som \u00e4r medlemmar i Svenska J\u00e4garef\u00f6rbundet \u00e4r dock v\u00e4lkomna att s\u00f6ka en plats i kretsjaktlaget.<br \/>\nUngdomar 18-25 har f\u00f6rtur.<\/p>\n<div class=\"\"><span class=\"\"><b class=\"\">Regler f\u00f6r nytt medlemskap i Nya Ljungskile Kretsjaktlag<\/b><\/span><\/div>\n<ul class=\"\">\n<li class=\"\"><span class=\"\">Skall vara medlem i Svenska J\u00e4garef\u00f6rbundet och Nya Ljungskile Jaktv\u00e5rdskrets.<\/span><\/li>\n<li class=\"\"><span class=\"\">Sedan prioritering enl. f\u00f6ljande:<\/span><\/li>\n<\/ul>\n<div class=\"\"><span class=\"\">1: Markl\u00f6s<\/span><\/div>\n<div class=\"\"><span class=\"\">2: Ungdomar<\/span><\/div>\n<div class=\"\"><span class=\"\">3: Postadress Ljungskile m. omnejd (Uddevalla kommun)<\/span><\/div>\n<div class=\"\"><span class=\"\">4: Datum f\u00f6r anm\u00e4lan<\/span><\/div>\n<div>De som st\u00e5r p\u00e5 k\u00f6listan och erbjuds plats i jaktlaget men tackar nej, tas bort fr\u00e5n k\u00f6listan. Om de \u00f6nskar st\u00e5 kvar f\u00e5r de anm\u00e4la sitt intresse p\u00e5 nytt.<\/div>\n<div><\/div>\n<p>Fyll i nedan formul\u00e4r.<br \/>\n<strong><em>Ange medlemsnummer i meddelandef\u00e4ltet.<\/em><\/strong><\/p>\n<div class=\"post contact-form\">\n<form action=\"\" id=\"contactForm\" method=\"post\">\n<fieldset class=\"forms\">\n<p><label for=\"contactName\">Name<\/label>\n<input type=\"text\" name=\"contactName\" id=\"contactName\" value=\"\" class=\"txt requiredField\" \/>\n<\/p>\n<p><label for=\"contactEmail\">Email<\/label>\n<input type=\"text\" name=\"contactEmail\" id=\"contactEmail\" value=\"\" class=\"txt requiredField email\" \/>\n<\/p>\n<p class=\"textarea\"><label for=\"contactMessage\">Message<\/label>\n<textarea name=\"contactMessage\" id=\"contactMessage\" rows=\"20\" cols=\"30\" class=\"textarea requiredField\"><\/textarea>\n<\/p>\n<p class=\"inline\"><input type=\"checkbox\" name=\"sendCopy\" id=\"sendCopy\" value=\"true\" \/><label for=\"sendCopy\">Send a copy of this email to yourself<\/label><\/p>\n<p class=\"screenReader\"><label for=\"checking\" class=\"screenReader\">If you want to submit this form, do not enter anything in this field<\/label><input type=\"text\" name=\"checking\" id=\"checking\" class=\"screenReader\" value=\"\" \/><\/p>\n<p class=\"buttons\"><input type=\"hidden\" name=\"submitted\" id=\"submitted\" value=\"true\" \/><input class=\"submit button\" type=\"submit\" value=\"Submit\" \/><\/p><\/fieldset>\n<\/form>\n<\/div><!--\/.post .contact-form-->\n<div class=\"fix\"><\/div>\n\n<p>&nbsp;<\/p>\n<p>&nbsp;<\/p>\n<p>&nbsp;<\/p>\n<p>&nbsp;<\/p>\n<p>&nbsp;<\/p>\n","protected":false},"excerpt":{"rendered":"<p>Jakten bedrivs av Nya Ljungskile Kretsjaktlag och riktar sig till medlemmar i Svenska J\u00e4garef\u00f6rbundet Nya Ljungskile Jaktv\u00e5rdskrets, i f\u00f6rsta hand markl\u00f6sa j\u00e4gare och ungdomar fr\u00e5n Ljungskile med n\u00e4romr\u00e5den. Alla som \u00e4r medlemmar i Svenska J\u00e4garef\u00f6rbundet \u00e4r dock v\u00e4lkomna att s\u00f6ka en plats i kretsjaktlaget. Ungdomar 18-25 har f\u00f6rtur. Regler f\u00f6r nytt medlemskap i Nya Ljungskile [&hellip;]<\/p>\n","protected":false},"author":245,"featured_media":200,"parent":0,"menu_order":0,"comment_status":"closed","ping_status":"closed","template":"","meta":{"footnotes":""},"class_list":["post-197","page","type-page","status-publish","has-post-thumbnail","hentry"],"_links":{"self":[{"href":"https:\/\/krets.jagareforbundet.se\/ljungskile\/wp-json\/wp\/v2\/pages\/197","targetHints":{"allow":["GET"]}}],"collection":[{"href":"https:\/\/krets.jagareforbundet.se\/ljungskile\/wp-json\/wp\/v2\/pages"}],"about":[{"href":"https:\/\/krets.jagareforbundet.se\/ljungskile\/wp-json\/wp\/v2\/types\/page"}],"author":[{"embeddable":true,"href":"https:\/\/krets.jagareforbundet.se\/ljungskile\/wp-json\/wp\/v2\/users\/245"}],"replies":[{"embeddable":true,"href":"https:\/\/krets.jagareforbundet.se\/ljungskile\/wp-json\/wp\/v2\/comments?post=197"}],"version-history":[{"count":2,"href":"https:\/\/krets.jagareforbundet.se\/ljungskile\/wp-json\/wp\/v2\/pages\/197\/revisions"}],"predecessor-version":[{"id":1192,"href":"https:\/\/krets.jagareforbundet.se\/ljungskile\/wp-json\/wp\/v2\/pages\/197\/revisions\/1192"}],"wp:featuredmedia":[{"embeddable":true,"href":"https:\/\/krets.jagareforbundet.se\/ljungskile\/wp-json\/wp\/v2\/media\/200"}],"wp:attachment":[{"href":"https:\/\/krets.jagareforbundet.se\/ljungskile\/wp-json\/wp\/v2\/media?parent=197"}],"curies":[{"name":"wp","href":"https:\/\/api.w.org\/{rel}","templated":true}]}}