{"id":2,"date":"2025-10-10T09:28:43","date_gmt":"2025-10-10T07:28:43","guid":{"rendered":"https:\/\/krets.jagareforbundet.se\/template\/?page_id=2"},"modified":"2026-05-14T18:58:12","modified_gmt":"2026-05-14T16:58:12","slug":"exempelsida","status":"publish","type":"page","link":"https:\/\/krets.jagareforbundet.se\/ljungskile\/","title":{"rendered":""},"content":{"rendered":"<h6>Foto: Mostphotos<\/h6>\n<h1 style=\"text-align: center\"><strong>\u00a0\u00a0\u00a0\u00a0\u00a0<\/strong><strong> V\u00e4lkommen till Nya Ljungskile Jaktv\u00e5rdskrets<br \/>\nEtablerad oktober 2025<\/strong><\/h1>\n<hr \/>\n<pre><strong>Kretsen har tilldelats ett ekonomiskt bidrag p\u00e5 2000:- vid L\u00e4nsf\u00f6reningens st\u00e4mma den 13\/4. Kretsen representerades p\u00e5 st\u00e4mman av Per Andersson Hultgren och Stefan Andersson. \r\nMed p\u00e5 st\u00e4mman var ocks\u00e5 Maria B\u00e4ckman som ing\u00e5r som representant i valberedningen.<\/strong><\/pre>\n<p><a href=\"https:\/\/krets.jagareforbundet.se\/ljungskile\/files\/2026\/04\/Diplom-NLj-e-JVK.pdf\">Diplom<\/a><\/p>\n<hr \/>\n<p>Som ni alla vet s\u00e5 uppl\u00f6stes Ljungskile jaktv\u00e5rdskrets och Lundens skjutbana lades ner v\u00e5ren 2025.<\/p>\n<p>Med stor hj\u00e4lp och st\u00f6ttning fr\u00e5n J\u00e4garf\u00f6rbundets l\u00e4nsf\u00f6rening V\u00e4stra G\u00f6taland V\u00e4st har en interim styrelse f\u00f6r Nya Ljungskile jaktv\u00e5rdskrets drivit nybildandet av f\u00f6reningen och s\u00e4kerst\u00e4llt all formell dokumentation. <span class=\"Apple-converted-space\">\u00a0 \u00a0 \u00a0 \u00a0 \u00a0 \u00a0 \u00a0 \u00a0 \u00a0 \u00a0 \u00a0 \u00a0 \u00a0 \u00a0<\/span><\/p>\n<p><strong>Ny Styrelse valdes p\u00e5 \u00e5rsm\u00f6tet 10\/2 2026 enligt <a href=\"https:\/\/krets.jagareforbundet.se\/ljungskile\/styrelsen\/\" target=\"_blank\" rel=\"noopener\">f\u00f6ljande<\/a>.<\/strong><\/p>\n<p>Alla medlemmar kommer automatiskt att bli medlem i Nya Ljungskile Jaktv\u00e5rdskrets f\u00f6r jakt\u00e5ret 25\/26.<\/p>\n<p>Jaktarrendet fr\u00e5n b\u00e5de Uddevalla kommun och V\u00e4stkuststiftelsen har f\u00f6rhandlats om och \u00e4r tecknade sedan 1 december och kretsens jaktlag \u00e5terupptar nu jakten under \u00e5terst\u00e5ende jakt-\u00e5r.<\/p>\n<p>\u00c4r du intresserad av att bli med i kretsens jaktlag kommer du att kunna anm\u00e4la dig via hemsidan som kommer upp under v\u00e5ren. I skrivande stund \u00e4r jaktlaget fulltaligt.<\/p>\n<p>Dagkort kommer b\u00f6rja s\u00e4ljas igen fr\u00e5n och med 1\/7-26, mer info i senare utskick.<\/p>\n<p><b>Ditt medlemskap i f\u00f6reningen<\/b><b><\/b><\/p>\n<p>Svenska j\u00e4garef\u00f6rbundet skickade ut brev i maj om att f\u00f6rnya medlemskapet. Har du \u00e4nnu inte f\u00e5tt avin f\u00f6r medlemskapet kan den ha kommit till den digitala brevl\u00e5dan. Hittar du den inte kan du kontakta medlemsservice\u00a0020-22 00 10. Din medlemsavgift i Svenska j\u00e4garef\u00f6rbundet f\u00f6rdelas p\u00e5 riksorganisationen, l\u00e4nsf\u00f6reningen och till oss i din lokala jaktv\u00e5rdkrets. Som medlem i Svenska J\u00e4garef\u00f6rbundet f\u00e5r du en rad olika medlemsf\u00f6rm\u00e5ner samtidigt som du bidrar till att s\u00e4kra goda f\u00f6ruts\u00e4ttningar f\u00f6r jakt, viltv\u00e5rd och biologisk m\u00e5ngfald med artrika och livskraftiga viltstammar. L\u00e4s mer h\u00e4r:<a href=\"https:\/\/eur03.safelinks.protection.outlook.com\/?url=https:\/\/jagareforbundet.se\/medlem\/&amp;data=05%257C02%257Csemahs@coloplast.com%257C38749191380c420ba7ea08de3ceaf884%257Cdbbb8b465ce84d5ebaf8bda0d21dce29%257C0%257C0%257C639015177073760951%257CUnknown%257CTWFpbGZsb3d8eyJFbXB0eU1hcGkiOnRydWUsIlYiOiIwLjAuMDAwMCIsIlAiOiJXaW4zMiIsIkFOIjoiTWFpbCIsIldUIjoyfQ==%257C0%257C%257C%257C&amp;sdata=2k+nftvwTx2\/sNbQUo6D74Rp18Rln8X8NmY7ZN1APWE=&amp;reserved=0\">https:\/\/jagareforbundet.se\/medlem\/<\/a><\/p>\n<hr \/>\n<p>Den nya sidan \u00e4r mobilanpassad s\u00e5 det g\u00e5r bra att se hemsidan i\u00a0er telefon om ni s\u00e5 \u00f6nskar.<\/p>\n<p>Kontakta g\u00e4rna mig, Per-Erik, f\u00f6r id\u00e9er, \u00e4ndringar eller om det \u00e4r n\u00e5got ni vill ska l\u00e4ggas ut.<\/p>\n<p>Webbansvarig: Per-Erik Glans, <a href=\"mailto:pererik.glans@gmail.com\">pererik.glans@gmail.com<\/a><\/p>\n<p>&nbsp;<\/p>\n<p style=\"text-align: center\"><strong>Nya Ljungskile jaktv\u00e5rdskrets<\/strong>. Org.nr: 802553-4879\u00a0 Bankgiro: 5200-3316 Epost: <a href=\"mailto:nyaljungskilejvk@gmail.com\">nyaljungskilejvk@gmail.com<\/a><\/p>\n<p style=\"text-align: center\"><em>Samarbetspartner <a href=\"https:\/\/www.ljungskileentreprenad.se\" target=\"_blank\" rel=\"noopener\">Ljungskile Entreprenad<\/a><\/em><\/p>\n<p><a href=\"https:\/\/krets.jagareforbundet.se\/ljungskile\/files\/2026\/05\/logo1400.png\"><img loading=\"lazy\" decoding=\"async\" class=\"aligncenter wp-image-1207 size-medium\" src=\"https:\/\/krets.jagareforbundet.se\/ljungskile\/files\/2026\/05\/logo1400-300x90.png\" alt=\"\" width=\"300\" height=\"90\" srcset=\"https:\/\/krets.jagareforbundet.se\/ljungskile\/files\/2026\/05\/logo1400-300x90.png 300w, https:\/\/krets.jagareforbundet.se\/ljungskile\/files\/2026\/05\/logo1400.png 680w\" sizes=\"auto, (max-width: 300px) 100vw, 300px\" \/><\/a><\/p>\n","protected":false},"excerpt":{"rendered":"<p>Foto: Mostphotos \u00a0\u00a0\u00a0\u00a0\u00a0 V\u00e4lkommen till Nya Ljungskile Jaktv\u00e5rdskrets Etablerad oktober 2025 Kretsen har tilldelats ett ekonomiskt bidrag p\u00e5 2000:- vid L\u00e4nsf\u00f6reningens st\u00e4mma den 13\/4. Kretsen representerades p\u00e5 st\u00e4mman av Per Andersson Hultgren och Stefan Andersson. Med p\u00e5 st\u00e4mman var ocks\u00e5 Maria B\u00e4ckman som ing\u00e5r som representant i valberedningen. Diplom Som ni alla vet s\u00e5 uppl\u00f6stes [&hellip;]<\/p>\n","protected":false},"author":3,"featured_media":1204,"parent":0,"menu_order":0,"comment_status":"open","ping_status":"closed","template":"","meta":{"footnotes":""},"class_list":["post-2","page","type-page","status-publish","has-post-thumbnail","hentry"],"_links":{"self":[{"href":"https:\/\/krets.jagareforbundet.se\/ljungskile\/wp-json\/wp\/v2\/pages\/2","targetHints":{"allow":["GET"]}}],"collection":[{"href":"https:\/\/krets.jagareforbundet.se\/ljungskile\/wp-json\/wp\/v2\/pages"}],"about":[{"href":"https:\/\/krets.jagareforbundet.se\/ljungskile\/wp-json\/wp\/v2\/types\/page"}],"author":[{"embeddable":true,"href":"https:\/\/krets.jagareforbundet.se\/ljungskile\/wp-json\/wp\/v2\/users\/3"}],"replies":[{"embeddable":true,"href":"https:\/\/krets.jagareforbundet.se\/ljungskile\/wp-json\/wp\/v2\/comments?post=2"}],"version-history":[{"count":3,"href":"https:\/\/krets.jagareforbundet.se\/ljungskile\/wp-json\/wp\/v2\/pages\/2\/revisions"}],"predecessor-version":[{"id":1210,"href":"https:\/\/krets.jagareforbundet.se\/ljungskile\/wp-json\/wp\/v2\/pages\/2\/revisions\/1210"}],"wp:featuredmedia":[{"embeddable":true,"href":"https:\/\/krets.jagareforbundet.se\/ljungskile\/wp-json\/wp\/v2\/media\/1204"}],"wp:attachment":[{"href":"https:\/\/krets.jagareforbundet.se\/ljungskile\/wp-json\/wp\/v2\/media?parent=2"}],"curies":[{"name":"wp","href":"https:\/\/api.w.org\/{rel}","templated":true}]}}