{"id":158,"date":"2013-08-29T12:08:13","date_gmt":"2013-08-29T10:08:13","guid":{"rendered":"https:\/\/krets.jagareforbundet.se\/malaro\/?page_id=158"},"modified":"2019-02-18T08:43:20","modified_gmt":"2019-02-18T07:43:20","slug":"eftersoksorganisation","status":"publish","type":"page","link":"https:\/\/krets.jagareforbundet.se\/malaro\/eftersoksorganisation\/","title":{"rendered":"Efters\u00f6ksorganisation"},"content":{"rendered":"<p>&nbsp;<\/p>\n<p><img loading=\"lazy\" decoding=\"async\" class=\"alignnone size-medium wp-image-198\" src=\"https:\/\/krets.jagareforbundet.se\/malaro\/files\/2013\/09\/NVR-logga-300x170.jpg\" alt=\"NVR-logga\" width=\"300\" height=\"170\" srcset=\"https:\/\/krets.jagareforbundet.se\/malaro\/files\/2013\/09\/NVR-logga-300x170.jpg 300w, https:\/\/krets.jagareforbundet.se\/malaro\/files\/2013\/09\/NVR-logga.jpg 440w\" sizes=\"auto, (max-width: 300px) 100vw, 300px\" \/><\/p>\n<p>&#8212;&#8212;&#8212;&#8212;&#8212;&#8212;&#8212;&#8212;&#8212;&#8212;&#8212;&#8212;&#8212;&#8212;&#8212;&#8212;&#8212;&#8212;&#8212;&#8212;&#8212;&#8212;&#8212;&#8212;&#8212;&#8212;&#8212;&#8212;&#8212;&#8212;&#8212;&#8212;&#8212;&#8212;&#8212;&#8212;&#8212;&#8212;&#8212;&#8212;&#8212;&#8212;&#8212;&#8212;-<\/p>\n<p>H\u00e4r kan du h\u00e4mta en powerpoint med statistik av viltolyckor f\u00f6r 2018<\/p>\n<p><a href=\"https:\/\/krets.jagareforbundet.se\/malaro\/files\/2019\/02\/viltolyckor-2018.pptx\">VILTOLYCKOR 2018<\/a><\/p>\n","protected":false},"excerpt":{"rendered":"<p>&nbsp; &#8212;&#8212;&#8212;&#8212;&#8212;&#8212;&#8212;&#8212;&#8212;&#8212;&#8212;&#8212;&#8212;&#8212;&#8212;&#8212;&#8212;&#8212;&#8212;&#8212;&#8212;&#8212;&#8212;&#8212;&#8212;&#8212;&#8212;&#8212;&#8212;&#8212;&#8212;&#8212;&#8212;&#8212;&#8212;&#8212;&#8212;&#8212;&#8212;&#8212;&#8212;&#8212;&#8212;&#8212;- H\u00e4r kan du h\u00e4mta en powerpoint med statistik av viltolyckor f\u00f6r 2018 VILTOLYCKOR 2018<\/p>\n","protected":false},"author":100,"featured_media":0,"parent":0,"menu_order":0,"comment_status":"open","ping_status":"open","template":"","meta":{"footnotes":""},"class_list":["post-158","page","type-page","status-publish","hentry"],"_links":{"self":[{"href":"https:\/\/krets.jagareforbundet.se\/malaro\/wp-json\/wp\/v2\/pages\/158","targetHints":{"allow":["GET"]}}],"collection":[{"href":"https:\/\/krets.jagareforbundet.se\/malaro\/wp-json\/wp\/v2\/pages"}],"about":[{"href":"https:\/\/krets.jagareforbundet.se\/malaro\/wp-json\/wp\/v2\/types\/page"}],"author":[{"embeddable":true,"href":"https:\/\/krets.jagareforbundet.se\/malaro\/wp-json\/wp\/v2\/users\/100"}],"replies":[{"embeddable":true,"href":"https:\/\/krets.jagareforbundet.se\/malaro\/wp-json\/wp\/v2\/comments?post=158"}],"version-history":[{"count":1,"href":"https:\/\/krets.jagareforbundet.se\/malaro\/wp-json\/wp\/v2\/pages\/158\/revisions"}],"predecessor-version":[{"id":419,"href":"https:\/\/krets.jagareforbundet.se\/malaro\/wp-json\/wp\/v2\/pages\/158\/revisions\/419"}],"wp:attachment":[{"href":"https:\/\/krets.jagareforbundet.se\/malaro\/wp-json\/wp\/v2\/media?parent=158"}],"curies":[{"name":"wp","href":"https:\/\/api.w.org\/{rel}","templated":true}]}}