{"id":2,"date":"2013-06-01T09:28:43","date_gmt":"2013-06-01T07:28:43","guid":{"rendered":"https:\/\/krets.jagareforbundet.se\/template\/?page_id=2"},"modified":"2023-02-06T22:01:01","modified_gmt":"2023-02-06T21:01:01","slug":"valkommen-till-malaro-jaktvardskrets","status":"publish","type":"page","link":"https:\/\/krets.jagareforbundet.se\/malaro\/","title":{"rendered":"M\u00e4lar\u00f6 Jaktv\u00e5rdskrets MJVK"},"content":{"rendered":"<h4>Detta \u00e4r M\u00e4lar\u00f6 Jaktv\u00e5rdskrets mindre aktiva kretsflik som uppdateras ideellt i m\u00e5n av tid<br \/>\n&#8211; N\u00e5 oss ist\u00e4llet via <strong><a href=\"http:\/\/www.facebook.com\/groups\/mjvk.offentlig\"><span style=\"color: #0000ff\">Facebook<\/span><\/a><\/strong> eller <span style=\"color: #0000ff\"><strong><a style=\"color: #0000ff\" href=\"mailto:info@mjvk.se\">info@mjvk.se<\/a><\/strong><\/span>!<\/h4>\n<h3><\/h3>\n<p>&nbsp;<\/p>\n<h3>Inbjudan till \u00e5rsm\u00f6ten, viltr\u00e5d och aktiviteter<\/h3>\n<p><span style=\"text-decoration: underline\">Skickas till din registrerade mailadress<\/span> (Bytt mailadress? Uppdatera sj\u00e4lv via medlem@jagareforbundet.se)<span style=\"color: #ff0000\"><br \/>\n<\/span><span style=\"color: #000000\">Delta i diskussionerna i <span style=\"color: #0000ff\"><a style=\"color: #0000ff\" href=\"https:\/\/www.facebook.com\/groups\/mjvk.medlemmar\">Facebookgruppen f\u00f6r medlemmar<\/a><\/span><\/span><\/p>\n<p>&nbsp;<\/p>\n<p>&nbsp;<\/p>\n<p><strong>M\u00e4lar\u00f6 jaktv\u00e5rdskrets \u00e4r fr\u00e5n 2020 fr\u00e4mst aktiva p\u00e5 Facebook:<\/strong><\/p>\n<p>-M\u00e4lar\u00f6 Jaktv\u00e5rdskrets grupp ut\u00e5t f\u00f6r allm\u00e4nheten: <span style=\"color: #3366ff\"><strong><a style=\"color: #3366ff\" href=\"http:\/\/www.facebook.com\/groups\/mjvk.offentlig\">www.facebook.com\/groups\/mjvk.offentlig<\/a><\/strong><\/span><\/p>\n<p>-M\u00e4lar\u00f6 Jaktv\u00e5rdskrets f\u00f6r betalande medlemmar: <span style=\"color: #3366ff\"><strong><a style=\"color: #3366ff\" href=\"http:\/\/www.facebook.com\/groups\/mjvk.medlemmar\">www.facebook.com\/groups\/mjvk.medlemmar<\/a><\/strong><\/span><\/p>\n<h3>Betalande medlem men saknar v\u00e5ra utskick?<\/h3>\n<p>S\u00e4kerst\u00e4ll f\u00f6rst att <span style=\"text-decoration: underline\">r\u00e4tt mailadress<\/span> angetts till <span style=\"color: #0000ff\"><a style=\"color: #0000ff\" href=\"https:\/\/jagareforbundet.se\/medlem\/medlemsservice\">medlemsservice!<\/a><\/span><br \/>\nAlla utskick baseras p\u00e5 deras uppgifter om betalande medlemmar.<\/p>\n<p>Du kan d\u00e4refter ocks\u00e5 <a href=\"http:\/\/eepurl.com\/gDy8e1\"><span style=\"color: #0000ff\">klicka h\u00e4r f\u00f6r att ange din mailadress manuellt<\/span><\/a>.<\/p>\n<p>\/Styrelsen i MJVK 2020, genom David Roos<\/p>\n<p>&nbsp;<\/p>\n","protected":false},"excerpt":{"rendered":"<p>Detta \u00e4r M\u00e4lar\u00f6 Jaktv\u00e5rdskrets mindre aktiva kretsflik som uppdateras ideellt i m\u00e5n av tid &#8211; N\u00e5 oss ist\u00e4llet via Facebook eller info@mjvk.se! &nbsp; Inbjudan till \u00e5rsm\u00f6ten, viltr\u00e5d och aktiviteter Skickas till din registrerade mailadress (Bytt mailadress? Uppdatera sj\u00e4lv via medlem@jagareforbundet.se) Delta i diskussionerna i Facebookgruppen f\u00f6r medlemmar &nbsp; &nbsp; M\u00e4lar\u00f6 jaktv\u00e5rdskrets \u00e4r fr\u00e5n 2020 fr\u00e4mst [&hellip;]<\/p>\n","protected":false},"author":100,"featured_media":0,"parent":0,"menu_order":2,"comment_status":"open","ping_status":"closed","template":"","meta":{"footnotes":""},"class_list":["post-2","page","type-page","status-publish","hentry"],"_links":{"self":[{"href":"https:\/\/krets.jagareforbundet.se\/malaro\/wp-json\/wp\/v2\/pages\/2","targetHints":{"allow":["GET"]}}],"collection":[{"href":"https:\/\/krets.jagareforbundet.se\/malaro\/wp-json\/wp\/v2\/pages"}],"about":[{"href":"https:\/\/krets.jagareforbundet.se\/malaro\/wp-json\/wp\/v2\/types\/page"}],"author":[{"embeddable":true,"href":"https:\/\/krets.jagareforbundet.se\/malaro\/wp-json\/wp\/v2\/users\/100"}],"replies":[{"embeddable":true,"href":"https:\/\/krets.jagareforbundet.se\/malaro\/wp-json\/wp\/v2\/comments?post=2"}],"version-history":[{"count":4,"href":"https:\/\/krets.jagareforbundet.se\/malaro\/wp-json\/wp\/v2\/pages\/2\/revisions"}],"predecessor-version":[{"id":563,"href":"https:\/\/krets.jagareforbundet.se\/malaro\/wp-json\/wp\/v2\/pages\/2\/revisions\/563"}],"wp:attachment":[{"href":"https:\/\/krets.jagareforbundet.se\/malaro\/wp-json\/wp\/v2\/media?parent=2"}],"curies":[{"name":"wp","href":"https:\/\/api.w.org\/{rel}","templated":true}]}}