{"id":235,"date":"2013-10-08T21:07:47","date_gmt":"2013-10-08T19:07:47","guid":{"rendered":"https:\/\/krets.jagareforbundet.se\/malaro\/?page_id=235"},"modified":"2020-02-12T14:33:38","modified_gmt":"2020-02-12T13:33:38","slug":"protokoll","status":"publish","type":"page","link":"https:\/\/krets.jagareforbundet.se\/malaro\/protokoll\/","title":{"rendered":"Protokoll"},"content":{"rendered":"<p><a href=\"https:\/\/krets.jagareforbundet.se\/malaro\/files\/2020\/02\/mjvk-protokoll-arsmote-2019.pdf\" target=\"_blank\" rel=\"noopener noreferrer\">Protokoll f\u00f6rt vid MJVKs \u00e5rsm\u00f6te 2019\u00a0<\/a><br \/>\n<a href=\"https:\/\/krets.jagareforbundet.se\/malaro\/files\/2018\/02\/mjvk-protokoll-arsmote-2018.pdf\">Protokoll f\u00f6rt vid MJVKs \u00e5rsm\u00f6te 2018<\/a><\/p>\n<p><span style=\"color: #0000ff\"><a href=\"https:\/\/krets.jagareforbundet.se\/malaro\/files\/2017\/12\/arsmotesprotokoll-mjvk-feb-17.pdf\">Protokoll f\u00f6rt vid MJVKs \u00e5rsm\u00f6te 2017<\/a><br \/>\n<\/span><span style=\"color: #0000ff\"><a style=\"color: #0000ff\" href=\"https:\/\/krets.jagareforbundet.se\/malaro\/files\/2017\/01\/mjvk-arsmotesprotokoll-2016-02-09.pdf\">Protokoll f\u00f6rt vid MJVKs \u00e5rsm\u00f6te 2016<\/a><a style=\"color: #0000ff\" href=\"https:\/\/krets.jagareforbundet.se\/malaro\/files\/2016\/08\/arsmotesprotokoll-mjvk-2015.pdf\"><br \/>\nProtokoll f\u00f6rt vid MJVKs \u00e5rsm\u00f6te 2015<\/a><br \/>\n<a style=\"color: #0000ff\" href=\"https:\/\/krets.jagareforbundet.se\/malaro\/files\/2014\/04\/\u00c5rsm\u00f6tesprotokoll-2014.pdf\">Protokoll f\u00f6rt vid MJVKs \u00e5rsm\u00f6te 2014<\/a><br \/>\n<a style=\"color: #0000ff\" href=\"https:\/\/krets.jagareforbundet.se\/malaro\/files\/2013\/10\/\u00c5rsm\u00f6tesprot.-MJVK-2013.pdf\">Protokoll f\u00f6rt vid MJVKs \u00e5rsm\u00f6te 2013<\/a><br \/>\n<a style=\"color: #0000ff\" href=\"https:\/\/krets.jagareforbundet.se\/malaro\/files\/2013\/10\/Protokoll-\u00e5rsm\u00f6te-2012.pdf\">Protokoll f\u00f6rt vid MJVKs \u00e5rsm\u00f6te 2012<\/a><\/span><br \/>\n<span style=\"color: #0000ff\"> <a style=\"color: #0000ff\" href=\"https:\/\/krets.jagareforbundet.se\/malaro\/files\/2013\/10\/Protokoll-f\u00f6rt-vid-MJVKs-\u00e5rsm\u00f6te-2011.pdf\">Protokoll f\u00f6rt vid MJVKs \u00e5rsm\u00f6te 2011<\/a><\/span><br \/>\n<span style=\"color: #0000ff\"> <a style=\"color: #0000ff\" href=\"https:\/\/krets.jagareforbundet.se\/malaro\/files\/2013\/10\/Protokoll-f\u00f6rt-vid-MJVKs-\u00e5rsm\u00f6te-2010.pdf\">Protokoll f\u00f6rt vid MJVKs \u00e5rsm\u00f6te 2010<\/a><\/span><br \/>\n<span style=\"color: #0000ff\"> <a style=\"color: #0000ff\" href=\"https:\/\/krets.jagareforbundet.se\/malaro\/files\/2013\/10\/Protokoll-f\u00f6rt-vid-MJVKs-\u00e5rsm\u00f6te-2009.pdf\">Protokoll f\u00f6rt vid MJVKs \u00e5rsm\u00f6te 2009<\/a><\/span><\/p>\n<p><span style=\"color: #0000ff\"><a style=\"color: #0000ff\" href=\"https:\/\/krets.jagareforbundet.se\/malaro\/files\/2016\/08\/mjvk-verksamhetsberattelse-for-2015.pdf\">MJVK verksamhets och f\u00f6rvaltningsber\u00e4ttelse f\u00f6r 2015<\/a><br \/>\n<a style=\"color: #0000ff\" href=\"https:\/\/krets.jagareforbundet.se\/malaro\/files\/2016\/08\/mjvk-verksamhets-for-2014.pdf\">MJVK verksamhets och f\u00f6rvaltningsber\u00e4ttelse f\u00f6r 2014<\/a><br \/>\n<a style=\"color: #0000ff\" href=\"https:\/\/krets.jagareforbundet.se\/malaro\/files\/2014\/02\/MJVK-verksamhets-och-f\u00f6rvaltningsber\u00e4ttelse-f\u00f6r-2013.pdf\">MJVK verksamhets och f\u00f6rvaltningsber\u00e4ttelse f\u00f6r 2013<\/a><br \/>\n<a style=\"line-height: 1.5;color: #0000ff\" href=\"https:\/\/krets.jagareforbundet.se\/malaro\/files\/2013\/10\/MJVK-verksamhets-och-f\u00f6rvaltningsber\u00e4ttelse-f\u00f6r-2012.pdf\">MJVK verksamhets och f\u00f6rvaltningsber\u00e4ttelse f\u00f6r 2012<br \/>\n<\/a><a style=\"line-height: 1.5em;color: #0000ff\" href=\"https:\/\/krets.jagareforbundet.se\/malaro\/files\/2013\/10\/MJVKverksamhets-och-f\u00f6rvaltningsber\u00e4ttelse-f\u00f6r-2011.pdf\">MJVKverksamhets och f\u00f6rvaltningsber\u00e4ttelse f\u00f6r 2011<br \/>\n<\/a><a style=\"line-height: 1.5em;color: #0000ff\" href=\"https:\/\/krets.jagareforbundet.se\/malaro\/files\/2013\/10\/MJVK-verksamhets-och-f\u00f6rvaltningsber\u00e4ttelse-2010.pdf\">MJVK verksamhets och f\u00f6rvaltningsber\u00e4ttelse 2010<br \/>\n<\/a><a style=\"line-height: 1.5em;color: #0000ff\" href=\"https:\/\/krets.jagareforbundet.se\/malaro\/files\/2013\/10\/MJVK-verksamhets-och-f\u00f6rvaltningsber\u00e4ttelse-2009.pdf\">MJVK verksamhets och f\u00f6rvaltningsber\u00e4ttelse 2009<br \/>\n<\/a><a style=\"line-height: 1.5em;color: #0000ff\" href=\"https:\/\/krets.jagareforbundet.se\/malaro\/files\/2013\/10\/MJVK-verksamhets-och-f\u00f6rvaltningsber\u00e4ttelse-2008.pdf\">MJVK verksamhets och f\u00f6rvaltningsber\u00e4ttelse 2008<br \/>\n<\/a><a style=\"line-height: 1.5em;color: #0000ff\" href=\"https:\/\/krets.jagareforbundet.se\/malaro\/files\/2013\/10\/MJVK-verksamhets-och-f\u00f6rvaltningsber\u00e4ttelse-2007.pdf\">MJVK verksamhets och f\u00f6rvaltningsber\u00e4ttelse 2007<\/a><\/span><\/p>\n<p><span style=\"color: #0000ff\">\u00a0<\/span><\/p>\n","protected":false},"excerpt":{"rendered":"<p>Protokoll f\u00f6rt vid MJVKs \u00e5rsm\u00f6te 2019\u00a0 Protokoll f\u00f6rt vid MJVKs \u00e5rsm\u00f6te 2018 Protokoll f\u00f6rt vid MJVKs \u00e5rsm\u00f6te 2017 Protokoll f\u00f6rt vid MJVKs \u00e5rsm\u00f6te 2016 Protokoll f\u00f6rt vid MJVKs \u00e5rsm\u00f6te 2015 Protokoll f\u00f6rt vid MJVKs \u00e5rsm\u00f6te 2014 Protokoll f\u00f6rt vid MJVKs \u00e5rsm\u00f6te 2013 Protokoll f\u00f6rt vid MJVKs \u00e5rsm\u00f6te 2012 Protokoll f\u00f6rt vid MJVKs \u00e5rsm\u00f6te 2011 Protokoll [&hellip;]<\/p>\n","protected":false},"author":100,"featured_media":0,"parent":0,"menu_order":0,"comment_status":"open","ping_status":"open","template":"","meta":{"footnotes":""},"class_list":["post-235","page","type-page","status-publish","hentry"],"_links":{"self":[{"href":"https:\/\/krets.jagareforbundet.se\/malaro\/wp-json\/wp\/v2\/pages\/235","targetHints":{"allow":["GET"]}}],"collection":[{"href":"https:\/\/krets.jagareforbundet.se\/malaro\/wp-json\/wp\/v2\/pages"}],"about":[{"href":"https:\/\/krets.jagareforbundet.se\/malaro\/wp-json\/wp\/v2\/types\/page"}],"author":[{"embeddable":true,"href":"https:\/\/krets.jagareforbundet.se\/malaro\/wp-json\/wp\/v2\/users\/100"}],"replies":[{"embeddable":true,"href":"https:\/\/krets.jagareforbundet.se\/malaro\/wp-json\/wp\/v2\/comments?post=235"}],"version-history":[{"count":2,"href":"https:\/\/krets.jagareforbundet.se\/malaro\/wp-json\/wp\/v2\/pages\/235\/revisions"}],"predecessor-version":[{"id":515,"href":"https:\/\/krets.jagareforbundet.se\/malaro\/wp-json\/wp\/v2\/pages\/235\/revisions\/515"}],"wp:attachment":[{"href":"https:\/\/krets.jagareforbundet.se\/malaro\/wp-json\/wp\/v2\/media?parent=235"}],"curies":[{"name":"wp","href":"https:\/\/api.w.org\/{rel}","templated":true}]}}