{"id":28,"date":"2011-09-09T08:06:13","date_gmt":"2011-09-09T08:06:13","guid":{"rendered":"https:\/\/krets.jagareforbundet.se\/template\/?page_id=28"},"modified":"2025-11-03T21:55:45","modified_gmt":"2025-11-03T20:55:45","slug":"kontakta-oss","status":"publish","type":"page","link":"https:\/\/krets.jagareforbundet.se\/malaro\/kontakta-oss\/","title":{"rendered":"Kontakta oss"},"content":{"rendered":"<p>Fyll i formul\u00e4ret nedan f\u00f6r att komma i kontakt med oss i kretsstyrelsen.<\/p>\n<p>Mail besvaras i m\u00e5n av tid veckovis.<\/p>\n<p>Ordf\u00f6rande, Jenny S\u00f6derberg<\/p>\n","protected":false},"excerpt":{"rendered":"<p>Fyll i formul\u00e4ret nedan f\u00f6r att komma i kontakt med oss i kretsstyrelsen. Mail besvaras i m\u00e5n av tid veckovis. Ordf\u00f6rande, Jenny S\u00f6derberg<\/p>\n","protected":false},"author":3,"featured_media":0,"parent":0,"menu_order":2,"comment_status":"open","ping_status":"open","template":"template-contact.php","meta":{"footnotes":""},"class_list":["post-28","page","type-page","status-publish","hentry"],"_links":{"self":[{"href":"https:\/\/krets.jagareforbundet.se\/malaro\/wp-json\/wp\/v2\/pages\/28","targetHints":{"allow":["GET"]}}],"collection":[{"href":"https:\/\/krets.jagareforbundet.se\/malaro\/wp-json\/wp\/v2\/pages"}],"about":[{"href":"https:\/\/krets.jagareforbundet.se\/malaro\/wp-json\/wp\/v2\/types\/page"}],"author":[{"embeddable":true,"href":"https:\/\/krets.jagareforbundet.se\/malaro\/wp-json\/wp\/v2\/users\/3"}],"replies":[{"embeddable":true,"href":"https:\/\/krets.jagareforbundet.se\/malaro\/wp-json\/wp\/v2\/comments?post=28"}],"version-history":[{"count":3,"href":"https:\/\/krets.jagareforbundet.se\/malaro\/wp-json\/wp\/v2\/pages\/28\/revisions"}],"predecessor-version":[{"id":570,"href":"https:\/\/krets.jagareforbundet.se\/malaro\/wp-json\/wp\/v2\/pages\/28\/revisions\/570"}],"wp:attachment":[{"href":"https:\/\/krets.jagareforbundet.se\/malaro\/wp-json\/wp\/v2\/media?parent=28"}],"curies":[{"name":"wp","href":"https:\/\/api.w.org\/{rel}","templated":true}]}}