{"id":384,"date":"2016-01-18T19:45:10","date_gmt":"2016-01-18T18:45:10","guid":{"rendered":"https:\/\/krets.jagareforbundet.se\/malaro\/?page_id=384"},"modified":"2017-02-13T20:33:35","modified_gmt":"2017-02-13T19:33:35","slug":"arsmote-2016","status":"publish","type":"page","link":"https:\/\/krets.jagareforbundet.se\/malaro\/valkommen-till-malaro-jaktvardskrets\/arsmote-2016\/","title":{"rendered":"\u00c5rsm\u00f6te 2017"},"content":{"rendered":"<p>2017-01-30<\/p>\n<h4>H\u00e4rmed inbjuds alla medlemmar att delta i M\u00e4lar\u00f6arnas Jaktv\u00e5rdskrets \u00e5rsm\u00f6te!<\/h4>\n<p><strong>Tid<\/strong>: Tisdagen den 14 februari (som vanligt den andra tisdagen i februari!) kl 19:00<\/p>\n<p><strong>Plats<\/strong>: N\u00e4rlundaskolans matsal<\/p>\n<p><strong>M\u00f6teshandlingar<\/strong>:<br \/>\n<a href=\"https:\/\/krets.jagareforbundet.se\/malaro\/files\/2017\/02\/valberedningens-forslag.pdf\" target=\"_blank\">Valberedningens f\u00f6rslag<\/a><br \/>\n<a href=\"https:\/\/krets.jagareforbundet.se\/malaro\/files\/2017\/02\/dagordning-2017.pdf\" target=\"_blank\">Dagordning &#8211; 2017<\/a><br \/>\n<a href=\"https:\/\/krets.jagareforbundet.se\/malaro\/files\/2017\/01\/kallelse-2017.pdf\" target=\"_blank\">Kallelse 2017<br \/>\n<\/a><a href=\"https:\/\/krets.jagareforbundet.se\/malaro\/files\/2017\/01\/mjvk-verksamhetsberattelse-for-2016.pdf\" target=\"_blank\">MJVK verksamhetsber\u00e4ttelse f\u00f6r 2016<\/a><a href=\"https:\/\/krets.jagareforbundet.se\/malaro\/files\/2017\/01\/kallelse-2017.pdf\"><br \/>\n<\/a><a href=\"https:\/\/krets.jagareforbundet.se\/malaro\/files\/2017\/01\/stadgar-for-krets-malaroarana-2013-.pdf\" target=\"_blank\">Stadgar 2013-<br \/>\n<\/a><a href=\"https:\/\/krets.jagareforbundet.se\/malaro\/files\/2017\/01\/mjvk-arsmotesprotokoll-2016-02-09.pdf\" target=\"_blank\">F\u00f6reg\u00e5ende \u00e5rsm\u00f6tesprotokoll (2016)<\/a><\/p>\n<p>Vi vill ocks\u00e5 p\u00e5minna om att ta med kontanter till lotteriet!<\/p>\n<p>Kretsen bjuder p\u00e5 kaffe och kaka!<\/p>\n<p>V\u00e4lkomna h\u00e4lsar styrelsen!<\/p>\n<p>&nbsp;<\/p>\n","protected":false},"excerpt":{"rendered":"<p>2017-01-30 H\u00e4rmed inbjuds alla medlemmar att delta i M\u00e4lar\u00f6arnas Jaktv\u00e5rdskrets \u00e5rsm\u00f6te! Tid: Tisdagen den 14 februari (som vanligt den andra tisdagen i februari!) kl 19:00 Plats: N\u00e4rlundaskolans matsal M\u00f6teshandlingar: Valberedningens f\u00f6rslag Dagordning &#8211; 2017 Kallelse 2017 MJVK verksamhetsber\u00e4ttelse f\u00f6r 2016 Stadgar 2013- F\u00f6reg\u00e5ende \u00e5rsm\u00f6tesprotokoll (2016) Vi vill ocks\u00e5 p\u00e5minna om att ta med kontanter till [&hellip;]<\/p>\n","protected":false},"author":100,"featured_media":0,"parent":2,"menu_order":0,"comment_status":"closed","ping_status":"closed","template":"","meta":{"footnotes":""},"class_list":["post-384","page","type-page","status-publish","hentry"],"_links":{"self":[{"href":"https:\/\/krets.jagareforbundet.se\/malaro\/wp-json\/wp\/v2\/pages\/384","targetHints":{"allow":["GET"]}}],"collection":[{"href":"https:\/\/krets.jagareforbundet.se\/malaro\/wp-json\/wp\/v2\/pages"}],"about":[{"href":"https:\/\/krets.jagareforbundet.se\/malaro\/wp-json\/wp\/v2\/types\/page"}],"author":[{"embeddable":true,"href":"https:\/\/krets.jagareforbundet.se\/malaro\/wp-json\/wp\/v2\/users\/100"}],"replies":[{"embeddable":true,"href":"https:\/\/krets.jagareforbundet.se\/malaro\/wp-json\/wp\/v2\/comments?post=384"}],"version-history":[{"count":1,"href":"https:\/\/krets.jagareforbundet.se\/malaro\/wp-json\/wp\/v2\/pages\/384\/revisions"}],"predecessor-version":[{"id":393,"href":"https:\/\/krets.jagareforbundet.se\/malaro\/wp-json\/wp\/v2\/pages\/384\/revisions\/393"}],"up":[{"embeddable":true,"href":"https:\/\/krets.jagareforbundet.se\/malaro\/wp-json\/wp\/v2\/pages\/2"}],"wp:attachment":[{"href":"https:\/\/krets.jagareforbundet.se\/malaro\/wp-json\/wp\/v2\/media?parent=384"}],"curies":[{"name":"wp","href":"https:\/\/api.w.org\/{rel}","templated":true}]}}