{"id":433,"date":"2017-01-11T20:41:48","date_gmt":"2017-01-11T19:41:48","guid":{"rendered":"https:\/\/krets.jagareforbundet.se\/malaro\/?page_id=433"},"modified":"2017-01-11T20:41:48","modified_gmt":"2017-01-11T19:41:48","slug":"stadgar","status":"publish","type":"page","link":"https:\/\/krets.jagareforbundet.se\/malaro\/stadgar\/","title":{"rendered":"Stadgar"},"content":{"rendered":"<p>F\u00f6reningens stadgar som antogs p\u00e5 \u00e5rsm\u00f6tet 2013 och g\u00e4ller tillsvidare \u00e5terfinns under f\u00f6ljande l\u00e4nk:\u00a0<a href=\"https:\/\/krets.jagareforbundet.se\/malaro\/files\/2017\/01\/stadgar-for-krets-malaroarana-2013-.pdf\">Stadgar 2013-<\/a><\/p>\n","protected":false},"excerpt":{"rendered":"<p>F\u00f6reningens stadgar som antogs p\u00e5 \u00e5rsm\u00f6tet 2013 och g\u00e4ller tillsvidare \u00e5terfinns under f\u00f6ljande l\u00e4nk:\u00a0Stadgar 2013-<\/p>\n","protected":false},"author":100,"featured_media":0,"parent":0,"menu_order":0,"comment_status":"closed","ping_status":"closed","template":"","meta":{"footnotes":""},"class_list":["post-433","page","type-page","status-publish","hentry"],"_links":{"self":[{"href":"https:\/\/krets.jagareforbundet.se\/malaro\/wp-json\/wp\/v2\/pages\/433","targetHints":{"allow":["GET"]}}],"collection":[{"href":"https:\/\/krets.jagareforbundet.se\/malaro\/wp-json\/wp\/v2\/pages"}],"about":[{"href":"https:\/\/krets.jagareforbundet.se\/malaro\/wp-json\/wp\/v2\/types\/page"}],"author":[{"embeddable":true,"href":"https:\/\/krets.jagareforbundet.se\/malaro\/wp-json\/wp\/v2\/users\/100"}],"replies":[{"embeddable":true,"href":"https:\/\/krets.jagareforbundet.se\/malaro\/wp-json\/wp\/v2\/comments?post=433"}],"version-history":[{"count":0,"href":"https:\/\/krets.jagareforbundet.se\/malaro\/wp-json\/wp\/v2\/pages\/433\/revisions"}],"wp:attachment":[{"href":"https:\/\/krets.jagareforbundet.se\/malaro\/wp-json\/wp\/v2\/media?parent=433"}],"curies":[{"name":"wp","href":"https:\/\/api.w.org\/{rel}","templated":true}]}}