{"id":162,"date":"2014-02-12T10:24:57","date_gmt":"2014-02-12T09:24:57","guid":{"rendered":"https:\/\/krets.jagareforbundet.se\/mariestad-toreboda\/?page_id=162"},"modified":"2026-02-22T19:41:17","modified_gmt":"2026-02-22T18:41:17","slug":"arsmotesprotokoll","status":"publish","type":"page","link":"https:\/\/krets.jagareforbundet.se\/mariestad-toreboda\/arsmotesprotokoll\/","title":{"rendered":"\u00c5rsm\u00f6tesprotokoll"},"content":{"rendered":"<p><a href=\"https:\/\/krets.jagareforbundet.se\/mariestad-toreboda\/files\/2026\/02\/MTJVK-Arsmotesprotokoll-2026.doc\">MTJVK \u00c5rsm\u00f6tesprotokoll 2026<\/a><\/p>\n<p><a href=\"https:\/\/krets.jagareforbundet.se\/mariestad-toreboda\/files\/2025\/03\/MTJVK-Arsmotesprotokoll-2025.doc\">MTJVK \u00c5rsm\u00f6tesprotokoll 2025<\/a><\/p>\n<p><a href=\"https:\/\/krets.jagareforbundet.se\/mariestad-toreboda\/files\/2024\/02\/MTJVK-Arsmotes-protokoll-2024.doc\">MTJVK \u00c5rsm\u00f6tes protokoll 2024<\/a><br \/>\n<a href=\"https:\/\/krets.jagareforbundet.se\/mariestad-toreboda\/files\/2023\/02\/MTJVK_arsmote_2023.doc\">MTJVK_\u00e5rsm\u00f6te_2023<\/a><br \/>\n<a href=\"https:\/\/krets.jagareforbundet.se\/mariestad-toreboda\/files\/2022\/02\/MTJVK_arsmote_2022.doc\">MTJVK_\u00e5rsm\u00f6te_2022<\/a><br \/>\n<a href=\"https:\/\/krets.jagareforbundet.se\/mariestad-toreboda\/files\/2021\/02\/MTJVK_arsmotesprotokoll_2021.doc\">MTJVK_\u00e5rsm\u00f6tesprotokoll_2021<\/a><br \/>\n<a href=\"https:\/\/krets.jagareforbundet.se\/mariestad-toreboda\/files\/2020\/03\/MTJVK_\u00e5rsm\u00f6te_2020ny.doc\">MTJVK_\u00e5rsm\u00f6te_2020<\/a><br \/>\n<a href=\"https:\/\/krets.jagareforbundet.se\/mariestad-toreboda\/files\/2019\/03\/mtjvk_arsmote_2019.doc\">MTJVK_\u00e5rsm\u00f6te_2019<\/a><br \/>\n<a href=\"https:\/\/krets.jagareforbundet.se\/mariestad-toreboda\/files\/2018\/03\/mtjvk_arsmote_2018.doc\">MTJVK_\u00e5rsm\u00f6te_2018<br \/>\n<\/a><a href=\"https:\/\/krets.jagareforbundet.se\/mariestad-toreboda\/files\/2017\/03\/mtjvk_arsmote_2017-003.doc\">MTJVK_\u00e5rsm\u00f6te_2017 (003)<\/a><a href=\"https:\/\/krets.jagareforbundet.se\/mariestad-toreboda\/files\/2016\/04\/mtjvk_arsmote_2016.doc\"><br \/>\nMTJVK_\u00e5rsm\u00f6te_2016<\/a><a href=\"https:\/\/krets.jagareforbundet.se\/mariestad-toreboda\/files\/2015\/04\/MTJVK_\u00e5rsm\u00f6te_2015-3.doc\"><br \/>\nMTJVK_\u00e5rsm\u00f6te_2015 (3)<\/a><a href=\"https:\/\/krets.jagareforbundet.se\/mariestad-toreboda\/files\/2014\/02\/MTJVK-\u00e5rsm\u00f6te-2014.doc\"><br \/>\nMTJVK \u00e5rsm\u00f6te 2014<\/a><br \/>\n<a href=\"https:\/\/krets.jagareforbundet.se\/mariestad-toreboda\/files\/2014\/02\/MTJVK-\u00e5rsm\u00f6te-2013-2.doc\">MTJVK \u00e5rsm\u00f6te 2013 (2)<\/a><br \/>\n<a href=\"https:\/\/krets.jagareforbundet.se\/mariestad-toreboda\/files\/2014\/02\/MTJVK-\u00e5rsm\u00f6te-2012-2.doc\">MTJVK \u00e5rsm\u00f6te 2012 (2)<\/a><a href=\"https:\/\/krets.jagareforbundet.se\/mariestad-toreboda\/files\/2014\/02\/MTJVK-\u00e5rsm\u00f6te-2003.doc\"><br \/>\n<\/a><a href=\"https:\/\/krets.jagareforbundet.se\/mariestad-toreboda\/files\/2014\/02\/MTJVK-\u00e5rsm\u00f6te-2011.doc\">MTJVK \u00e5rsm\u00f6te 2011<\/a><br \/>\n<a href=\"https:\/\/krets.jagareforbundet.se\/mariestad-toreboda\/files\/2014\/02\/MTJVK-\u00e5rsm\u00f6te-2003.doc\">MTJVK \u00e5rsm\u00f6te 2003<\/a><br \/>\n<a href=\"https:\/\/krets.jagareforbundet.se\/mariestad-toreboda\/files\/2014\/02\/MTJVK-\u00e5rsm\u00f6te-2004.doc\">MTJVK \u00e5rsm\u00f6te 2004<\/a><br \/>\n<a href=\"https:\/\/krets.jagareforbundet.se\/mariestad-toreboda\/files\/2014\/02\/MTJVK-\u00e5rsm\u00f6te-2005.doc\">MTJVK \u00e5rsm\u00f6te 2005<\/a><br \/>\n<a href=\"https:\/\/krets.jagareforbundet.se\/mariestad-toreboda\/files\/2014\/02\/MTJVK-\u00e5rsm\u00f6te-2006.doc\">MTJVK \u00e5rsm\u00f6te 2006<\/a><br \/>\n<a href=\"https:\/\/krets.jagareforbundet.se\/mariestad-toreboda\/files\/2014\/02\/MTJVK-\u00e5rsm\u00f6te-2007.doc\">MTJVK \u00e5rsm\u00f6te 2007 <\/a><br \/>\n<a href=\"https:\/\/krets.jagareforbundet.se\/mariestad-toreboda\/files\/2014\/02\/MTJVK-\u00e5rsm\u00f6te-2008.doc\">MTJVK \u00e5rsm\u00f6te 2008<\/a><br \/>\n<a href=\"https:\/\/krets.jagareforbundet.se\/mariestad-toreboda\/files\/2014\/02\/MTJVK-\u00e5rsm\u00f6te-2009.doc\">MTJVK \u00e5rsm\u00f6te 2009<\/a><br \/>\n<a href=\"https:\/\/krets.jagareforbundet.se\/mariestad-toreboda\/files\/2014\/02\/MTJVK-\u00e5rsm\u00f6te-2010.doc\">MTJVK \u00e5rsm\u00f6te 2010<\/a><\/p>\n","protected":false},"excerpt":{"rendered":"<p>MTJVK \u00c5rsm\u00f6tesprotokoll 2026 MTJVK \u00c5rsm\u00f6tesprotokoll 2025 MTJVK \u00c5rsm\u00f6tes protokoll 2024 MTJVK_\u00e5rsm\u00f6te_2023 MTJVK_\u00e5rsm\u00f6te_2022 MTJVK_\u00e5rsm\u00f6tesprotokoll_2021 MTJVK_\u00e5rsm\u00f6te_2020 MTJVK_\u00e5rsm\u00f6te_2019 MTJVK_\u00e5rsm\u00f6te_2018 MTJVK_\u00e5rsm\u00f6te_2017 (003) MTJVK_\u00e5rsm\u00f6te_2016 MTJVK_\u00e5rsm\u00f6te_2015 (3) MTJVK \u00e5rsm\u00f6te 2014 MTJVK \u00e5rsm\u00f6te 2013 (2) MTJVK \u00e5rsm\u00f6te 2012 (2) MTJVK \u00e5rsm\u00f6te 2011 MTJVK \u00e5rsm\u00f6te 2003 MTJVK \u00e5rsm\u00f6te 2004 MTJVK \u00e5rsm\u00f6te 2005 MTJVK \u00e5rsm\u00f6te 2006 MTJVK \u00e5rsm\u00f6te 2007 MTJVK \u00e5rsm\u00f6te 2008 MTJVK \u00e5rsm\u00f6te [&hellip;]<\/p>\n","protected":false},"author":167,"featured_media":0,"parent":0,"menu_order":2,"comment_status":"open","ping_status":"open","template":"","meta":{"footnotes":""},"class_list":["post-162","page","type-page","status-publish","hentry"],"_links":{"self":[{"href":"https:\/\/krets.jagareforbundet.se\/mariestad-toreboda\/wp-json\/wp\/v2\/pages\/162","targetHints":{"allow":["GET"]}}],"collection":[{"href":"https:\/\/krets.jagareforbundet.se\/mariestad-toreboda\/wp-json\/wp\/v2\/pages"}],"about":[{"href":"https:\/\/krets.jagareforbundet.se\/mariestad-toreboda\/wp-json\/wp\/v2\/types\/page"}],"author":[{"embeddable":true,"href":"https:\/\/krets.jagareforbundet.se\/mariestad-toreboda\/wp-json\/wp\/v2\/users\/167"}],"replies":[{"embeddable":true,"href":"https:\/\/krets.jagareforbundet.se\/mariestad-toreboda\/wp-json\/wp\/v2\/comments?post=162"}],"version-history":[{"count":4,"href":"https:\/\/krets.jagareforbundet.se\/mariestad-toreboda\/wp-json\/wp\/v2\/pages\/162\/revisions"}],"predecessor-version":[{"id":516,"href":"https:\/\/krets.jagareforbundet.se\/mariestad-toreboda\/wp-json\/wp\/v2\/pages\/162\/revisions\/516"}],"wp:attachment":[{"href":"https:\/\/krets.jagareforbundet.se\/mariestad-toreboda\/wp-json\/wp\/v2\/media?parent=162"}],"curies":[{"name":"wp","href":"https:\/\/api.w.org\/{rel}","templated":true}]}}