{"id":188,"date":"2014-02-12T11:43:59","date_gmt":"2014-02-12T10:43:59","guid":{"rendered":"https:\/\/krets.jagareforbundet.se\/mariestad-toreboda\/?page_id=188"},"modified":"2025-03-05T16:25:42","modified_gmt":"2025-03-05T15:25:42","slug":"algbanan","status":"publish","type":"page","link":"https:\/\/krets.jagareforbundet.se\/mariestad-toreboda\/ymsens-jaktskytteklubb\/algbanan\/","title":{"rendered":"\u00c4lgbanan"},"content":{"rendered":"<div>\n<h2>SKJUTPROGRAM F\u00d6R \u00c4LGBANAN 2025<\/h2>\n<table style=\"height: 2154px\" width=\"697\">\n<tbody>\n<tr>\n<td colspan=\"3\" width=\"631\"><strong>\u00a0SKJUTPROGRAM F\u00d6R \u00c4LGBANAN <\/strong><\/td>\n<\/tr>\n<tr>\n<td width=\"151\"><strong>SKJUTDAG<\/strong><\/td>\n<td width=\"252\"><strong>SKJUTCHEF<\/strong><\/td>\n<td width=\"228\"><strong>SKJUTLEDARE<\/strong><\/td>\n<\/tr>\n<tr>\n<td width=\"151\"><strong>L\u00d6R 3\/5<\/strong><\/td>\n<td width=\"252\"><strong>Mikael Herlin<\/strong><\/td>\n<td width=\"228\"><strong>Alf Stridh<\/strong><\/td>\n<\/tr>\n<tr>\n<td width=\"151\">L\u00d6R 10\/5<\/td>\n<td width=\"252\">Charlie Hedberg<\/td>\n<td width=\"228\">Daniel Lugnberg<\/td>\n<\/tr>\n<tr>\n<td width=\"151\"><strong>L\u00d6R 17\/5<\/strong><\/td>\n<td width=\"252\"><strong>Jan-Erik S\u00f6derberg<\/strong><\/td>\n<td width=\"228\"><strong>Jan Skogsberg<\/strong><\/td>\n<\/tr>\n<tr>\n<td width=\"151\">L\u00d6R 24\/5<\/td>\n<td width=\"252\">Thomas Fryk\u00e9n<\/td>\n<td width=\"228\">Ulf Hermansson<\/td>\n<\/tr>\n<tr>\n<td width=\"151\"><strong>L\u00d6R 31\/5<\/strong><\/td>\n<td width=\"252\"><strong>Jonas Johansson<\/strong><\/td>\n<td width=\"228\"><strong>Lars Pettersson<\/strong><\/td>\n<\/tr>\n<tr>\n<td width=\"151\">&nbsp;<\/td>\n<td width=\"252\">&nbsp;<\/td>\n<td width=\"228\">&nbsp;<\/td>\n<\/tr>\n<tr>\n<td width=\"151\"><strong>L\u00d6R 2\/8<\/strong><\/td>\n<td width=\"252\"><strong>Mikael Herlin<\/strong><\/td>\n<td width=\"228\"><strong>Nisse Eriksson<\/strong><\/td>\n<\/tr>\n<tr>\n<td width=\"151\">S\u00d6N 3\/8<\/td>\n<td width=\"252\">Jon L\u00f6fgren<\/td>\n<td width=\"228\">Linus Johansson<\/td>\n<\/tr>\n<tr>\n<td width=\"151\"><strong>L\u00d6R 9\/8<\/strong><\/td>\n<td width=\"252\"><strong>J\u00f6rgen Nielsen<\/strong><\/td>\n<td width=\"228\"><strong>Karin Wiklert<\/strong><\/td>\n<\/tr>\n<tr>\n<td width=\"151\">S\u00d6N 10\/8<\/td>\n<td width=\"252\">Kenny \u00d6nnerfors<\/td>\n<td width=\"228\">Johan Borell<\/td>\n<\/tr>\n<tr>\n<td width=\"151\"><strong>L\u00d6R 16\/8<\/strong><\/td>\n<td width=\"252\"><strong>Anders Blom<\/strong><\/td>\n<td width=\"228\"><strong>Lars Blom<\/strong><\/td>\n<\/tr>\n<tr>\n<td width=\"151\">S\u00d6N 17\/8<\/td>\n<td width=\"252\">Ulf Beckman<\/td>\n<td width=\"228\">B\u00f6rje Svensson<\/td>\n<\/tr>\n<tr>\n<td width=\"151\"><strong>L\u00d6R 23\/8<\/strong><\/td>\n<td width=\"252\"><strong>Mikael Larsson<\/strong><\/td>\n<td width=\"228\"><strong>Peter Karlsson<\/strong><\/td>\n<\/tr>\n<tr>\n<td width=\"151\">S\u00d6N 24\/8<\/td>\n<td width=\"252\">Robert Ernstsson<\/td>\n<td width=\"228\">Fredrik Eriksson<\/td>\n<\/tr>\n<tr>\n<td width=\"151\"><strong>L\u00d6R 30\/8<\/strong><\/td>\n<td width=\"252\"><strong>Micael Hamilton<\/strong><\/td>\n<td width=\"228\"><strong>Tomas Larsson<\/strong><\/td>\n<\/tr>\n<tr>\n<td width=\"151\">S\u00d6N 31\/8<\/td>\n<td width=\"252\">Ulf Beckman<\/td>\n<td width=\"228\">Andreas Stigsson<\/td>\n<\/tr>\n<tr>\n<td width=\"151\"><strong>L\u00d6R 6\/9\u00a0 KM<\/strong><\/td>\n<td width=\"252\"><strong>Charlie Hedberg<\/strong><\/td>\n<td width=\"228\"><strong>Daniel Lugnberg<\/strong><\/td>\n<\/tr>\n<tr>\n<td width=\"151\">S\u00d6N 7\/9<\/td>\n<td width=\"252\">Jan-Erik S\u00f6derberg<\/td>\n<td width=\"228\">Oskar Johansson<\/td>\n<\/tr>\n<tr>\n<td width=\"151\"><strong>L\u00d6R 13\/9<\/strong><\/td>\n<td width=\"252\"><strong>Mathias Kark<\/strong><\/td>\n<td width=\"228\"><strong>Thomas Sp\u00e5ng<\/strong><\/td>\n<\/tr>\n<tr>\n<td width=\"151\">S\u00d6N 14\/9<\/td>\n<td width=\"252\">Morgan Robertsson<\/td>\n<td width=\"228\">Jan Bingo Karlsson<\/td>\n<\/tr>\n<tr>\n<td width=\"151\"><strong>L\u00d6R 20\/9<\/strong><\/td>\n<td width=\"252\"><strong>Mikael Herlin<\/strong><\/td>\n<td width=\"228\"><strong>Alf Stridh<\/strong><\/td>\n<\/tr>\n<tr>\n<td width=\"151\">S\u00d6N 21\/9<\/td>\n<td width=\"252\">H\u00e5kan Wilj\u00e9n<\/td>\n<td width=\"228\">\n<table width=\"100%\">\n<tbody>\n<tr>\n<td><strong>\u00a0<\/strong><\/td>\n<\/tr>\n<\/tbody>\n<\/table>\n<p>Sven-Olof Jonsson<\/td>\n<\/tr>\n<tr>\n<td width=\"151\"><strong>L\u00d6R 27\/9<\/strong><\/td>\n<td width=\"252\"><strong>H\u00e5kan K\u00e4llg\u00e5rd<\/strong><\/td>\n<td width=\"228\"><strong>Kenneth Nolberger<\/strong><\/td>\n<\/tr>\n<tr>\n<td width=\"151\">S\u00d6N 28\/9<\/td>\n<td width=\"252\">Lars Jansson<\/td>\n<td width=\"228\">Ulf Hermansson<\/td>\n<\/tr>\n<tr>\n<td width=\"151\"><strong>L\u00d6R 4\/10<\/strong><\/td>\n<td width=\"252\"><strong>Thomas Fryk\u00e9n<\/strong><\/td>\n<td width=\"228\"><strong>Torbj\u00f6rn Eriksson<\/strong><\/td>\n<\/tr>\n<tr>\n<td width=\"151\">S\u00d6N 5\/10<\/td>\n<td width=\"252\">Thomas Olsson<\/td>\n<td width=\"228\">Mikael Larsson<\/td>\n<\/tr>\n<tr>\n<td colspan=\"2\" width=\"403\"><strong>KLUBBM\u00c4STERSKAP 6\/9\u00a0\u00a0\u00a0\u00a0\u00a0\u00a0\u00a0\u00a0\u00a0\u00a0 Anm\u00e4lan 13 &#8211; 15<\/strong><\/td>\n<td width=\"228\"><\/td>\n<\/tr>\n<tr>\n<td colspan=\"2\" width=\"403\"><strong>\u00a0<\/strong><\/td>\n<td width=\"228\"><strong>\u00a0<\/strong><\/td>\n<\/tr>\n<tr>\n<td colspan=\"2\" width=\"403\"><strong>M\u00e4rkesskjutning hela s\u00e4songen<\/strong><\/td>\n<td width=\"228\"><\/td>\n<\/tr>\n<tr>\n<td colspan=\"2\" width=\"403\"><strong>Dekalskjutning endast p\u00e5 h\u00f6sten<\/strong><\/td>\n<td width=\"228\"><\/td>\n<\/tr>\n<tr>\n<td width=\"151\"><strong>Anm\u00e4lningstider<\/strong><\/td>\n<td colspan=\"2\" width=\"480\"><strong>L\u00f6rdagar 13 &#8211; 15\u00a0\u00a0\u00a0\u00a0\u00a0\u00a0\u00a0\u00a0 S\u00f6ndagar 09 &#8211; 12\u00a0\u00a0\u00a0 \u00a0\u00a0\u00a0\u00a0\u00a0Tisdagar 18 &#8211; 19<\/strong><\/td>\n<\/tr>\n<\/tbody>\n<\/table>\n<\/div>\n","protected":false},"excerpt":{"rendered":"<p>SKJUTPROGRAM F\u00d6R \u00c4LGBANAN 2025 \u00a0SKJUTPROGRAM F\u00d6R \u00c4LGBANAN SKJUTDAG SKJUTCHEF SKJUTLEDARE L\u00d6R 3\/5 Mikael Herlin Alf Stridh L\u00d6R 10\/5 Charlie Hedberg Daniel Lugnberg L\u00d6R 17\/5 Jan-Erik S\u00f6derberg Jan Skogsberg L\u00d6R 24\/5 Thomas Fryk\u00e9n Ulf Hermansson L\u00d6R 31\/5 Jonas Johansson Lars Pettersson &nbsp; &nbsp; &nbsp; L\u00d6R 2\/8 Mikael Herlin Nisse Eriksson S\u00d6N 3\/8 Jon L\u00f6fgren Linus Johansson [&hellip;]<\/p>\n","protected":false},"author":167,"featured_media":0,"parent":187,"menu_order":2,"comment_status":"open","ping_status":"open","template":"","meta":{"footnotes":""},"class_list":["post-188","page","type-page","status-publish","hentry"],"_links":{"self":[{"href":"https:\/\/krets.jagareforbundet.se\/mariestad-toreboda\/wp-json\/wp\/v2\/pages\/188","targetHints":{"allow":["GET"]}}],"collection":[{"href":"https:\/\/krets.jagareforbundet.se\/mariestad-toreboda\/wp-json\/wp\/v2\/pages"}],"about":[{"href":"https:\/\/krets.jagareforbundet.se\/mariestad-toreboda\/wp-json\/wp\/v2\/types\/page"}],"author":[{"embeddable":true,"href":"https:\/\/krets.jagareforbundet.se\/mariestad-toreboda\/wp-json\/wp\/v2\/users\/167"}],"replies":[{"embeddable":true,"href":"https:\/\/krets.jagareforbundet.se\/mariestad-toreboda\/wp-json\/wp\/v2\/comments?post=188"}],"version-history":[{"count":3,"href":"https:\/\/krets.jagareforbundet.se\/mariestad-toreboda\/wp-json\/wp\/v2\/pages\/188\/revisions"}],"predecessor-version":[{"id":499,"href":"https:\/\/krets.jagareforbundet.se\/mariestad-toreboda\/wp-json\/wp\/v2\/pages\/188\/revisions\/499"}],"up":[{"embeddable":true,"href":"https:\/\/krets.jagareforbundet.se\/mariestad-toreboda\/wp-json\/wp\/v2\/pages\/187"}],"wp:attachment":[{"href":"https:\/\/krets.jagareforbundet.se\/mariestad-toreboda\/wp-json\/wp\/v2\/media?parent=188"}],"curies":[{"name":"wp","href":"https:\/\/api.w.org\/{rel}","templated":true}]}}