{"id":190,"date":"2017-03-17T11:47:15","date_gmt":"2017-03-17T10:47:15","guid":{"rendered":"https:\/\/krets.jagareforbundet.se\/mariestad-toreboda\/?page_id=190"},"modified":"2025-03-05T17:01:21","modified_gmt":"2025-03-05T16:01:21","slug":"viltmals-banan","status":"publish","type":"page","link":"https:\/\/krets.jagareforbundet.se\/mariestad-toreboda\/ymsens-jaktskytteklubb\/viltmals-banan\/","title":{"rendered":"Viltm\u00e5ls-banan"},"content":{"rendered":"<p>&nbsp;<\/p>\n<p>\u00c5rsm\u00f6tet har tagit beslut om att tills vidare inte bemanna viltm\u00e5lsbanan. De programlagda skjuttiderna med funktion\u00e4r har utnyttjats i v\u00e4ldigt ringa omfattning.<br \/>\n\u00c4r det n\u00e5gon som vill skjuta i samband med allm\u00e4nna skjutningar s\u00e5 kan banan \u00f6ppnas, men man sk\u00f6ter sig helt sj\u00e4lv.<br \/>\nNyckel\u00e4gare kan skjuta hela \u00e5ret. Vintertid kan sn\u00f6 f\u00f6rhindra m\u00f6jligheten att k\u00f6ra viltm\u00e5lsbanan.<br \/>\nNyckel kan hyras, man betalar en dispositionskostnad, nyckelkostnad samt en \u00e5rlig hyra(banavgift). N\u00e4r man har nyckel kan man planera sin tr\u00e4ningsskjutning sj\u00e4lv.<br \/>\nEndast skytte med klass 4, kal 22 long.<br \/>\nKostnad f\u00f6r att l\u00f6sa ut nyckel till viltm\u00e5lsbanan:<br \/>\nMedlemsavgift\u00a0\u00a0\u00a0\u00a0\u00a0\u00a0\u00a0 200 kr\u00a0\u00a0 (\u00e5rlig kostnad)<br \/>\nNyckelkostnad\u00a0\u00a0\u00a0\u00a0\u00a0\u00a0 \u00a0200 kr\u00a0\u00a0 (eng\u00e5ngskostnad)<br \/>\nDispositionsavgift\u00a0\u00a0 200 kr\u00a0\u00a0 (\u00e5terbetalas vid det tillf\u00e4lle d\u00e5 man inte l\u00e4ngre vill ha nyckeln kvar.)<br \/>\nBanavgift\u00a0\u00a0\u00a0\u00a0\u00a0\u00a0\u00a0\u00a0\u00a0\u00a0\u00a0\u00a0\u00a0\u00a0\u00a0\u00a0\u00a0 150 kr\u00a0\u00a0 (\u00e5rlig kostnad)<\/p>\n<p>Borttappad nyckel ska till Ymsens JSK ers\u00e4ttas med 500 kronor.<\/p>\n<p>Kontakta Lars Jansson, 070-833 54 15, f\u00f6r mer information.<\/p>\n<p>&nbsp;<\/p>\n","protected":false},"excerpt":{"rendered":"<p>&nbsp; \u00c5rsm\u00f6tet har tagit beslut om att tills vidare inte bemanna viltm\u00e5lsbanan. De programlagda skjuttiderna med funktion\u00e4r har utnyttjats i v\u00e4ldigt ringa omfattning. \u00c4r det n\u00e5gon som vill skjuta i samband med allm\u00e4nna skjutningar s\u00e5 kan banan \u00f6ppnas, men man sk\u00f6ter sig helt sj\u00e4lv. Nyckel\u00e4gare kan skjuta hela \u00e5ret. Vintertid kan sn\u00f6 f\u00f6rhindra m\u00f6jligheten att [&hellip;]<\/p>\n","protected":false},"author":167,"featured_media":0,"parent":187,"menu_order":3,"comment_status":"open","ping_status":"open","template":"","meta":{"footnotes":""},"class_list":["post-190","page","type-page","status-publish","hentry"],"_links":{"self":[{"href":"https:\/\/krets.jagareforbundet.se\/mariestad-toreboda\/wp-json\/wp\/v2\/pages\/190","targetHints":{"allow":["GET"]}}],"collection":[{"href":"https:\/\/krets.jagareforbundet.se\/mariestad-toreboda\/wp-json\/wp\/v2\/pages"}],"about":[{"href":"https:\/\/krets.jagareforbundet.se\/mariestad-toreboda\/wp-json\/wp\/v2\/types\/page"}],"author":[{"embeddable":true,"href":"https:\/\/krets.jagareforbundet.se\/mariestad-toreboda\/wp-json\/wp\/v2\/users\/167"}],"replies":[{"embeddable":true,"href":"https:\/\/krets.jagareforbundet.se\/mariestad-toreboda\/wp-json\/wp\/v2\/comments?post=190"}],"version-history":[{"count":3,"href":"https:\/\/krets.jagareforbundet.se\/mariestad-toreboda\/wp-json\/wp\/v2\/pages\/190\/revisions"}],"predecessor-version":[{"id":432,"href":"https:\/\/krets.jagareforbundet.se\/mariestad-toreboda\/wp-json\/wp\/v2\/pages\/190\/revisions\/432"}],"up":[{"embeddable":true,"href":"https:\/\/krets.jagareforbundet.se\/mariestad-toreboda\/wp-json\/wp\/v2\/pages\/187"}],"wp:attachment":[{"href":"https:\/\/krets.jagareforbundet.se\/mariestad-toreboda\/wp-json\/wp\/v2\/media?parent=190"}],"curies":[{"name":"wp","href":"https:\/\/api.w.org\/{rel}","templated":true}]}}