{"id":192,"date":"2014-02-12T11:59:06","date_gmt":"2014-02-12T10:59:06","guid":{"rendered":"https:\/\/krets.jagareforbundet.se\/mariestad-toreboda\/?page_id=192"},"modified":"2024-02-20T08:42:29","modified_gmt":"2024-02-20T07:42:29","slug":"styrelsen","status":"publish","type":"page","link":"https:\/\/krets.jagareforbundet.se\/mariestad-toreboda\/styrelsen\/","title":{"rendered":"Styrelsen"},"content":{"rendered":"<div>\n<h1>Om oss<\/h1>\n<\/div>\n<div>\n<div>\n<h2>Allm\u00e4nt<\/h2>\n<\/div>\n<div>\n<p>Mariestad\/T\u00f6reboda jaktv\u00e5rdskrets \u00e4r verksam inom dessa kommuner. Kretsen har\u00a0ca 520 medlemmar.<\/p>\n<h2>Styrelse och \u00f6vriga funktion\u00e4rer 2023<\/h2>\n<\/div>\n<\/div>\n<p><strong>Styrelse<\/strong><\/p>\n<p dir=\"ltr\">Niklas Nilsson &#8211; ordf\u00f6rande<br \/>\nH\u00e5kan Krussg\u00e5rd &#8211; v ordf\u00f6rande, studieansvarig<br \/>\nMicael Hamilton &#8211; kass\u00f6r, medlemsansvarig<br \/>\nBernt Kull &#8211; sekreterare<br \/>\nRickard Edvardsson<br \/>\nElisabeth Thisner<br \/>\nHenrik Salomonsson &#8211; rovdjursansvarig<br \/>\nDavid Engelbrektsson<\/p>\n<p dir=\"ltr\"><strong>Suppleanter<\/strong><\/p>\n<p dir=\"ltr\">Ulf Sj\u00f6berg<br \/>\nAnders Landenmark<br \/>\nJohn Engdal<\/p>\n<p dir=\"ltr\"><strong>Valberedning<\/strong><\/p>\n<p dir=\"ltr\">H\u00e5kan Landenmark &#8211; sammankallande<br \/>\nIngemar Karlsson<br \/>\nBengt Andersson<\/p>\n<p dir=\"ltr\"><strong>Revisorer<\/strong><\/p>\n<p dir=\"ltr\">Jonas Jonzon<br \/>\nUlf Hermansson<\/p>\n<p dir=\"ltr\"><strong>Revisorsuppleanter<\/strong><\/p>\n<p dir=\"ltr\">Lennart Karlsson<br \/>\nAnders Karlsson<\/p>\n<p><strong>Ansvarig f\u00f6r hemsida<\/strong><\/p>\n<p dir=\"ltr\">Lars Jansson<\/p>\n<p dir=\"ltr\"><strong>Samordnare trafikvilt<\/strong><\/p>\n<p dir=\"ltr\">Lars Jansson &#8211; Mariestads kommun<br \/>\nH\u00e5kan Krussg\u00e5rd &#8211; T\u00f6reboda kommun<\/p>\n","protected":false},"excerpt":{"rendered":"<p>Om oss Allm\u00e4nt Mariestad\/T\u00f6reboda jaktv\u00e5rdskrets \u00e4r verksam inom dessa kommuner. Kretsen har\u00a0ca 520 medlemmar. Styrelse och \u00f6vriga funktion\u00e4rer 2023 Styrelse Niklas Nilsson &#8211; ordf\u00f6rande H\u00e5kan Krussg\u00e5rd &#8211; v ordf\u00f6rande, studieansvarig Micael Hamilton &#8211; kass\u00f6r, medlemsansvarig Bernt Kull &#8211; sekreterare Rickard Edvardsson Elisabeth Thisner Henrik Salomonsson &#8211; rovdjursansvarig David Engelbrektsson Suppleanter Ulf Sj\u00f6berg Anders Landenmark John [&hellip;]<\/p>\n","protected":false},"author":167,"featured_media":0,"parent":0,"menu_order":3,"comment_status":"open","ping_status":"open","template":"","meta":{"footnotes":""},"class_list":["post-192","page","type-page","status-publish","hentry"],"_links":{"self":[{"href":"https:\/\/krets.jagareforbundet.se\/mariestad-toreboda\/wp-json\/wp\/v2\/pages\/192","targetHints":{"allow":["GET"]}}],"collection":[{"href":"https:\/\/krets.jagareforbundet.se\/mariestad-toreboda\/wp-json\/wp\/v2\/pages"}],"about":[{"href":"https:\/\/krets.jagareforbundet.se\/mariestad-toreboda\/wp-json\/wp\/v2\/types\/page"}],"author":[{"embeddable":true,"href":"https:\/\/krets.jagareforbundet.se\/mariestad-toreboda\/wp-json\/wp\/v2\/users\/167"}],"replies":[{"embeddable":true,"href":"https:\/\/krets.jagareforbundet.se\/mariestad-toreboda\/wp-json\/wp\/v2\/comments?post=192"}],"version-history":[{"count":3,"href":"https:\/\/krets.jagareforbundet.se\/mariestad-toreboda\/wp-json\/wp\/v2\/pages\/192\/revisions"}],"predecessor-version":[{"id":445,"href":"https:\/\/krets.jagareforbundet.se\/mariestad-toreboda\/wp-json\/wp\/v2\/pages\/192\/revisions\/445"}],"wp:attachment":[{"href":"https:\/\/krets.jagareforbundet.se\/mariestad-toreboda\/wp-json\/wp\/v2\/media?parent=192"}],"curies":[{"name":"wp","href":"https:\/\/api.w.org\/{rel}","templated":true}]}}