{"id":194,"date":"2014-02-12T12:04:42","date_gmt":"2014-02-12T11:04:42","guid":{"rendered":"https:\/\/krets.jagareforbundet.se\/mariestad-toreboda\/?page_id=194"},"modified":"2018-03-05T08:11:14","modified_gmt":"2018-03-05T07:11:14","slug":"jakthund","status":"publish","type":"page","link":"https:\/\/krets.jagareforbundet.se\/mariestad-toreboda\/jakthund\/","title":{"rendered":"Jakthund"},"content":{"rendered":"<div>\n<h1>Hundfr\u00e5gor<\/h1>\n<\/div>\n<p>Hundansvariga i kretsen \u00e4r H\u00e5kan Sk\u00f6ld och Micael Hamilton.<\/p>\n","protected":false},"excerpt":{"rendered":"<p>Hundfr\u00e5gor Hundansvariga i kretsen \u00e4r H\u00e5kan Sk\u00f6ld och Micael Hamilton.<\/p>\n","protected":false},"author":167,"featured_media":0,"parent":0,"menu_order":4,"comment_status":"open","ping_status":"open","template":"","meta":{"footnotes":""},"class_list":["post-194","page","type-page","status-publish","hentry"],"_links":{"self":[{"href":"https:\/\/krets.jagareforbundet.se\/mariestad-toreboda\/wp-json\/wp\/v2\/pages\/194","targetHints":{"allow":["GET"]}}],"collection":[{"href":"https:\/\/krets.jagareforbundet.se\/mariestad-toreboda\/wp-json\/wp\/v2\/pages"}],"about":[{"href":"https:\/\/krets.jagareforbundet.se\/mariestad-toreboda\/wp-json\/wp\/v2\/types\/page"}],"author":[{"embeddable":true,"href":"https:\/\/krets.jagareforbundet.se\/mariestad-toreboda\/wp-json\/wp\/v2\/users\/167"}],"replies":[{"embeddable":true,"href":"https:\/\/krets.jagareforbundet.se\/mariestad-toreboda\/wp-json\/wp\/v2\/comments?post=194"}],"version-history":[{"count":0,"href":"https:\/\/krets.jagareforbundet.se\/mariestad-toreboda\/wp-json\/wp\/v2\/pages\/194\/revisions"}],"wp:attachment":[{"href":"https:\/\/krets.jagareforbundet.se\/mariestad-toreboda\/wp-json\/wp\/v2\/media?parent=194"}],"curies":[{"name":"wp","href":"https:\/\/api.w.org\/{rel}","templated":true}]}}