{"id":2,"date":"2011-09-07T09:28:43","date_gmt":"2011-09-07T09:28:43","guid":{"rendered":"https:\/\/krets.jagareforbundet.se\/template\/?page_id=2"},"modified":"2026-02-22T19:45:28","modified_gmt":"2026-02-22T18:45:28","slug":"exempelsida","status":"publish","type":"page","link":"https:\/\/krets.jagareforbundet.se\/mariestad-toreboda\/","title":{"rendered":"MARIESTAD-T\u00d6REBODA JAKTV\u00c5RDSKRETS"},"content":{"rendered":"<h1><\/h1>\n<hr \/>\n<h1>\u00c5RSM\u00d6TE 2026<br \/>\nJ\u00e4garef\u00f6rbundet Mariestad\/T\u00f6reboda jvk<\/h1>\n<h2>\u00c5rsm\u00f6te med Mariestad\/T\u00f6reboda jaktv\u00e5rdskrets har h\u00e5llits i Marci hus, Ullervads f\u00f6rsamlingshem.<br \/>\nG\u00e5 in under fliken \u00e5rsm\u00f6tesprotokoll i meny`n till h\u00f6ger s\u00e5 finns m\u00f6tesprotokollet tillg\u00e4ngligt d\u00e4r.<br \/>\nProtokollet \u00e4r granskat och godk\u00e4nt av de som \u00e4r valda att justera.<\/h2>\n<h4><\/h4>\n<p>&nbsp;<\/p>\n<h1>YMSENS JAKTSKYTTEKLUBB<\/h1>\n<h2>Ymsens Jaktskytteklubb h\u00e5ller \u00e5rsm\u00f6te<br \/>\ntisdagen den 3 mars kl. 19.00.<br \/>\nM\u00f6tet h\u00e5lls i G\u00e5rdshuset p\u00e5 V\u00e4ster\u00e4ngs koloniomr\u00e5de i Mariestad.<\/h2>\n<h3>Vid fr\u00e5gor kontakta Thomas Olsson, 0706-36 51 41 eller Lars Jansson 0708-33 54 15.<\/h3>\n<h3>Viltm\u00e5lsbanan \u00e4r m\u00f6jlig att anv\u00e4nda f\u00f6r nyckel\u00e4gare om sn\u00f6n inte hindrar driften av figuren.<br \/>\nInskjutningsb\u00e4nken \u00e4r tillg\u00e4nglig att anv\u00e4nda f\u00f6r inskjutning av vapen och riktmedel.<br \/>\nTa med eget m\u00e5lmaterial, st\u00e4da upp efter avslutad inskjutning.<\/h3>\n<p>&nbsp;<\/p>\n<p><a href=\"https:\/\/krets.jagareforbundet.se\/mariestad-toreboda\/files\/2025\/03\/Patronlagesflagga-rotated-e1741187786440.jpg\"><img loading=\"lazy\" decoding=\"async\" class=\"alignnone size-medium wp-image-496\" src=\"https:\/\/krets.jagareforbundet.se\/mariestad-toreboda\/files\/2025\/03\/Patronlagesflagga-rotated-e1741187786440-300x171.jpg\" alt=\"\" width=\"300\" height=\"171\" srcset=\"https:\/\/krets.jagareforbundet.se\/mariestad-toreboda\/files\/2025\/03\/Patronlagesflagga-rotated-e1741187786440-300x171.jpg 300w, https:\/\/krets.jagareforbundet.se\/mariestad-toreboda\/files\/2025\/03\/Patronlagesflagga-rotated-e1741187786440-1024x585.jpg 1024w, https:\/\/krets.jagareforbundet.se\/mariestad-toreboda\/files\/2025\/03\/Patronlagesflagga-rotated-e1741187786440-768x438.jpg 768w, https:\/\/krets.jagareforbundet.se\/mariestad-toreboda\/files\/2025\/03\/Patronlagesflagga-rotated-e1741187786440-1536x877.jpg 1536w, https:\/\/krets.jagareforbundet.se\/mariestad-toreboda\/files\/2025\/03\/Patronlagesflagga-rotated-e1741187786440.jpg 1699w\" sizes=\"auto, (max-width: 300px) 100vw, 300px\" \/><\/a><\/p>\n<h3>Nya skyttereglementen antagna av Sv J\u00e4garef\u00f6rbundet<\/h3>\n<h4>Svenska J\u00e4garef\u00f6rbundet har nu antagit nya skyttereglementen b\u00e5de f\u00f6r<br \/>\nt\u00e4vling och m\u00e4rkesskjutningar p\u00e5 de banor som tillh\u00f6r Svenska<br \/>\nJ\u00e4garef\u00f6rbundet f\u00f6r 2025-2028.<br \/>\nDet \u00e4r en nyhet som sticker ut och det \u00e4r att vi nu har inf\u00f6rt det som de<br \/>\nallra flesta skyttef\u00f6rbund har att det ska finnas en signalf\u00e4rgad flagga i<br \/>\npatronl\u00e4get hela tiden man \u00e4r p\u00e5 skjutbanan f\u00f6rutom n\u00e4r man skjuter eller<br \/>\nvapenkontroll p\u00e5g\u00e5r med slutstycksvapen. Detta f\u00f6r att \u00f6ka s\u00e4kerheten och<br \/>\nalla l\u00e4tt ska se att inga patroner finns i patronl\u00e4get.<br \/>\nOBS att detta g\u00e4ller allt skytte p\u00e5 skjutbanan.<br \/>\nDessa finns att k\u00f6pa hos de vapenaff\u00e4rer som s\u00e4ljer vapen och utrustning<br \/>\ntill nationellt gev\u00e4rsskytte, tex Skyttetj\u00e4nst i Norrt\u00e4lje.<br \/>\nDetta g\u00e4ller allts\u00e5 fr\u00e5n den 1 januari 2025 och det kan vara bra om Ni i<br \/>\nklubben tar hem och kan s\u00e4lja dessa n\u00e4r j\u00e4garna kommer och ska skjuta i<br \/>\nv\u00e5r n\u00e4r banan \u00f6ppnar.<br \/>\nDe nya skyttereglementena finns p\u00e5 J\u00e4garef\u00f6rbundets hemsida<br \/>\n<a href=\"https:\/\/jagareforbundet.se\/jakt\/skytte\/ovrigt\/reglementen\/\">https:\/\/jagareforbundet.se\/jakt\/skytte\/ovrigt\/reglementen\/<\/a><\/h4>\n<p>&nbsp;<\/p>\n<h4 class=\"m_8475593810865131928Pa0\"><\/h4>\n<h2>J\u00e4garef\u00f6rbundet Skaraborg<\/h2>\n<h5>G\u00e5 in under l\u00e4nken\u00a0 i l\u00e4nklistan f\u00f6r att se vad som finns vad g\u00e4ller information och<br \/>\nf\u00f6rel\u00e4sningar arrangerade av l\u00e4nsf\u00f6reningen.<\/h5>\n","protected":false},"excerpt":{"rendered":"<p>\u00c5RSM\u00d6TE 2026 J\u00e4garef\u00f6rbundet Mariestad\/T\u00f6reboda jvk \u00c5rsm\u00f6te med Mariestad\/T\u00f6reboda jaktv\u00e5rdskrets har h\u00e5llits i Marci hus, Ullervads f\u00f6rsamlingshem. G\u00e5 in under fliken \u00e5rsm\u00f6tesprotokoll i meny`n till h\u00f6ger s\u00e5 finns m\u00f6tesprotokollet tillg\u00e4ngligt d\u00e4r. Protokollet \u00e4r granskat och godk\u00e4nt av de som \u00e4r valda att justera. &nbsp; YMSENS JAKTSKYTTEKLUBB Ymsens Jaktskytteklubb h\u00e5ller \u00e5rsm\u00f6te tisdagen den 3 mars kl. 19.00. [&hellip;]<\/p>\n","protected":false},"author":3,"featured_media":424,"parent":0,"menu_order":1,"comment_status":"open","ping_status":"open","template":"","meta":{"footnotes":""},"class_list":["post-2","page","type-page","status-publish","has-post-thumbnail","hentry"],"_links":{"self":[{"href":"https:\/\/krets.jagareforbundet.se\/mariestad-toreboda\/wp-json\/wp\/v2\/pages\/2","targetHints":{"allow":["GET"]}}],"collection":[{"href":"https:\/\/krets.jagareforbundet.se\/mariestad-toreboda\/wp-json\/wp\/v2\/pages"}],"about":[{"href":"https:\/\/krets.jagareforbundet.se\/mariestad-toreboda\/wp-json\/wp\/v2\/types\/page"}],"author":[{"embeddable":true,"href":"https:\/\/krets.jagareforbundet.se\/mariestad-toreboda\/wp-json\/wp\/v2\/users\/3"}],"replies":[{"embeddable":true,"href":"https:\/\/krets.jagareforbundet.se\/mariestad-toreboda\/wp-json\/wp\/v2\/comments?post=2"}],"version-history":[{"count":3,"href":"https:\/\/krets.jagareforbundet.se\/mariestad-toreboda\/wp-json\/wp\/v2\/pages\/2\/revisions"}],"predecessor-version":[{"id":517,"href":"https:\/\/krets.jagareforbundet.se\/mariestad-toreboda\/wp-json\/wp\/v2\/pages\/2\/revisions\/517"}],"wp:featuredmedia":[{"embeddable":true,"href":"https:\/\/krets.jagareforbundet.se\/mariestad-toreboda\/wp-json\/wp\/v2\/media\/424"}],"wp:attachment":[{"href":"https:\/\/krets.jagareforbundet.se\/mariestad-toreboda\/wp-json\/wp\/v2\/media?parent=2"}],"curies":[{"name":"wp","href":"https:\/\/api.w.org\/{rel}","templated":true}]}}