{"id":222,"date":"2014-03-10T14:54:02","date_gmt":"2014-03-10T13:54:02","guid":{"rendered":"https:\/\/krets.jagareforbundet.se\/mariestad-toreboda\/?page_id=222"},"modified":"2014-03-10T14:54:02","modified_gmt":"2014-03-10T13:54:02","slug":"utbildning","status":"publish","type":"page","link":"https:\/\/krets.jagareforbundet.se\/mariestad-toreboda\/utbildning\/","title":{"rendered":"Utbildning"},"content":{"rendered":"<p>&nbsp;<\/p>\n<p>Utbildningsansvarig\/Studieombud i Mariestad\/T\u00f6reboda jaktv\u00e5rdskrets \u00e4r H\u00e5kan Krussg\u00e5rd.<br \/>\nMobiltelefon: 070-756 24 01,<br \/>\nE-postadress: krussgard.hakan@telia.com<\/p>\n<p>Studiefr\u00e4mjandet som \u00e4r J\u00e4garef\u00f6rbundets utbildningsorgan h\u00e5ller i de flesta kurser som genomf\u00f6rs inom jaktv\u00e5rdskretsen.<br \/>\nUtbildningar som \u00e5rligen genomf\u00f6rs \u00e4r en eller flera J\u00e4garexamenskurser samt dressyrkurs f\u00f6r jakthundar.<br \/>\nF\u00f6r information om aktuella kurser som finns att tillg\u00e5, kontakta Studiefr\u00e4mjandet Norra Skaraborg, Veronica Lindberg p\u00e5 0500-381552 eller <a href=\"mailto:veronica.lindberg@studieframjandet.se\">veronica.lindberg@studieframjandet.se<\/a><\/p>\n<p>Har du egna f\u00f6rslag till kurs\u00e4mne kan man s\u00e4kert med r\u00e4tt deltagarantal ta fram material och starta studiecirkel f\u00f6r detta, kontakta Veronica f\u00f6r besked.<\/p>\n<p>Studiefr\u00e4mjandet har \u00e4ven en l\u00e4nk i l\u00e4nklistan.<\/p>\n","protected":false},"excerpt":{"rendered":"<p>&nbsp; Utbildningsansvarig\/Studieombud i Mariestad\/T\u00f6reboda jaktv\u00e5rdskrets \u00e4r H\u00e5kan Krussg\u00e5rd. Mobiltelefon: 070-756 24 01, E-postadress: krussgard.hakan@telia.com Studiefr\u00e4mjandet som \u00e4r J\u00e4garef\u00f6rbundets utbildningsorgan h\u00e5ller i de flesta kurser som genomf\u00f6rs inom jaktv\u00e5rdskretsen. Utbildningar som \u00e5rligen genomf\u00f6rs \u00e4r en eller flera J\u00e4garexamenskurser samt dressyrkurs f\u00f6r jakthundar. F\u00f6r information om aktuella kurser som finns att tillg\u00e5, kontakta Studiefr\u00e4mjandet Norra Skaraborg, Veronica [&hellip;]<\/p>\n","protected":false},"author":167,"featured_media":0,"parent":0,"menu_order":8,"comment_status":"open","ping_status":"open","template":"","meta":{"footnotes":""},"class_list":["post-222","page","type-page","status-publish","hentry"],"_links":{"self":[{"href":"https:\/\/krets.jagareforbundet.se\/mariestad-toreboda\/wp-json\/wp\/v2\/pages\/222","targetHints":{"allow":["GET"]}}],"collection":[{"href":"https:\/\/krets.jagareforbundet.se\/mariestad-toreboda\/wp-json\/wp\/v2\/pages"}],"about":[{"href":"https:\/\/krets.jagareforbundet.se\/mariestad-toreboda\/wp-json\/wp\/v2\/types\/page"}],"author":[{"embeddable":true,"href":"https:\/\/krets.jagareforbundet.se\/mariestad-toreboda\/wp-json\/wp\/v2\/users\/167"}],"replies":[{"embeddable":true,"href":"https:\/\/krets.jagareforbundet.se\/mariestad-toreboda\/wp-json\/wp\/v2\/comments?post=222"}],"version-history":[{"count":0,"href":"https:\/\/krets.jagareforbundet.se\/mariestad-toreboda\/wp-json\/wp\/v2\/pages\/222\/revisions"}],"wp:attachment":[{"href":"https:\/\/krets.jagareforbundet.se\/mariestad-toreboda\/wp-json\/wp\/v2\/media?parent=222"}],"curies":[{"name":"wp","href":"https:\/\/api.w.org\/{rel}","templated":true}]}}