{"id":244,"date":"2017-05-12T19:30:11","date_gmt":"2017-05-12T17:30:11","guid":{"rendered":"https:\/\/krets.jagareforbundet.se\/mariestad-toreboda\/?page_id=244"},"modified":"2017-05-12T19:31:53","modified_gmt":"2017-05-12T17:31:53","slug":"rovdjur","status":"publish","type":"page","link":"https:\/\/krets.jagareforbundet.se\/mariestad-toreboda\/rovdjur\/","title":{"rendered":"Rovdjur"},"content":{"rendered":"<p>Rovdjursansvarig i Mariestad\/T\u00f6reboda jaktv\u00e5rdskrets \u00e4r Henrik Salomonsson &#8211; 0706779952<\/p>\n","protected":false},"excerpt":{"rendered":"<p>Rovdjursansvarig i Mariestad\/T\u00f6reboda jaktv\u00e5rdskrets \u00e4r Henrik Salomonsson &#8211; 0706779952<\/p>\n","protected":false},"author":167,"featured_media":0,"parent":0,"menu_order":5,"comment_status":"closed","ping_status":"closed","template":"","meta":{"footnotes":""},"class_list":["post-244","page","type-page","status-publish","hentry"],"_links":{"self":[{"href":"https:\/\/krets.jagareforbundet.se\/mariestad-toreboda\/wp-json\/wp\/v2\/pages\/244","targetHints":{"allow":["GET"]}}],"collection":[{"href":"https:\/\/krets.jagareforbundet.se\/mariestad-toreboda\/wp-json\/wp\/v2\/pages"}],"about":[{"href":"https:\/\/krets.jagareforbundet.se\/mariestad-toreboda\/wp-json\/wp\/v2\/types\/page"}],"author":[{"embeddable":true,"href":"https:\/\/krets.jagareforbundet.se\/mariestad-toreboda\/wp-json\/wp\/v2\/users\/167"}],"replies":[{"embeddable":true,"href":"https:\/\/krets.jagareforbundet.se\/mariestad-toreboda\/wp-json\/wp\/v2\/comments?post=244"}],"version-history":[{"count":0,"href":"https:\/\/krets.jagareforbundet.se\/mariestad-toreboda\/wp-json\/wp\/v2\/pages\/244\/revisions"}],"wp:attachment":[{"href":"https:\/\/krets.jagareforbundet.se\/mariestad-toreboda\/wp-json\/wp\/v2\/media?parent=244"}],"curies":[{"name":"wp","href":"https:\/\/api.w.org\/{rel}","templated":true}]}}