{"id":254,"date":"2019-03-08T19:53:18","date_gmt":"2019-03-08T18:53:18","guid":{"rendered":"https:\/\/krets.jagareforbundet.se\/mariestad-toreboda\/?page_id=254"},"modified":"2025-03-05T16:57:34","modified_gmt":"2025-03-05T15:57:34","slug":"254-2","status":"publish","type":"page","link":"https:\/\/krets.jagareforbundet.se\/mariestad-toreboda\/ymsens-jaktskytteklubb\/254-2\/","title":{"rendered":"Trapbanan"},"content":{"rendered":"<h2>Skjutprogram f\u00f6r trapbanan 2025<\/h2>\n<table style=\"height: 2105px\" width=\"670\">\n<tbody>\n<tr>\n<td colspan=\"3\" width=\"592\"><strong>SKJUTPROGRAM TRAPBANAN<\/strong><\/td>\n<\/tr>\n<tr>\n<td width=\"284\"><strong>SKJUTDAG<\/strong><\/td>\n<td colspan=\"2\" width=\"308\"><strong>SKJUTCHEF<\/strong><\/td>\n<\/tr>\n<tr>\n<td width=\"284\"><strong>L\u00f6r 3\/5<\/strong><\/td>\n<td colspan=\"2\" width=\"308\"><strong>Ingemar Karlsson<\/strong><\/td>\n<\/tr>\n<tr>\n<td width=\"284\">Tis 6\/5<\/td>\n<td colspan=\"2\" width=\"308\">Robert Ernstsson<\/td>\n<\/tr>\n<tr>\n<td width=\"284\"><strong>L\u00f6r 10\/5<\/strong><\/td>\n<td colspan=\"2\" width=\"308\"><strong>Anders Blom<\/strong><\/td>\n<\/tr>\n<tr>\n<td width=\"284\">Tis 13\/5<\/td>\n<td colspan=\"2\" width=\"308\">Jonas Johansson<\/td>\n<\/tr>\n<tr>\n<td width=\"284\"><strong>L\u00f6r 17 \/5<\/strong><\/td>\n<td colspan=\"2\" width=\"308\"><strong>Ingemar Persson<\/strong><\/td>\n<\/tr>\n<tr>\n<td width=\"284\">Tis 20\/5<\/td>\n<td colspan=\"2\" width=\"308\">Jonas Persson<\/td>\n<\/tr>\n<tr>\n<td width=\"284\"><strong>L\u00f6r 24\/5<\/strong><\/td>\n<td colspan=\"2\" width=\"308\"><strong>Rico Berger<\/strong><\/td>\n<\/tr>\n<tr>\n<td width=\"284\">Tis 27\/5<\/td>\n<td colspan=\"2\" width=\"308\">Marco Coenradi<\/td>\n<\/tr>\n<tr>\n<td width=\"284\"><strong>L\u00f6r 31\/5<\/strong><\/td>\n<td colspan=\"2\" width=\"308\"><strong>Tore Johansson<\/strong><\/td>\n<\/tr>\n<tr>\n<td width=\"284\">Tis 3\/6<\/td>\n<td colspan=\"2\" width=\"308\">Claes M\u00e5rtensson<\/td>\n<\/tr>\n<tr>\n<td width=\"284\"><strong>Tis 10\/6<\/strong><\/td>\n<td colspan=\"2\" width=\"308\"><strong>Jan Skogsberg <\/strong><\/td>\n<\/tr>\n<tr>\n<td width=\"284\">L\u00f6r 14\/6<\/td>\n<td colspan=\"2\" width=\"308\">Niclas Grip<\/td>\n<\/tr>\n<tr>\n<td width=\"284\"><strong>Tis\u00a0 17\/6<\/strong><\/td>\n<td colspan=\"2\" width=\"308\"><strong>Bosse Falk<\/strong><\/td>\n<\/tr>\n<tr>\n<td colspan=\"3\" width=\"592\"><strong>H\u00f6sten endast L\u00f6rdagar<\/strong><\/td>\n<\/tr>\n<tr>\n<td width=\"284\">L\u00f6r 2\/8<\/td>\n<td colspan=\"2\" width=\"308\">Bosse Falk<\/td>\n<\/tr>\n<tr>\n<td width=\"284\"><strong>L\u00f6r 9\/8<\/strong><\/td>\n<td colspan=\"2\" width=\"308\"><strong>Ingemar Persson<\/strong><\/td>\n<\/tr>\n<tr>\n<td width=\"284\">L\u00f6r 16\/8<\/td>\n<td colspan=\"2\" width=\"308\">Ingemar Karlsson<\/td>\n<\/tr>\n<tr>\n<td width=\"284\"><strong>L\u00f6r 23\/8<\/strong><\/td>\n<td colspan=\"2\" width=\"308\"><strong>Thomas Sp\u00e5ng<\/strong><\/td>\n<\/tr>\n<tr>\n<td width=\"284\">L\u00f6r 30\/8<\/td>\n<td colspan=\"2\" width=\"308\">Bengt Svensson<\/td>\n<\/tr>\n<tr>\n<td width=\"284\"><strong>L\u00f6r 6\/9<\/strong><\/td>\n<td colspan=\"2\" width=\"308\"><strong>Rickard Lundgren<\/strong><\/td>\n<\/tr>\n<tr>\n<td width=\"284\">L\u00f6r 13\/9<\/td>\n<td colspan=\"2\" width=\"308\">Lars Blom<\/td>\n<\/tr>\n<tr>\n<td width=\"284\"><strong>L\u00f6r 20\/9<\/strong><\/td>\n<td colspan=\"2\" width=\"308\"><strong>Niclas Grip<\/strong><\/td>\n<\/tr>\n<tr>\n<td width=\"284\">L\u00f6r 27\/9<\/td>\n<td colspan=\"2\" width=\"308\">Bengt Svensson<\/td>\n<\/tr>\n<tr>\n<td width=\"284\"><strong>L\u00f6r 4\/10<\/strong><\/td>\n<td colspan=\"2\" width=\"308\"><strong>Lars Pettersson<\/strong><\/td>\n<\/tr>\n<tr>\n<td width=\"284\"><\/td>\n<td colspan=\"2\" width=\"308\"><\/td>\n<\/tr>\n<tr>\n<td colspan=\"3\" width=\"592\"><strong>Banan \u00e4r \u00f6ppen tisdagar 18.00-19.00\u00a0\u00a0 Endast under v\u00e5ren<\/strong><\/td>\n<\/tr>\n<tr>\n<td colspan=\"2\" width=\"369\"><strong>Ta med eget vapen och egen ammunition<\/strong><\/td>\n<td width=\"223\"><\/td>\n<\/tr>\n<tr>\n<td colspan=\"3\" width=\"592\"><strong>L\u00f6rdagar v\u00e5r och h\u00f6st \u00f6ppet 13.00-15.00<\/strong><\/td>\n<\/tr>\n<\/tbody>\n<\/table>\n","protected":false},"excerpt":{"rendered":"<p>Skjutprogram f\u00f6r trapbanan 2025 SKJUTPROGRAM TRAPBANAN SKJUTDAG SKJUTCHEF L\u00f6r 3\/5 Ingemar Karlsson Tis 6\/5 Robert Ernstsson L\u00f6r 10\/5 Anders Blom Tis 13\/5 Jonas Johansson L\u00f6r 17 \/5 Ingemar Persson Tis 20\/5 Jonas Persson L\u00f6r 24\/5 Rico Berger Tis 27\/5 Marco Coenradi L\u00f6r 31\/5 Tore Johansson Tis 3\/6 Claes M\u00e5rtensson Tis 10\/6 Jan Skogsberg L\u00f6r 14\/6 [&hellip;]<\/p>\n","protected":false},"author":167,"featured_media":0,"parent":187,"menu_order":3,"comment_status":"closed","ping_status":"closed","template":"","meta":{"footnotes":""},"class_list":["post-254","page","type-page","status-publish","hentry"],"_links":{"self":[{"href":"https:\/\/krets.jagareforbundet.se\/mariestad-toreboda\/wp-json\/wp\/v2\/pages\/254","targetHints":{"allow":["GET"]}}],"collection":[{"href":"https:\/\/krets.jagareforbundet.se\/mariestad-toreboda\/wp-json\/wp\/v2\/pages"}],"about":[{"href":"https:\/\/krets.jagareforbundet.se\/mariestad-toreboda\/wp-json\/wp\/v2\/types\/page"}],"author":[{"embeddable":true,"href":"https:\/\/krets.jagareforbundet.se\/mariestad-toreboda\/wp-json\/wp\/v2\/users\/167"}],"replies":[{"embeddable":true,"href":"https:\/\/krets.jagareforbundet.se\/mariestad-toreboda\/wp-json\/wp\/v2\/comments?post=254"}],"version-history":[{"count":3,"href":"https:\/\/krets.jagareforbundet.se\/mariestad-toreboda\/wp-json\/wp\/v2\/pages\/254\/revisions"}],"predecessor-version":[{"id":502,"href":"https:\/\/krets.jagareforbundet.se\/mariestad-toreboda\/wp-json\/wp\/v2\/pages\/254\/revisions\/502"}],"up":[{"embeddable":true,"href":"https:\/\/krets.jagareforbundet.se\/mariestad-toreboda\/wp-json\/wp\/v2\/pages\/187"}],"wp:attachment":[{"href":"https:\/\/krets.jagareforbundet.se\/mariestad-toreboda\/wp-json\/wp\/v2\/media?parent=254"}],"curies":[{"name":"wp","href":"https:\/\/api.w.org\/{rel}","templated":true}]}}