{"id":379,"date":"2022-03-02T07:50:51","date_gmt":"2022-03-02T06:50:51","guid":{"rendered":"https:\/\/krets.jagareforbundet.se\/mariestad-toreboda\/?page_id=379"},"modified":"2025-03-05T17:00:00","modified_gmt":"2025-03-05T16:00:00","slug":"vildsvinspass-bjornpass","status":"publish","type":"page","link":"https:\/\/krets.jagareforbundet.se\/mariestad-toreboda\/ymsens-jaktskytteklubb\/vildsvinspass-bjornpass\/","title":{"rendered":"Vildsvinspass \/ Bj\u00f6rnpass"},"content":{"rendered":"<p>&nbsp;<\/p>\n<p>&nbsp;<\/p>\n<p>&nbsp;<\/p>\n<p><strong><u>VILDSVINSPASSET 2025<\/u><\/strong><\/p>\n<p>Inst\u00e4llt<\/p>\n<p>Ingen datum utsatt d\u00e5 det under f\u00f6rra s\u00e4songen inte kom n\u00e5gon skytt.<\/p>\n<p>F\u00f6r fr\u00e5gor och information kontakta Kenny \u00d6nnefors, 070-884 54 07<\/p>\n<p>&nbsp;<\/p>\n<p><strong><u>BJ\u00d6RNPASSET 2025<\/u><\/strong><\/p>\n<p>Bj\u00f6rnpasset skjuts vid ett tillf\u00e4lle.<\/p>\n<p>Onsdagen den 6 augusti kl. 08.00.<\/p>\n<p>Bj\u00f6rnpasset, avgift 100 konor, omprov 20 kronor.<\/p>\n<p>F\u00f6r fr\u00e5gor och \u00f6vrig information kontakta Lars Jansson, 0708-33 54 15<\/p>\n","protected":false},"excerpt":{"rendered":"<p>&nbsp; &nbsp; &nbsp; VILDSVINSPASSET 2025 Inst\u00e4llt Ingen datum utsatt d\u00e5 det under f\u00f6rra s\u00e4songen inte kom n\u00e5gon skytt. F\u00f6r fr\u00e5gor och information kontakta Kenny \u00d6nnefors, 070-884 54 07 &nbsp; BJ\u00d6RNPASSET 2025 Bj\u00f6rnpasset skjuts vid ett tillf\u00e4lle. Onsdagen den 6 augusti kl. 08.00. Bj\u00f6rnpasset, avgift 100 konor, omprov 20 kronor. F\u00f6r fr\u00e5gor och \u00f6vrig information kontakta [&hellip;]<\/p>\n","protected":false},"author":167,"featured_media":0,"parent":187,"menu_order":6,"comment_status":"closed","ping_status":"closed","template":"","meta":{"footnotes":""},"class_list":["post-379","page","type-page","status-publish","hentry"],"_links":{"self":[{"href":"https:\/\/krets.jagareforbundet.se\/mariestad-toreboda\/wp-json\/wp\/v2\/pages\/379","targetHints":{"allow":["GET"]}}],"collection":[{"href":"https:\/\/krets.jagareforbundet.se\/mariestad-toreboda\/wp-json\/wp\/v2\/pages"}],"about":[{"href":"https:\/\/krets.jagareforbundet.se\/mariestad-toreboda\/wp-json\/wp\/v2\/types\/page"}],"author":[{"embeddable":true,"href":"https:\/\/krets.jagareforbundet.se\/mariestad-toreboda\/wp-json\/wp\/v2\/users\/167"}],"replies":[{"embeddable":true,"href":"https:\/\/krets.jagareforbundet.se\/mariestad-toreboda\/wp-json\/wp\/v2\/comments?post=379"}],"version-history":[{"count":3,"href":"https:\/\/krets.jagareforbundet.se\/mariestad-toreboda\/wp-json\/wp\/v2\/pages\/379\/revisions"}],"predecessor-version":[{"id":503,"href":"https:\/\/krets.jagareforbundet.se\/mariestad-toreboda\/wp-json\/wp\/v2\/pages\/379\/revisions\/503"}],"up":[{"embeddable":true,"href":"https:\/\/krets.jagareforbundet.se\/mariestad-toreboda\/wp-json\/wp\/v2\/pages\/187"}],"wp:attachment":[{"href":"https:\/\/krets.jagareforbundet.se\/mariestad-toreboda\/wp-json\/wp\/v2\/media?parent=379"}],"curies":[{"name":"wp","href":"https:\/\/api.w.org\/{rel}","templated":true}]}}