{"id":41,"date":"2011-09-09T08:17:14","date_gmt":"2011-09-09T08:17:14","guid":{"rendered":"https:\/\/krets.jagareforbundet.se\/template\/?page_id=41"},"modified":"2014-02-12T13:48:37","modified_gmt":"2014-02-12T12:48:37","slug":"arkiv","status":"publish","type":"page","link":"https:\/\/krets.jagareforbundet.se\/mariestad-toreboda\/arkiv\/","title":{"rendered":"Arkiv"},"content":{"rendered":"<p>Protokoll fr\u00e5n tidigare \u00e5rsm\u00f6ten<\/p>\n<p>&nbsp;<\/p>\n","protected":false},"excerpt":{"rendered":"<p>Protokoll fr\u00e5n tidigare \u00e5rsm\u00f6ten &nbsp;<\/p>\n","protected":false},"author":3,"featured_media":0,"parent":0,"menu_order":11,"comment_status":"open","ping_status":"open","template":"template-archives.php","meta":{"footnotes":""},"class_list":["post-41","page","type-page","status-publish","hentry"],"_links":{"self":[{"href":"https:\/\/krets.jagareforbundet.se\/mariestad-toreboda\/wp-json\/wp\/v2\/pages\/41","targetHints":{"allow":["GET"]}}],"collection":[{"href":"https:\/\/krets.jagareforbundet.se\/mariestad-toreboda\/wp-json\/wp\/v2\/pages"}],"about":[{"href":"https:\/\/krets.jagareforbundet.se\/mariestad-toreboda\/wp-json\/wp\/v2\/types\/page"}],"author":[{"embeddable":true,"href":"https:\/\/krets.jagareforbundet.se\/mariestad-toreboda\/wp-json\/wp\/v2\/users\/3"}],"replies":[{"embeddable":true,"href":"https:\/\/krets.jagareforbundet.se\/mariestad-toreboda\/wp-json\/wp\/v2\/comments?post=41"}],"version-history":[{"count":0,"href":"https:\/\/krets.jagareforbundet.se\/mariestad-toreboda\/wp-json\/wp\/v2\/pages\/41\/revisions"}],"wp:attachment":[{"href":"https:\/\/krets.jagareforbundet.se\/mariestad-toreboda\/wp-json\/wp\/v2\/media?parent=41"}],"curies":[{"name":"wp","href":"https:\/\/api.w.org\/{rel}","templated":true}]}}