{"id":143,"date":"2013-11-30T22:10:10","date_gmt":"2013-11-30T21:10:10","guid":{"rendered":"https:\/\/krets.jagareforbundet.se\/mellersta_sormlands\/?page_id=143"},"modified":"2015-01-28T15:28:13","modified_gmt":"2015-01-28T14:28:13","slug":"viltforvaltningsdelegationen-vfd","status":"publish","type":"page","link":"https:\/\/krets.jagareforbundet.se\/mellersta_sormlands\/viltforvaltningsdelegationen-vfd\/","title":{"rendered":"Viltf\u00f6rvaltnings delegationen (VFD)"},"content":{"rendered":"<p>&nbsp;<\/p>\n<p>Viltf\u00f6rvaltningsdelegationen \u00e4r ett organ inom l\u00e4nsstyrelsen f\u00f6r samverkan i fr\u00e5gor som r\u00f6r viltf\u00f6rvaltningen inom l\u00e4net.<br \/>\nMer information finns hos <b><a href=\"http:\/\/www.lansstyrelsen.se\/SODERMANLAND\/SV\/DJUR-OCH-NATUR\/JAKT-OCH-VILT\/VILTFORVALTNING\/Pages\/viltforvaltningsdelegationen.aspx\" target=\"_blank\">L\u00e4nsstyrelsen<\/a><\/b><\/p>\n<p>&nbsp;<\/p>\n","protected":false},"excerpt":{"rendered":"<p>&nbsp; Viltf\u00f6rvaltningsdelegationen \u00e4r ett organ inom l\u00e4nsstyrelsen f\u00f6r samverkan i fr\u00e5gor som r\u00f6r viltf\u00f6rvaltningen inom l\u00e4net. Mer information finns hos L\u00e4nsstyrelsen &nbsp;<\/p>\n","protected":false},"author":147,"featured_media":0,"parent":0,"menu_order":5,"comment_status":"open","ping_status":"open","template":"","meta":{"footnotes":""},"class_list":["post-143","page","type-page","status-publish","hentry"],"_links":{"self":[{"href":"https:\/\/krets.jagareforbundet.se\/mellersta_sormlands\/wp-json\/wp\/v2\/pages\/143","targetHints":{"allow":["GET"]}}],"collection":[{"href":"https:\/\/krets.jagareforbundet.se\/mellersta_sormlands\/wp-json\/wp\/v2\/pages"}],"about":[{"href":"https:\/\/krets.jagareforbundet.se\/mellersta_sormlands\/wp-json\/wp\/v2\/types\/page"}],"author":[{"embeddable":true,"href":"https:\/\/krets.jagareforbundet.se\/mellersta_sormlands\/wp-json\/wp\/v2\/users\/147"}],"replies":[{"embeddable":true,"href":"https:\/\/krets.jagareforbundet.se\/mellersta_sormlands\/wp-json\/wp\/v2\/comments?post=143"}],"version-history":[{"count":0,"href":"https:\/\/krets.jagareforbundet.se\/mellersta_sormlands\/wp-json\/wp\/v2\/pages\/143\/revisions"}],"wp:attachment":[{"href":"https:\/\/krets.jagareforbundet.se\/mellersta_sormlands\/wp-json\/wp\/v2\/media?parent=143"}],"curies":[{"name":"wp","href":"https:\/\/api.w.org\/{rel}","templated":true}]}}