{"id":157,"date":"2013-11-30T22:23:05","date_gmt":"2013-11-30T21:23:05","guid":{"rendered":"https:\/\/krets.jagareforbundet.se\/mellersta_sormlands\/?page_id=157"},"modified":"2018-04-18T15:00:49","modified_gmt":"2018-04-18T13:00:49","slug":"algforvaltnings-omrade-5-vfo5","status":"publish","type":"page","link":"https:\/\/krets.jagareforbundet.se\/mellersta_sormlands\/viltforvaltning-i-kretsen\/algforvaltnings-omrade-5-vfo5\/","title":{"rendered":"\u00c4lgf\u00f6rvaltningsomr\u00e5de 5 (VFO5)"},"content":{"rendered":"<p>&nbsp;<\/p>\n<p>Information ang\u00e5ende den nya \u00e4lgf\u00f6rvaltningssystemet som inf\u00f6rdes 2012 finns hos <b><a href=\"http:\/\/www.lansstyrelsen.se\/sodermanland\/Sv\/djur-och-natur\/jakt-och-vilt\/alg\/Pages\/det-nya-algforvaltningssystemet.aspx\">L\u00e4nsstyrelsen<\/a><\/b>.<\/p>\n<p>Hos\u00a0<b><a href=\"http:\/\/www.jagareforbundet.se\/sormland\/default.asp?path=38679%2C38680&amp;pageid=55085\">J\u00e4garef\u00f6rbundet S\u00f6rmland<\/a><\/b> finns aktuell information om den nya \u00e4lgf\u00f6rvaltningen i S\u00f6rmland.<br \/>\n<b><\/b><\/p>\n<p>&nbsp;<\/p>\n<p><a href=\"https:\/\/krets.jagareforbundet.se\/mellersta_sormlands\/files\/2013\/11\/Beslut-om-\u00e4lgf\u00f6rvaltningsgrupper-i-S\u00f6dermanlands-l\u00e4n.pdf\">Beslut om \u00e4lgf\u00f6rvaltningsgrupper i S\u00f6dermanlands l\u00e4n 2012-01-25<\/a><\/p>\n<p><a href=\"https:\/\/krets.jagareforbundet.se\/mellersta_sormlands\/files\/2013\/11\/karta-\u00f6ver-\u00e4lgf\u00f6rvaltningsomr\u00e5den-2013.pdf\">karta \u00f6ver \u00e4lgf\u00f6rvaltningsomr\u00e5den-2013<\/a><\/p>\n<p>&nbsp;<\/p>\n","protected":false},"excerpt":{"rendered":"<p>&nbsp; Information ang\u00e5ende den nya \u00e4lgf\u00f6rvaltningssystemet som inf\u00f6rdes 2012 finns hos L\u00e4nsstyrelsen. Hos\u00a0J\u00e4garef\u00f6rbundet S\u00f6rmland finns aktuell information om den nya \u00e4lgf\u00f6rvaltningen i S\u00f6rmland. &nbsp; Beslut om \u00e4lgf\u00f6rvaltningsgrupper i S\u00f6dermanlands l\u00e4n 2012-01-25 karta \u00f6ver \u00e4lgf\u00f6rvaltningsomr\u00e5den-2013 &nbsp;<\/p>\n","protected":false},"author":147,"featured_media":0,"parent":156,"menu_order":1,"comment_status":"open","ping_status":"open","template":"","meta":{"footnotes":""},"class_list":["post-157","page","type-page","status-publish","hentry"],"_links":{"self":[{"href":"https:\/\/krets.jagareforbundet.se\/mellersta_sormlands\/wp-json\/wp\/v2\/pages\/157","targetHints":{"allow":["GET"]}}],"collection":[{"href":"https:\/\/krets.jagareforbundet.se\/mellersta_sormlands\/wp-json\/wp\/v2\/pages"}],"about":[{"href":"https:\/\/krets.jagareforbundet.se\/mellersta_sormlands\/wp-json\/wp\/v2\/types\/page"}],"author":[{"embeddable":true,"href":"https:\/\/krets.jagareforbundet.se\/mellersta_sormlands\/wp-json\/wp\/v2\/users\/147"}],"replies":[{"embeddable":true,"href":"https:\/\/krets.jagareforbundet.se\/mellersta_sormlands\/wp-json\/wp\/v2\/comments?post=157"}],"version-history":[{"count":0,"href":"https:\/\/krets.jagareforbundet.se\/mellersta_sormlands\/wp-json\/wp\/v2\/pages\/157\/revisions"}],"up":[{"embeddable":true,"href":"https:\/\/krets.jagareforbundet.se\/mellersta_sormlands\/wp-json\/wp\/v2\/pages\/156"}],"wp:attachment":[{"href":"https:\/\/krets.jagareforbundet.se\/mellersta_sormlands\/wp-json\/wp\/v2\/media?parent=157"}],"curies":[{"name":"wp","href":"https:\/\/api.w.org\/{rel}","templated":true}]}}