{"id":158,"date":"2013-11-30T22:28:13","date_gmt":"2013-11-30T21:28:13","guid":{"rendered":"https:\/\/krets.jagareforbundet.se\/mellersta_sormlands\/?page_id=158"},"modified":"2015-02-02T13:06:04","modified_gmt":"2015-02-02T12:06:04","slug":"alg-och-kronskotsel-omraden-asokro","status":"publish","type":"page","link":"https:\/\/krets.jagareforbundet.se\/mellersta_sormlands\/viltforvaltning-i-kretsen\/alg-och-kronskotsel-omraden-asokro\/","title":{"rendered":"\u00c4lg- och kronsk\u00f6tsel omr\u00e5den"},"content":{"rendered":"<p>&nbsp;<\/p>\n<p>Inom kretsen finns 3 stycken \u00c4lg- o Kronsk\u00f6tselomr\u00e5den.<\/p>\n<ul>\n<li>BBL:s \u00c4lg- o Kronsk\u00f6tselomr\u00e5de med 3 stycken tilldelningsomr\u00e5den. Bettna-Vrena, Vadsbro-Blacksta-Forssa (VBF) och Lerbo.<\/li>\n<\/ul>\n<ul>\n<li>Husby-\u00c5rdala \u00c4lg- o Kronsk\u00f6tselomr\u00e5de.<\/li>\n<\/ul>\n<ul>\n<li>Henaredalen-Helgesta \u00c4lg- o Kronsk\u00f6tselomr\u00e5de med 2 stycken tilldelningsomr\u00e5den.<\/li>\n<\/ul>\n","protected":false},"excerpt":{"rendered":"<p>&nbsp; Inom kretsen finns 3 stycken \u00c4lg- o Kronsk\u00f6tselomr\u00e5den. BBL:s \u00c4lg- o Kronsk\u00f6tselomr\u00e5de med 3 stycken tilldelningsomr\u00e5den. Bettna-Vrena, Vadsbro-Blacksta-Forssa (VBF) och Lerbo. Husby-\u00c5rdala \u00c4lg- o Kronsk\u00f6tselomr\u00e5de. Henaredalen-Helgesta \u00c4lg- o Kronsk\u00f6tselomr\u00e5de med 2 stycken tilldelningsomr\u00e5den.<\/p>\n","protected":false},"author":147,"featured_media":0,"parent":156,"menu_order":2,"comment_status":"open","ping_status":"open","template":"","meta":{"footnotes":""},"class_list":["post-158","page","type-page","status-publish","hentry"],"_links":{"self":[{"href":"https:\/\/krets.jagareforbundet.se\/mellersta_sormlands\/wp-json\/wp\/v2\/pages\/158","targetHints":{"allow":["GET"]}}],"collection":[{"href":"https:\/\/krets.jagareforbundet.se\/mellersta_sormlands\/wp-json\/wp\/v2\/pages"}],"about":[{"href":"https:\/\/krets.jagareforbundet.se\/mellersta_sormlands\/wp-json\/wp\/v2\/types\/page"}],"author":[{"embeddable":true,"href":"https:\/\/krets.jagareforbundet.se\/mellersta_sormlands\/wp-json\/wp\/v2\/users\/147"}],"replies":[{"embeddable":true,"href":"https:\/\/krets.jagareforbundet.se\/mellersta_sormlands\/wp-json\/wp\/v2\/comments?post=158"}],"version-history":[{"count":0,"href":"https:\/\/krets.jagareforbundet.se\/mellersta_sormlands\/wp-json\/wp\/v2\/pages\/158\/revisions"}],"up":[{"embeddable":true,"href":"https:\/\/krets.jagareforbundet.se\/mellersta_sormlands\/wp-json\/wp\/v2\/pages\/156"}],"wp:attachment":[{"href":"https:\/\/krets.jagareforbundet.se\/mellersta_sormlands\/wp-json\/wp\/v2\/media?parent=158"}],"curies":[{"name":"wp","href":"https:\/\/api.w.org\/{rel}","templated":true}]}}