{"id":160,"date":"2013-11-30T22:31:11","date_gmt":"2013-11-30T21:31:11","guid":{"rendered":"https:\/\/krets.jagareforbundet.se\/mellersta_sormlands\/?page_id=160"},"modified":"2016-05-20T10:11:23","modified_gmt":"2016-05-20T08:11:23","slug":"bbl-alg-och-kronskotsel-omrade","status":"publish","type":"page","link":"https:\/\/krets.jagareforbundet.se\/mellersta_sormlands\/viltforvaltning-i-kretsen\/alg-och-kronskotsel-omraden-asokro\/bbl-alg-och-kronskotsel-omrade\/","title":{"rendered":"BBL:s \u00c4SO och KRO"},"content":{"rendered":"<p>&nbsp;<\/p>\n<p>Kontaktperson:<\/p>\n<p>BBL:s \u00c4lg-och Kronsk\u00f6tselomr\u00e5de \u00e4r XX hektar stort omr\u00e5de som \u00e4r indelat i tre stycken tilldelningsomr\u00e5den.<\/p>\n<p>Bettna-Vrena<br \/>\nVadsbro-Blacksta- Forssa<br \/>\nLerbo<\/p>\n<address>\u00a0<\/address>\n","protected":false},"excerpt":{"rendered":"<p>&nbsp; Kontaktperson: BBL:s \u00c4lg-och Kronsk\u00f6tselomr\u00e5de \u00e4r XX hektar stort omr\u00e5de som \u00e4r indelat i tre stycken tilldelningsomr\u00e5den. Bettna-Vrena Vadsbro-Blacksta- Forssa Lerbo \u00a0<\/p>\n","protected":false},"author":147,"featured_media":0,"parent":158,"menu_order":1,"comment_status":"open","ping_status":"open","template":"","meta":{"footnotes":""},"class_list":["post-160","page","type-page","status-publish","hentry"],"_links":{"self":[{"href":"https:\/\/krets.jagareforbundet.se\/mellersta_sormlands\/wp-json\/wp\/v2\/pages\/160","targetHints":{"allow":["GET"]}}],"collection":[{"href":"https:\/\/krets.jagareforbundet.se\/mellersta_sormlands\/wp-json\/wp\/v2\/pages"}],"about":[{"href":"https:\/\/krets.jagareforbundet.se\/mellersta_sormlands\/wp-json\/wp\/v2\/types\/page"}],"author":[{"embeddable":true,"href":"https:\/\/krets.jagareforbundet.se\/mellersta_sormlands\/wp-json\/wp\/v2\/users\/147"}],"replies":[{"embeddable":true,"href":"https:\/\/krets.jagareforbundet.se\/mellersta_sormlands\/wp-json\/wp\/v2\/comments?post=160"}],"version-history":[{"count":0,"href":"https:\/\/krets.jagareforbundet.se\/mellersta_sormlands\/wp-json\/wp\/v2\/pages\/160\/revisions"}],"up":[{"embeddable":true,"href":"https:\/\/krets.jagareforbundet.se\/mellersta_sormlands\/wp-json\/wp\/v2\/pages\/158"}],"wp:attachment":[{"href":"https:\/\/krets.jagareforbundet.se\/mellersta_sormlands\/wp-json\/wp\/v2\/media?parent=160"}],"curies":[{"name":"wp","href":"https:\/\/api.w.org\/{rel}","templated":true}]}}