{"id":170,"date":"2013-11-30T22:57:30","date_gmt":"2013-11-30T21:57:30","guid":{"rendered":"https:\/\/krets.jagareforbundet.se\/mellersta_sormlands\/?page_id=170"},"modified":"2014-01-28T08:58:26","modified_gmt":"2014-01-28T07:58:26","slug":"viltdata","status":"publish","type":"page","link":"https:\/\/krets.jagareforbundet.se\/mellersta_sormlands\/viltdata\/","title":{"rendered":"Viltdata"},"content":{"rendered":"<p>&nbsp;<\/p>\n<p><b>\u00a0<\/b><\/p>\n<p>Viltdata \u00e4r en nationell portal d\u00e4r landets alla jaktlag erbjuds rapportera avskjutning med flera uppgifter fr\u00e5n den svenska jaktut\u00f6vningen.<br \/>\nEtt verktyg som underl\u00e4ttar f\u00f6r j\u00e4gark\u00e5rens kommunikation och administration.<br \/>\nEn webbplats som tillg\u00e4ngligg\u00f6r lokal och regional information om de jaktbara viltstammarna.<\/p>\n<p><strong>Rapportera och f\u00e5 tillbaka sammanst\u00e4llningar! <\/strong><br \/>\nP\u00e5 Viltdata kan du bland annat rapportera f\u00f6ljande uppgifter fr\u00e5n jakten: avskjutning, \u00e4lg- och rovdjursobs, \u00f6vrig d\u00f6dlighet samt slaktvikter.<\/p>\n<p>Rapporteringen leder omedelbart till publicerade sammanst\u00e4llningar till underlag f\u00f6r f\u00f6rvaltning och \u00f6vervakning av det jaktbara viltet d\u00e4r du bedriver jakt.<\/p>\n<p>&nbsp;<\/p>\n<p>Viltdata \u00e4r en satsning av Svenska J\u00e4garef\u00f6rbundet i samverkan med l\u00e4nsstyrelser, skogsbolag och universitet m m.<\/p>\n<p>&nbsp;<\/p>\n<p>G\u00e5 in p\u00e5 <b><a href=\"http:\/\/www.viltdata.se\/\" target=\"_blank\">www.viltdata.se<\/a><\/b> och f\u00e5\u00a0 statistik som kan vara anv\u00e4ndbar f\u00f6r en klok och balanserad viltf\u00f6rvaltning.<\/p>\n","protected":false},"excerpt":{"rendered":"<p>&nbsp; \u00a0 Viltdata \u00e4r en nationell portal d\u00e4r landets alla jaktlag erbjuds rapportera avskjutning med flera uppgifter fr\u00e5n den svenska jaktut\u00f6vningen. Ett verktyg som underl\u00e4ttar f\u00f6r j\u00e4gark\u00e5rens kommunikation och administration. En webbplats som tillg\u00e4ngligg\u00f6r lokal och regional information om de jaktbara viltstammarna. Rapportera och f\u00e5 tillbaka sammanst\u00e4llningar! P\u00e5 Viltdata kan du bland annat rapportera f\u00f6ljande [&hellip;]<\/p>\n","protected":false},"author":147,"featured_media":0,"parent":0,"menu_order":10,"comment_status":"open","ping_status":"open","template":"","meta":{"footnotes":""},"class_list":["post-170","page","type-page","status-publish","hentry"],"_links":{"self":[{"href":"https:\/\/krets.jagareforbundet.se\/mellersta_sormlands\/wp-json\/wp\/v2\/pages\/170","targetHints":{"allow":["GET"]}}],"collection":[{"href":"https:\/\/krets.jagareforbundet.se\/mellersta_sormlands\/wp-json\/wp\/v2\/pages"}],"about":[{"href":"https:\/\/krets.jagareforbundet.se\/mellersta_sormlands\/wp-json\/wp\/v2\/types\/page"}],"author":[{"embeddable":true,"href":"https:\/\/krets.jagareforbundet.se\/mellersta_sormlands\/wp-json\/wp\/v2\/users\/147"}],"replies":[{"embeddable":true,"href":"https:\/\/krets.jagareforbundet.se\/mellersta_sormlands\/wp-json\/wp\/v2\/comments?post=170"}],"version-history":[{"count":0,"href":"https:\/\/krets.jagareforbundet.se\/mellersta_sormlands\/wp-json\/wp\/v2\/pages\/170\/revisions"}],"wp:attachment":[{"href":"https:\/\/krets.jagareforbundet.se\/mellersta_sormlands\/wp-json\/wp\/v2\/media?parent=170"}],"curies":[{"name":"wp","href":"https:\/\/api.w.org\/{rel}","templated":true}]}}