{"id":171,"date":"2013-11-30T23:02:12","date_gmt":"2013-11-30T22:02:12","guid":{"rendered":"https:\/\/krets.jagareforbundet.se\/mellersta_sormlands\/?page_id=171"},"modified":"2014-01-28T08:57:36","modified_gmt":"2014-01-28T07:57:36","slug":"vilt-o-trafik","status":"publish","type":"page","link":"https:\/\/krets.jagareforbundet.se\/mellersta_sormlands\/vilt-o-trafik\/","title":{"rendered":"Vilt och Trafik"},"content":{"rendered":"<p>&nbsp;<\/p>\n<h2>Du \u00e4r skyldig att g\u00f6ra en polisanm\u00e4lan<\/h2>\n<p>Du m\u00e5ste g\u00f6ra en anm\u00e4lan till Polisen \u00e4ven om djuret du sammanst\u00f6tt med inte \u00e4r synbart skadat. Att inte anm\u00e4la en viltolycka med ovan n\u00e4mnda djur \u00e4r straffbart och kan ge b\u00f6ter.<\/p>\n<p>Vid polisanm\u00e4lan av en viltolycka ska du uppge:<\/p>\n<ul>\n<li>Dina person- och fordonsuppgifter<\/li>\n<li>Var olycksplatsen \u00e4r, ort, v\u00e4gnummer och k\u00e4nnem\u00e4rken (om m\u00f6jligt ange GPS-position)<\/li>\n<li>Vilken typ av djur som \u00e4r inblandat, om det finns kvar p\u00e5 platsen eller i vilken riktning det f\u00f6rsvunnit<\/li>\n<\/ul>\n<p>Mer om hur en viltolycka\u00a0hanteras av Polisen i broschyren &#8221;<a title=\"Klicka p\u00e5 l\u00e4nken \" href=\"http:\/\/www.viltolycka.se\/service\/dokument\/?Path=\/Informationsmaterial\/2011\" target=\"_blank\">S\u00e5 arbetar vi med viltolyckor<\/a>&#8221;.<\/p>\n<p>Det finns en speciell markeringsremsa som kan anv\u00e4ndas f\u00f6r att markera platsen d\u00e4r djuret ligger eller d\u00e4r det l\u00e4mnat platsen. Markeringsremsan delas bland annat ut\u00a0p\u00e5 bilprovningsstationer och finns i\u00a0en del\u00a0nya bilar. Den kan best\u00e4llas fr\u00e5n\u00a0<a title=\"Nationella viltolycksr\u00e5det\" href=\"http:\/\/www.viltolycka.se\/hem.aspx\" target=\"_blank\">Nationella viltolycksr\u00e5det<\/a>. Om du inte har n\u00e5gon markeringsremsa kan du m\u00e4rka ut platsen\u00a0med n\u00e5got annat som \u00e4r v\u00e4l synligt, till exempel\u00a0en plastp\u00e5se eller en\u00a0halsduk.<\/p>\n<p><b>Nationella Viltolycksr\u00e5det, NVR<\/b>,\u00a0\u00e4r ett nationellt samarbetsorgan som arbetar med fr\u00e5gor inom viltolycksproblematiken. Inom ramen f\u00f6r sitt allm\u00e4nna uppdrag svarar Svenska J\u00e4garef\u00f6rbundet f\u00f6r att tillsammans med J\u00e4garnas Riksf\u00f6rbund tillhandah\u00e5lla j\u00e4gare med sp\u00e5rhundar och kontaktpersoner f\u00f6r viltolycksorganisationen.<\/p>\n<p>Trafikverket har ansvaret f\u00f6r den del i r\u00e5det som avser viltolycksf\u00f6rebyggande \u00e5tg\u00e4rder. P\u00e5\u00a0Nationella Viltolyckr\u00e5dets\u00a0hemsida redovisas viltolyckorna p\u00e5 en karta.<br \/>\nViltolycksstatistiken uppdateras regelbundet och datum f\u00f6r uppdatering anges.<\/p>\n<p><a href=\"http:\/\/www.viltolycka.se\/statistik\/\" target=\"_blank\"><b>http:\/\/www.viltolycka.se\/statistik\/<\/b><\/a><\/p>\n","protected":false},"excerpt":{"rendered":"<p>&nbsp; Du \u00e4r skyldig att g\u00f6ra en polisanm\u00e4lan Du m\u00e5ste g\u00f6ra en anm\u00e4lan till Polisen \u00e4ven om djuret du sammanst\u00f6tt med inte \u00e4r synbart skadat. Att inte anm\u00e4la en viltolycka med ovan n\u00e4mnda djur \u00e4r straffbart och kan ge b\u00f6ter. Vid polisanm\u00e4lan av en viltolycka ska du uppge: Dina person- och fordonsuppgifter Var olycksplatsen \u00e4r, [&hellip;]<\/p>\n","protected":false},"author":147,"featured_media":0,"parent":0,"menu_order":9,"comment_status":"open","ping_status":"open","template":"","meta":{"footnotes":""},"class_list":["post-171","page","type-page","status-publish","hentry"],"_links":{"self":[{"href":"https:\/\/krets.jagareforbundet.se\/mellersta_sormlands\/wp-json\/wp\/v2\/pages\/171","targetHints":{"allow":["GET"]}}],"collection":[{"href":"https:\/\/krets.jagareforbundet.se\/mellersta_sormlands\/wp-json\/wp\/v2\/pages"}],"about":[{"href":"https:\/\/krets.jagareforbundet.se\/mellersta_sormlands\/wp-json\/wp\/v2\/types\/page"}],"author":[{"embeddable":true,"href":"https:\/\/krets.jagareforbundet.se\/mellersta_sormlands\/wp-json\/wp\/v2\/users\/147"}],"replies":[{"embeddable":true,"href":"https:\/\/krets.jagareforbundet.se\/mellersta_sormlands\/wp-json\/wp\/v2\/comments?post=171"}],"version-history":[{"count":0,"href":"https:\/\/krets.jagareforbundet.se\/mellersta_sormlands\/wp-json\/wp\/v2\/pages\/171\/revisions"}],"wp:attachment":[{"href":"https:\/\/krets.jagareforbundet.se\/mellersta_sormlands\/wp-json\/wp\/v2\/media?parent=171"}],"curies":[{"name":"wp","href":"https:\/\/api.w.org\/{rel}","templated":true}]}}