{"id":173,"date":"2013-11-30T23:06:46","date_gmt":"2013-11-30T22:06:46","guid":{"rendered":"https:\/\/krets.jagareforbundet.se\/mellersta_sormlands\/?page_id=173"},"modified":"2015-01-28T15:29:25","modified_gmt":"2015-01-28T14:29:25","slug":"alg","status":"publish","type":"page","link":"https:\/\/krets.jagareforbundet.se\/mellersta_sormlands\/jakt-och-viltvard\/alg\/","title":{"rendered":"\u00c4lg"},"content":{"rendered":"<p><a href=\"https:\/\/krets.jagareforbundet.se\/mellersta_sormlands\/files\/2013\/11\/alg.jpg\"><img loading=\"lazy\" decoding=\"async\" class=\"alignnone size-medium wp-image-240\" src=\"https:\/\/krets.jagareforbundet.se\/mellersta_sormlands\/files\/2013\/11\/alg-300x203.jpg\" alt=\"alg\" width=\"300\" height=\"203\" srcset=\"https:\/\/krets.jagareforbundet.se\/mellersta_sormlands\/files\/2013\/11\/alg-300x203.jpg 300w, https:\/\/krets.jagareforbundet.se\/mellersta_sormlands\/files\/2013\/11\/alg.jpg 570w\" sizes=\"auto, (max-width: 300px) 100vw, 300px\" \/><\/a><\/p>\n<p><a href=\"https:\/\/krets.jagareforbundet.se\/mellersta_sormlands\/files\/2013\/11\/M\u00e5ls\u00e4ttning-f\u00f6r-\u00e4lgstammen-i-S\u00f6dermanlands-l\u00e4n-2013-2016.pdf\">M\u00e5ls\u00e4ttning f\u00f6r \u00e4lgstammen i S\u00f6dermanlands l\u00e4n 2013-2016<\/a><\/p>\n<p><a href=\"https:\/\/krets.jagareforbundet.se\/mellersta_sormlands\/?p=182\">SYD\u00c4LG &#8211; F\u00f6lj en \u00e4lgs liv!<\/a><\/p>\n<p>&nbsp;<\/p>\n<p>&nbsp;<\/p>\n","protected":false},"excerpt":{"rendered":"<p>M\u00e5ls\u00e4ttning f\u00f6r \u00e4lgstammen i S\u00f6dermanlands l\u00e4n 2013-2016 SYD\u00c4LG &#8211; F\u00f6lj en \u00e4lgs liv! &nbsp; &nbsp;<\/p>\n","protected":false},"author":147,"featured_media":0,"parent":172,"menu_order":1,"comment_status":"open","ping_status":"open","template":"","meta":{"footnotes":""},"class_list":["post-173","page","type-page","status-publish","hentry"],"_links":{"self":[{"href":"https:\/\/krets.jagareforbundet.se\/mellersta_sormlands\/wp-json\/wp\/v2\/pages\/173","targetHints":{"allow":["GET"]}}],"collection":[{"href":"https:\/\/krets.jagareforbundet.se\/mellersta_sormlands\/wp-json\/wp\/v2\/pages"}],"about":[{"href":"https:\/\/krets.jagareforbundet.se\/mellersta_sormlands\/wp-json\/wp\/v2\/types\/page"}],"author":[{"embeddable":true,"href":"https:\/\/krets.jagareforbundet.se\/mellersta_sormlands\/wp-json\/wp\/v2\/users\/147"}],"replies":[{"embeddable":true,"href":"https:\/\/krets.jagareforbundet.se\/mellersta_sormlands\/wp-json\/wp\/v2\/comments?post=173"}],"version-history":[{"count":0,"href":"https:\/\/krets.jagareforbundet.se\/mellersta_sormlands\/wp-json\/wp\/v2\/pages\/173\/revisions"}],"up":[{"embeddable":true,"href":"https:\/\/krets.jagareforbundet.se\/mellersta_sormlands\/wp-json\/wp\/v2\/pages\/172"}],"wp:attachment":[{"href":"https:\/\/krets.jagareforbundet.se\/mellersta_sormlands\/wp-json\/wp\/v2\/media?parent=173"}],"curies":[{"name":"wp","href":"https:\/\/api.w.org\/{rel}","templated":true}]}}