{"id":182,"date":"2013-11-30T23:17:33","date_gmt":"2013-11-30T22:17:33","guid":{"rendered":"https:\/\/krets.jagareforbundet.se\/mellersta_sormlands\/?page_id=182"},"modified":"2013-12-16T21:20:23","modified_gmt":"2013-12-16T20:20:23","slug":"algforskning","status":"publish","type":"page","link":"https:\/\/krets.jagareforbundet.se\/mellersta_sormlands\/jakt-och-viltvard\/alg\/algforskning\/","title":{"rendered":"SYD\u00c4LG &#8211; F\u00f6lj en \u00e4lgs liv!"},"content":{"rendered":"<p>&nbsp;<\/p>\n<p>F\u00f6lj de GPS-m\u00e4rkta \u00e4lgarna i S\u00f6dermanland och Kronoberg p\u00e5 din dator.<\/p>\n<p>Projektet, som kallas SYD\u00c4LG, genomf\u00f6rs i samarbete mellan SLU:s temaforskningsprogram Vilt och skog och Svenska J\u00e4garef\u00f6rbundet. Det \u00e4r J\u00e4garef\u00f6rbundets s\u00e5 kallade Forskningstjuga, med andra ord en del av medlemsavgiften, som bidrar till kostnaderna f\u00f6r projektet.<\/p>\n<p>\u00c4lgarnas GPS tar en position var 30:e minut. Var 3,5:e timma skickas ett SMS till en dator som \u00f6verf\u00f6r informationen till en digital karta. Positionerna l\u00e4ggs ut f\u00f6rst efter 14 dagar. \u00c5tg\u00e4rden ska f\u00f6rhindra att \u00e4lgarna stressas av alltf\u00f6r intresserade och n\u00e4rg\u00e5ngna intresserade m\u00e4nniskor. \u00c4lgarna ska kunna f\u00f6ljas i upp till tre \u00e5r.<\/p>\n<p>&nbsp;<\/p>\n<p><b>Population \u00d6ster Malma<\/b><\/p>\n<p>I februari 2009 m\u00e4rktes 25 \u00e4lgar i omr\u00e5det kring \u00d6ster Malma varav \u00e4r 5 tjurar och 20 kor. I januari 2010 m\u00e4rktes ytterligare 7 \u00e4lgar i omr\u00e5det f\u00f6r att ers\u00e4tta de vi hade tappat under 2009. Omr\u00e5det \u00e4r mycket sp\u00e4nnande inte bara med h\u00e4nsyn p\u00e5 \u00e4lg och skogsbruk, utan ocks\u00e5 f\u00f6r att olika de olika kl\u00f6vdjurarterna f\u00f6rekommer i samma trakter samt f\u00f6r vilt och trafikfr\u00e5gor. I b\u00f6rjan av 2012 m\u00e4rktes ytterligare 39 \u00e4lgar (29 kor och 10 tjurar) f\u00f6r att ers\u00e4tta en del av f\u00f6rluster under 2010-2011 och f\u00f6r att ut\u00f6ka forskningsinsatsen i detta referensomr\u00e5de.<\/p>\n<p><b>L\u00e4nk till hemsidan f\u00f6r \u00c4lgforskning \u00a0 \u00a0 \u00a0<a href=\"http:\/\/webmap.slu.se\/website\/moosetrack_SA\/viewer.asp\">http:\/\/webmap.slu.se\/website\/moosetrack_SA\/viewer.asp<\/a><br \/>\n<\/b><\/p>\n<p>&nbsp;<\/p>\n<p><b><span style=\"text-decoration: underline\">Om du skjuter en m\u00e4rkt \u00e4lg <\/span><\/b><\/p>\n<p>Om en m\u00e4rkt \u00e4lg skjuts eller en kalv till en m\u00e4rkt ko skjuts vill vi ha information om n\u00e4r \u00e4lgen sk\u00f6ts och \u00e4lgens slaktvikt. F\u00f6r vuxna \u00e4lgar vill vi ha k\u00e4ken f\u00f6r senare \u00e5ldersbest\u00e4mning. F\u00f6r kalvarna vill vi veta k\u00f6net. Vi extra intresserade av att f\u00e5 vikterna f\u00f6r de kalvar som skjuts eftersom en del v\u00e4gdes vid f\u00f6dseln. Halsbanden till m\u00e4rkta \u00e4lgar vill vi g\u00e4rna ha tillbaka. De kan \u00e5teranv\u00e4ndas efter batteribyte. Sk\u00e4r inte av halsbanden.<\/p>\n<p><b>\u00a0<\/b><\/p>\n<p><b>Kontakta Eric Andersson 070-6765010 eller Fredrik Stenbacka\u00a0073-8120816 om ni skjuter en m\u00e4rkt \u00e4lg eller en kalv till en m\u00e4rkt \u00e4lg. <\/b><\/p>\n","protected":false},"excerpt":{"rendered":"<p>&nbsp; F\u00f6lj de GPS-m\u00e4rkta \u00e4lgarna i S\u00f6dermanland och Kronoberg p\u00e5 din dator. Projektet, som kallas SYD\u00c4LG, genomf\u00f6rs i samarbete mellan SLU:s temaforskningsprogram Vilt och skog och Svenska J\u00e4garef\u00f6rbundet. Det \u00e4r J\u00e4garef\u00f6rbundets s\u00e5 kallade Forskningstjuga, med andra ord en del av medlemsavgiften, som bidrar till kostnaderna f\u00f6r projektet. \u00c4lgarnas GPS tar en position var 30:e minut. [&hellip;]<\/p>\n","protected":false},"author":147,"featured_media":0,"parent":173,"menu_order":1,"comment_status":"open","ping_status":"open","template":"","meta":{"footnotes":""},"class_list":["post-182","page","type-page","status-publish","hentry"],"_links":{"self":[{"href":"https:\/\/krets.jagareforbundet.se\/mellersta_sormlands\/wp-json\/wp\/v2\/pages\/182","targetHints":{"allow":["GET"]}}],"collection":[{"href":"https:\/\/krets.jagareforbundet.se\/mellersta_sormlands\/wp-json\/wp\/v2\/pages"}],"about":[{"href":"https:\/\/krets.jagareforbundet.se\/mellersta_sormlands\/wp-json\/wp\/v2\/types\/page"}],"author":[{"embeddable":true,"href":"https:\/\/krets.jagareforbundet.se\/mellersta_sormlands\/wp-json\/wp\/v2\/users\/147"}],"replies":[{"embeddable":true,"href":"https:\/\/krets.jagareforbundet.se\/mellersta_sormlands\/wp-json\/wp\/v2\/comments?post=182"}],"version-history":[{"count":0,"href":"https:\/\/krets.jagareforbundet.se\/mellersta_sormlands\/wp-json\/wp\/v2\/pages\/182\/revisions"}],"up":[{"embeddable":true,"href":"https:\/\/krets.jagareforbundet.se\/mellersta_sormlands\/wp-json\/wp\/v2\/pages\/173"}],"wp:attachment":[{"href":"https:\/\/krets.jagareforbundet.se\/mellersta_sormlands\/wp-json\/wp\/v2\/media?parent=182"}],"curies":[{"name":"wp","href":"https:\/\/api.w.org\/{rel}","templated":true}]}}