{"id":183,"date":"2013-11-30T23:24:35","date_gmt":"2013-11-30T22:24:35","guid":{"rendered":"https:\/\/krets.jagareforbundet.se\/mellersta_sormlands\/?page_id=183"},"modified":"2014-03-30T09:37:53","modified_gmt":"2014-03-30T07:37:53","slug":"kronhjort","status":"publish","type":"page","link":"https:\/\/krets.jagareforbundet.se\/mellersta_sormlands\/jakt-och-viltvard\/kronhjort\/","title":{"rendered":"Kronhjort"},"content":{"rendered":"<p><a href=\"https:\/\/krets.jagareforbundet.se\/mellersta_sormlands\/files\/2013\/11\/Kronhjort.jpg\"><img loading=\"lazy\" decoding=\"async\" class=\"alignnone size-medium wp-image-238\" alt=\"Rothirsch - Red deer - Cervus elaphus\" src=\"https:\/\/krets.jagareforbundet.se\/mellersta_sormlands\/files\/2013\/11\/Kronhjort-300x195.jpg\" width=\"300\" height=\"195\" srcset=\"https:\/\/krets.jagareforbundet.se\/mellersta_sormlands\/files\/2013\/11\/Kronhjort-300x195.jpg 300w, https:\/\/krets.jagareforbundet.se\/mellersta_sormlands\/files\/2013\/11\/Kronhjort.jpg 600w\" sizes=\"auto, (max-width: 300px) 100vw, 300px\" \/><\/a><\/p>\n<p><a href=\"https:\/\/krets.jagareforbundet.se\/mellersta_sormlands\/files\/2014\/03\/kronhjort_m\u00e5ls\u00e4ttning-f\u00f6r-stammens-sk\u00f6tsel-2014-2017.pdf\">kronhjort_m\u00e5ls\u00e4ttning f\u00f6r stammens sk\u00f6tsel 2014-2017<\/a><\/p>\n<p><a href=\"https:\/\/krets.jagareforbundet.se\/mellersta_sormlands\/files\/2013\/11\/Kronviltet-i-S\u00f6dermanland-och-m\u00e5ls\u00e4ttning-f\u00f6r-stammarnas-sk\u00f6tsel-2011-2013.pdf\">Kronviltet i S\u00f6dermanland och m\u00e5ls\u00e4ttning f\u00f6r stammarnas sk\u00f6tsel 2011-2013<\/a><\/p>\n","protected":false},"excerpt":{"rendered":"<p>kronhjort_m\u00e5ls\u00e4ttning f\u00f6r stammens sk\u00f6tsel 2014-2017 Kronviltet i S\u00f6dermanland och m\u00e5ls\u00e4ttning f\u00f6r stammarnas sk\u00f6tsel 2011-2013<\/p>\n","protected":false},"author":147,"featured_media":0,"parent":172,"menu_order":2,"comment_status":"open","ping_status":"open","template":"","meta":{"footnotes":""},"class_list":["post-183","page","type-page","status-publish","hentry"],"_links":{"self":[{"href":"https:\/\/krets.jagareforbundet.se\/mellersta_sormlands\/wp-json\/wp\/v2\/pages\/183","targetHints":{"allow":["GET"]}}],"collection":[{"href":"https:\/\/krets.jagareforbundet.se\/mellersta_sormlands\/wp-json\/wp\/v2\/pages"}],"about":[{"href":"https:\/\/krets.jagareforbundet.se\/mellersta_sormlands\/wp-json\/wp\/v2\/types\/page"}],"author":[{"embeddable":true,"href":"https:\/\/krets.jagareforbundet.se\/mellersta_sormlands\/wp-json\/wp\/v2\/users\/147"}],"replies":[{"embeddable":true,"href":"https:\/\/krets.jagareforbundet.se\/mellersta_sormlands\/wp-json\/wp\/v2\/comments?post=183"}],"version-history":[{"count":0,"href":"https:\/\/krets.jagareforbundet.se\/mellersta_sormlands\/wp-json\/wp\/v2\/pages\/183\/revisions"}],"up":[{"embeddable":true,"href":"https:\/\/krets.jagareforbundet.se\/mellersta_sormlands\/wp-json\/wp\/v2\/pages\/172"}],"wp:attachment":[{"href":"https:\/\/krets.jagareforbundet.se\/mellersta_sormlands\/wp-json\/wp\/v2\/media?parent=183"}],"curies":[{"name":"wp","href":"https:\/\/api.w.org\/{rel}","templated":true}]}}