{"id":184,"date":"2013-11-30T23:26:44","date_gmt":"2013-11-30T22:26:44","guid":{"rendered":"https:\/\/krets.jagareforbundet.se\/mellersta_sormlands\/?page_id=184"},"modified":"2016-05-20T10:33:29","modified_gmt":"2016-05-20T08:33:29","slug":"dovhjort","status":"publish","type":"page","link":"https:\/\/krets.jagareforbundet.se\/mellersta_sormlands\/jakt-och-viltvard\/dovhjort\/","title":{"rendered":"Dovhjort"},"content":{"rendered":"<p><a href=\"https:\/\/krets.jagareforbundet.se\/mellersta_sormlands\/files\/2014\/03\/Dovhjort.jpg\"><img loading=\"lazy\" decoding=\"async\" class=\"alignnone size-full wp-image-314\" src=\"https:\/\/krets.jagareforbundet.se\/mellersta_sormlands\/files\/2014\/03\/Dovhjort.jpg\" alt=\"Dovhjort\" width=\"750\" height=\"306\" srcset=\"https:\/\/krets.jagareforbundet.se\/mellersta_sormlands\/files\/2014\/03\/Dovhjort.jpg 750w, https:\/\/krets.jagareforbundet.se\/mellersta_sormlands\/files\/2014\/03\/Dovhjort-300x122.jpg 300w\" sizes=\"auto, (max-width: 750px) 100vw, 750px\" \/><\/a><\/p>\n<p><a href=\"https:\/\/krets.jagareforbundet.se\/mellersta_sormlands\/files\/2014\/03\/Dovhjort_m\u00e5ls\u00e4ttning-f\u00f6r-stammens-sk\u00f6tsel-2014-2017.pdf\">Dovhjort_m\u00e5ls\u00e4ttning f\u00f6r stammens sk\u00f6tsel 2014-2017<\/a><\/p>\n<p><a href=\"https:\/\/krets.jagareforbundet.se\/mellersta_sormlands\/files\/2013\/11\/M\u00e5ls\u00e4ttning-dovvilt-2011-2013.pdf\">M\u00e5ls\u00e4ttning dovvilt 2011-2013<\/a><\/p>\n<p><a href=\"https:\/\/krets.jagareforbundet.se\/mellersta_sormlands\/files\/2013\/11\/SVA-Schmallenbergvirus-2013.pdf\">SVA Schmallenbergvirus 2013<\/a><\/p>\n<p><a href=\"https:\/\/krets.jagareforbundet.se\/mellersta_sormlands\/files\/2013\/11\/SVA-Lunginflammation_2013-09-13.pdf\">SVA Lunginflammation_2013-09-13<\/a><\/p>\n<p>&nbsp;<\/p>\n","protected":false},"excerpt":{"rendered":"<p>Dovhjort_m\u00e5ls\u00e4ttning f\u00f6r stammens sk\u00f6tsel 2014-2017 M\u00e5ls\u00e4ttning dovvilt 2011-2013 SVA Schmallenbergvirus 2013 SVA Lunginflammation_2013-09-13 &nbsp;<\/p>\n","protected":false},"author":147,"featured_media":0,"parent":172,"menu_order":3,"comment_status":"open","ping_status":"open","template":"","meta":{"footnotes":""},"class_list":["post-184","page","type-page","status-publish","hentry"],"_links":{"self":[{"href":"https:\/\/krets.jagareforbundet.se\/mellersta_sormlands\/wp-json\/wp\/v2\/pages\/184","targetHints":{"allow":["GET"]}}],"collection":[{"href":"https:\/\/krets.jagareforbundet.se\/mellersta_sormlands\/wp-json\/wp\/v2\/pages"}],"about":[{"href":"https:\/\/krets.jagareforbundet.se\/mellersta_sormlands\/wp-json\/wp\/v2\/types\/page"}],"author":[{"embeddable":true,"href":"https:\/\/krets.jagareforbundet.se\/mellersta_sormlands\/wp-json\/wp\/v2\/users\/147"}],"replies":[{"embeddable":true,"href":"https:\/\/krets.jagareforbundet.se\/mellersta_sormlands\/wp-json\/wp\/v2\/comments?post=184"}],"version-history":[{"count":1,"href":"https:\/\/krets.jagareforbundet.se\/mellersta_sormlands\/wp-json\/wp\/v2\/pages\/184\/revisions"}],"predecessor-version":[{"id":426,"href":"https:\/\/krets.jagareforbundet.se\/mellersta_sormlands\/wp-json\/wp\/v2\/pages\/184\/revisions\/426"}],"up":[{"embeddable":true,"href":"https:\/\/krets.jagareforbundet.se\/mellersta_sormlands\/wp-json\/wp\/v2\/pages\/172"}],"wp:attachment":[{"href":"https:\/\/krets.jagareforbundet.se\/mellersta_sormlands\/wp-json\/wp\/v2\/media?parent=184"}],"curies":[{"name":"wp","href":"https:\/\/api.w.org\/{rel}","templated":true}]}}