{"id":187,"date":"2013-11-30T23:29:41","date_gmt":"2013-11-30T22:29:41","guid":{"rendered":"https:\/\/krets.jagareforbundet.se\/mellersta_sormlands\/?page_id=187"},"modified":"2014-01-18T17:45:12","modified_gmt":"2014-01-18T16:45:12","slug":"jakthund","status":"publish","type":"page","link":"https:\/\/krets.jagareforbundet.se\/mellersta_sormlands\/jakthund\/","title":{"rendered":"Jakthund"},"content":{"rendered":"<p><a href=\"https:\/\/krets.jagareforbundet.se\/mellersta_sormlands\/files\/2013\/11\/St\u00f6vare.jpg\"><img loading=\"lazy\" decoding=\"async\" class=\"alignnone size-full wp-image-241\" alt=\"St\u00f6vare\" src=\"https:\/\/krets.jagareforbundet.se\/mellersta_sormlands\/files\/2013\/11\/St\u00f6vare.jpg\" width=\"800\" height=\"222\" srcset=\"https:\/\/krets.jagareforbundet.se\/mellersta_sormlands\/files\/2013\/11\/St\u00f6vare.jpg 800w, https:\/\/krets.jagareforbundet.se\/mellersta_sormlands\/files\/2013\/11\/St\u00f6vare-300x83.jpg 300w\" sizes=\"auto, (max-width: 800px) 100vw, 800px\" \/><\/a><\/p>\n<p><a href=\"https:\/\/krets.jagareforbundet.se\/mellersta_sormlands\/?p=188\">Efters\u00f6k<\/a><\/p>\n<p><a href=\"https:\/\/krets.jagareforbundet.se\/mellersta_sormlands\/?p=190\">Viltsp\u00e5r<\/a><\/p>\n<p>&nbsp;<\/p>\n<address>\u00a0Klicka p\u00e5 respektive vilt f\u00f6r mer information om omr\u00e5det.<\/address>\n","protected":false},"excerpt":{"rendered":"<p>Efters\u00f6k Viltsp\u00e5r &nbsp; \u00a0Klicka p\u00e5 respektive vilt f\u00f6r mer information om omr\u00e5det.<\/p>\n","protected":false},"author":147,"featured_media":0,"parent":0,"menu_order":7,"comment_status":"open","ping_status":"open","template":"","meta":{"footnotes":""},"class_list":["post-187","page","type-page","status-publish","hentry"],"_links":{"self":[{"href":"https:\/\/krets.jagareforbundet.se\/mellersta_sormlands\/wp-json\/wp\/v2\/pages\/187","targetHints":{"allow":["GET"]}}],"collection":[{"href":"https:\/\/krets.jagareforbundet.se\/mellersta_sormlands\/wp-json\/wp\/v2\/pages"}],"about":[{"href":"https:\/\/krets.jagareforbundet.se\/mellersta_sormlands\/wp-json\/wp\/v2\/types\/page"}],"author":[{"embeddable":true,"href":"https:\/\/krets.jagareforbundet.se\/mellersta_sormlands\/wp-json\/wp\/v2\/users\/147"}],"replies":[{"embeddable":true,"href":"https:\/\/krets.jagareforbundet.se\/mellersta_sormlands\/wp-json\/wp\/v2\/comments?post=187"}],"version-history":[{"count":0,"href":"https:\/\/krets.jagareforbundet.se\/mellersta_sormlands\/wp-json\/wp\/v2\/pages\/187\/revisions"}],"wp:attachment":[{"href":"https:\/\/krets.jagareforbundet.se\/mellersta_sormlands\/wp-json\/wp\/v2\/media?parent=187"}],"curies":[{"name":"wp","href":"https:\/\/api.w.org\/{rel}","templated":true}]}}