{"id":188,"date":"2013-11-30T23:30:46","date_gmt":"2013-11-30T22:30:46","guid":{"rendered":"https:\/\/krets.jagareforbundet.se\/mellersta_sormlands\/?page_id=188"},"modified":"2013-12-01T22:35:25","modified_gmt":"2013-12-01T21:35:25","slug":"eftersok","status":"publish","type":"page","link":"https:\/\/krets.jagareforbundet.se\/mellersta_sormlands\/jakthund\/eftersok\/","title":{"rendered":"Efters\u00f6k"},"content":{"rendered":"<p>&nbsp;<\/p>\n<p><b>Efters\u00f6kshundar<\/b> \u00e4r hundar som anv\u00e4nds f\u00f6r att <a title=\"Sp\u00e5r\" href=\"https:\/\/sv.wikipedia.org\/wiki\/Sp%C3%A5r\">sp\u00e5ra<\/a> skadskjutet eller <a title=\"Viltolyckor i Sverige\" href=\"https:\/\/sv.wikipedia.org\/wiki\/Viltolyckor_i_Sverige\">trafikskadat<\/a> <a title=\"Vilt\" href=\"https:\/\/sv.wikipedia.org\/wiki\/Vilt\">vilt<\/a>. De \u00e4r <a title=\"Hundtr\u00e4ning\" href=\"https:\/\/sv.wikipedia.org\/wiki\/Hundtr%C3%A4ning\">tr\u00e4nade<\/a> att f\u00f6lja <a title=\"Blodsp\u00e5r\" href=\"https:\/\/sv.wikipedia.org\/wiki\/Blodsp%C3%A5r\">blodsp\u00e5r<\/a> men inte intressera sig f\u00f6r <a title=\"Doftsp\u00e5r\" href=\"https:\/\/sv.wikipedia.org\/wiki\/Doftsp%C3%A5r\">doftsp\u00e5r<\/a> eller <a title=\"Vittring (doft)\" href=\"https:\/\/sv.wikipedia.org\/wiki\/Vittring_%28doft%29\">vittring<\/a> fr\u00e5n oskadat vilt.<br \/>\nEnligt <a title=\"Jaktf\u00f6rordningen\" href=\"https:\/\/sv.wikipedia.org\/wiki\/Jaktf%C3%B6rordningen\">jaktf\u00f6rordningen<\/a> m\u00e5ste efters\u00f6kshund finnas att tillg\u00e5 inom tv\u00e5 timmar vid <a title=\"Jakt\" href=\"https:\/\/sv.wikipedia.org\/wiki\/Jakt\">jakt<\/a> p\u00e5 <a title=\"Brunbj\u00f6rn\" href=\"https:\/\/sv.wikipedia.org\/wiki\/Brunbj%C3%B6rn\">bj\u00f6rn<\/a>, <a title=\"Europeiskt lodjur\" href=\"https:\/\/sv.wikipedia.org\/wiki\/Europeiskt_lodjur\">lo<\/a>, <a title=\"\u00c4lg\" href=\"https:\/\/sv.wikipedia.org\/wiki\/%C3%84lg\">\u00e4lg<\/a>, <a title=\"Egentliga hjortar\" href=\"https:\/\/sv.wikipedia.org\/wiki\/Egentliga_hjortar\">hjort<\/a>, <a title=\"R\u00e5djur\" href=\"https:\/\/sv.wikipedia.org\/wiki\/R%C3%A5djur\">r\u00e5djur<\/a>, <a title=\"Mufflonf\u00e5r\" href=\"https:\/\/sv.wikipedia.org\/wiki\/Mufflonf%C3%A5r\">mufflonf\u00e5r<\/a> eller <a title=\"Vildsvin\" href=\"https:\/\/sv.wikipedia.org\/wiki\/Vildsvin\">vildsvin<\/a>. Efters\u00f6kshundar certifieras genom <a title=\"Jaktprov\" href=\"https:\/\/sv.wikipedia.org\/wiki\/Jaktprov#Viltsp.C3.A5rprov\">viltsp\u00e5rprov<\/a>.<br \/>\nEfters\u00f6kshundar kan vara av vilken <a title=\"Hundras\" href=\"https:\/\/sv.wikipedia.org\/wiki\/Hundras\">ras<\/a> som helst, \u00e4ven <a title=\"Blandrashund\" href=\"https:\/\/sv.wikipedia.org\/wiki\/Blandrashund\">blandras<\/a>. <a title=\"Viltsp\u00e5rhund\" href=\"https:\/\/sv.wikipedia.org\/wiki\/Viltsp%C3%A5rhund\">Viltsp\u00e5rhundar<\/a> \u00e4r s\u00e4rskilt <a title=\"Avel\" href=\"https:\/\/sv.wikipedia.org\/wiki\/Avel\">framavlade<\/a> f\u00f6r efters\u00f6k. \u00c4ven <a title=\"Retriever\" href=\"https:\/\/sv.wikipedia.org\/wiki\/Retriever\">retrievrar<\/a> \u00e4r s\u00e4rskilt l\u00e4mpade, d\u00e5 ointresse f\u00f6r levande vilt h\u00f6r till deras <a title=\"Genetik\" href=\"https:\/\/sv.wikipedia.org\/wiki\/Genetik\">ned\u00e4rvda<\/a> <a title=\"Etologi\" href=\"https:\/\/sv.wikipedia.org\/wiki\/Etologi\">egenskaper<\/a>.<br \/>\nVid efters\u00f6k p\u00e5 s\u00e5dant vilt som tar <a title=\"S\u00e5rlega [inte skriven \u00e4n]\" href=\"https:\/\/sv.wikipedia.org\/w\/index.php?title=S%C3%A5rlega&amp;action=edit&amp;redlink=1\">s\u00e5rlega<\/a> i <a title=\"Gryt (jordh\u00e5la)\" href=\"https:\/\/sv.wikipedia.org\/wiki\/Gryt_%28jordh%C3%A5la%29\">gryt<\/a> anv\u00e4nds s\u00e4rskilt tr\u00e4nade <a title=\"Grythund\" href=\"https:\/\/sv.wikipedia.org\/wiki\/Grythund\">grythundar<\/a>. Efters\u00f6kshundar som anv\u00e4nds ut f\u00f6r att h\u00e5lla fast eller sj\u00e4lva avliva det skadade viltet n\u00e4r j\u00e4garen inte kan f\u00e5 bra skott kallas avf\u00e5ngningshundar.<\/p>\n<p><em><span style=\"text-decoration: underline\"><br \/>\n<\/span>Utdrag ur <\/em><em>Wikipedia<\/em><\/p>\n<p>&nbsp;<\/p>\n<p>&nbsp;<\/p>\n","protected":false},"excerpt":{"rendered":"<p>&nbsp; Efters\u00f6kshundar \u00e4r hundar som anv\u00e4nds f\u00f6r att sp\u00e5ra skadskjutet eller trafikskadat vilt. De \u00e4r tr\u00e4nade att f\u00f6lja blodsp\u00e5r men inte intressera sig f\u00f6r doftsp\u00e5r eller vittring fr\u00e5n oskadat vilt. Enligt jaktf\u00f6rordningen m\u00e5ste efters\u00f6kshund finnas att tillg\u00e5 inom tv\u00e5 timmar vid jakt p\u00e5 bj\u00f6rn, lo, \u00e4lg, hjort, r\u00e5djur, mufflonf\u00e5r eller vildsvin. Efters\u00f6kshundar certifieras genom viltsp\u00e5rprov. [&hellip;]<\/p>\n","protected":false},"author":147,"featured_media":0,"parent":187,"menu_order":1,"comment_status":"open","ping_status":"open","template":"","meta":{"footnotes":""},"class_list":["post-188","page","type-page","status-publish","hentry"],"_links":{"self":[{"href":"https:\/\/krets.jagareforbundet.se\/mellersta_sormlands\/wp-json\/wp\/v2\/pages\/188","targetHints":{"allow":["GET"]}}],"collection":[{"href":"https:\/\/krets.jagareforbundet.se\/mellersta_sormlands\/wp-json\/wp\/v2\/pages"}],"about":[{"href":"https:\/\/krets.jagareforbundet.se\/mellersta_sormlands\/wp-json\/wp\/v2\/types\/page"}],"author":[{"embeddable":true,"href":"https:\/\/krets.jagareforbundet.se\/mellersta_sormlands\/wp-json\/wp\/v2\/users\/147"}],"replies":[{"embeddable":true,"href":"https:\/\/krets.jagareforbundet.se\/mellersta_sormlands\/wp-json\/wp\/v2\/comments?post=188"}],"version-history":[{"count":0,"href":"https:\/\/krets.jagareforbundet.se\/mellersta_sormlands\/wp-json\/wp\/v2\/pages\/188\/revisions"}],"up":[{"embeddable":true,"href":"https:\/\/krets.jagareforbundet.se\/mellersta_sormlands\/wp-json\/wp\/v2\/pages\/187"}],"wp:attachment":[{"href":"https:\/\/krets.jagareforbundet.se\/mellersta_sormlands\/wp-json\/wp\/v2\/media?parent=188"}],"curies":[{"name":"wp","href":"https:\/\/api.w.org\/{rel}","templated":true}]}}