{"id":190,"date":"2013-11-30T23:33:36","date_gmt":"2013-11-30T22:33:36","guid":{"rendered":"https:\/\/krets.jagareforbundet.se\/mellersta_sormlands\/?page_id=190"},"modified":"2013-12-01T22:34:05","modified_gmt":"2013-12-01T21:34:05","slug":"viltspar","status":"publish","type":"page","link":"https:\/\/krets.jagareforbundet.se\/mellersta_sormlands\/jakthund\/viltspar\/","title":{"rendered":"Viltsp\u00e5r"},"content":{"rendered":"<p>&nbsp;<\/p>\n<p><i>Viltsp\u00e5rprov<\/i> \u00e4r \u00f6ppna f\u00f6r hundar av alla raser, \u00e4ven <a title=\"Blandrashund\" href=\"https:\/\/sv.wikipedia.org\/wiki\/Blandrashund\">blandrashundar<\/a>. Hundar av de flesta raser kan erh\u00e5lla viltsp\u00e5rchampionat, d\u00e4remot inte blandrashundar.<br \/>\nDet finns tv\u00e5 klasser i viltsp\u00e5r, anlagsklass och \u00f6ppen klass. I anlagsklass ska sp\u00e5ret vara 2-5 timmar gammalt n\u00e4r provet p\u00e5b\u00f6rjas och i \u00f6ppen klass 12-24 timmar gammalt. <a title=\"Blodsp\u00e5r\" href=\"https:\/\/sv.wikipedia.org\/wiki\/Blodsp%C3%A5r\"><br \/>\nSp\u00e5ret<\/a> som l\u00e4ggs i terr\u00e4ng med ca 2 dl blod ska vara minst 600 meter l\u00e5ngt med fyra vinklar och ett bloduppeh\u00e5ll p\u00e5 15 meter.<br \/>\nDet avslutas med en kl\u00f6v fr\u00e5n hjortvilt. I \u00f6ppen klass ska dessutom tv\u00e5 vinklar inneh\u00e5lla ett bloduppeh\u00e5ll varav det ena med sk. \u00e5terg\u00e5ng.<\/p>\n<p>Dessutom avlossas ett skott i slutet p\u00e5 sp\u00e5ret. I de nya reglerna som tr\u00e4dde i kraft 2012 ska hunden i \u00f6ppen klass sj\u00e4lv finna sp\u00e5rb\u00f6rjan i en ruta p\u00e5 25&#215;25 meter.<\/p>\n<p><em><span style=\"text-decoration: underline\"><br \/>\n<\/span>Utdrag ur <\/em><em>Wikipedia<\/em><\/p>\n","protected":false},"excerpt":{"rendered":"<p>&nbsp; Viltsp\u00e5rprov \u00e4r \u00f6ppna f\u00f6r hundar av alla raser, \u00e4ven blandrashundar. Hundar av de flesta raser kan erh\u00e5lla viltsp\u00e5rchampionat, d\u00e4remot inte blandrashundar. Det finns tv\u00e5 klasser i viltsp\u00e5r, anlagsklass och \u00f6ppen klass. I anlagsklass ska sp\u00e5ret vara 2-5 timmar gammalt n\u00e4r provet p\u00e5b\u00f6rjas och i \u00f6ppen klass 12-24 timmar gammalt. Sp\u00e5ret som l\u00e4ggs i terr\u00e4ng [&hellip;]<\/p>\n","protected":false},"author":147,"featured_media":0,"parent":187,"menu_order":2,"comment_status":"open","ping_status":"open","template":"","meta":{"footnotes":""},"class_list":["post-190","page","type-page","status-publish","hentry"],"_links":{"self":[{"href":"https:\/\/krets.jagareforbundet.se\/mellersta_sormlands\/wp-json\/wp\/v2\/pages\/190","targetHints":{"allow":["GET"]}}],"collection":[{"href":"https:\/\/krets.jagareforbundet.se\/mellersta_sormlands\/wp-json\/wp\/v2\/pages"}],"about":[{"href":"https:\/\/krets.jagareforbundet.se\/mellersta_sormlands\/wp-json\/wp\/v2\/types\/page"}],"author":[{"embeddable":true,"href":"https:\/\/krets.jagareforbundet.se\/mellersta_sormlands\/wp-json\/wp\/v2\/users\/147"}],"replies":[{"embeddable":true,"href":"https:\/\/krets.jagareforbundet.se\/mellersta_sormlands\/wp-json\/wp\/v2\/comments?post=190"}],"version-history":[{"count":0,"href":"https:\/\/krets.jagareforbundet.se\/mellersta_sormlands\/wp-json\/wp\/v2\/pages\/190\/revisions"}],"up":[{"embeddable":true,"href":"https:\/\/krets.jagareforbundet.se\/mellersta_sormlands\/wp-json\/wp\/v2\/pages\/187"}],"wp:attachment":[{"href":"https:\/\/krets.jagareforbundet.se\/mellersta_sormlands\/wp-json\/wp\/v2\/media?parent=190"}],"curies":[{"name":"wp","href":"https:\/\/api.w.org\/{rel}","templated":true}]}}