{"id":192,"date":"2013-11-30T23:35:37","date_gmt":"2013-11-30T22:35:37","guid":{"rendered":"https:\/\/krets.jagareforbundet.se\/mellersta_sormlands\/?page_id=192"},"modified":"2013-12-02T12:56:50","modified_gmt":"2013-12-02T11:56:50","slug":"jagarexamen","status":"publish","type":"page","link":"https:\/\/krets.jagareforbundet.se\/mellersta_sormlands\/jaktskytte\/jagarexamen\/","title":{"rendered":"J\u00e4garexamen"},"content":{"rendered":"<p>&nbsp;<\/p>\n<p>Studiefr\u00e4mjandet \u00e4r Svenska J\u00e4garef\u00f6rbundets Studief\u00f6rbund.<br \/>\nStudiefr\u00e4mjandet anordnar utbildningen j\u00e4garskolan \u00f6ver hela landet.<br \/>\nJ\u00e4garskolan \u00e4r en grundutbildning f\u00f6r dig som \u00e4r intresserad av jakt. Dessutom har Studiefr\u00e4mjandet ett stort utbud av kurser och olika kompletterande cirklar, till exempel inom viltv\u00e5rd.<\/p>\n<p>P\u00e5 m\u00e5nga orter har Studiefr\u00e4mjandet ett n\u00e4ra samarbete med lokala jaktv\u00e5rdskretsar kring utbildningar, f\u00f6rel\u00e4sningsverksamhet etc.<\/p>\n<p><b><a href=\"http:\/\/www.studieframjandet.se\/\" target=\"_blank\">Studiefr\u00e4mjandet.se<\/a><\/b><\/p>\n","protected":false},"excerpt":{"rendered":"<p>&nbsp; Studiefr\u00e4mjandet \u00e4r Svenska J\u00e4garef\u00f6rbundets Studief\u00f6rbund. Studiefr\u00e4mjandet anordnar utbildningen j\u00e4garskolan \u00f6ver hela landet. J\u00e4garskolan \u00e4r en grundutbildning f\u00f6r dig som \u00e4r intresserad av jakt. Dessutom har Studiefr\u00e4mjandet ett stort utbud av kurser och olika kompletterande cirklar, till exempel inom viltv\u00e5rd. P\u00e5 m\u00e5nga orter har Studiefr\u00e4mjandet ett n\u00e4ra samarbete med lokala jaktv\u00e5rdskretsar kring utbildningar, f\u00f6rel\u00e4sningsverksamhet etc. [&hellip;]<\/p>\n","protected":false},"author":147,"featured_media":0,"parent":191,"menu_order":1,"comment_status":"open","ping_status":"open","template":"","meta":{"footnotes":""},"class_list":["post-192","page","type-page","status-publish","hentry"],"_links":{"self":[{"href":"https:\/\/krets.jagareforbundet.se\/mellersta_sormlands\/wp-json\/wp\/v2\/pages\/192","targetHints":{"allow":["GET"]}}],"collection":[{"href":"https:\/\/krets.jagareforbundet.se\/mellersta_sormlands\/wp-json\/wp\/v2\/pages"}],"about":[{"href":"https:\/\/krets.jagareforbundet.se\/mellersta_sormlands\/wp-json\/wp\/v2\/types\/page"}],"author":[{"embeddable":true,"href":"https:\/\/krets.jagareforbundet.se\/mellersta_sormlands\/wp-json\/wp\/v2\/users\/147"}],"replies":[{"embeddable":true,"href":"https:\/\/krets.jagareforbundet.se\/mellersta_sormlands\/wp-json\/wp\/v2\/comments?post=192"}],"version-history":[{"count":0,"href":"https:\/\/krets.jagareforbundet.se\/mellersta_sormlands\/wp-json\/wp\/v2\/pages\/192\/revisions"}],"up":[{"embeddable":true,"href":"https:\/\/krets.jagareforbundet.se\/mellersta_sormlands\/wp-json\/wp\/v2\/pages\/191"}],"wp:attachment":[{"href":"https:\/\/krets.jagareforbundet.se\/mellersta_sormlands\/wp-json\/wp\/v2\/media?parent=192"}],"curies":[{"name":"wp","href":"https:\/\/api.w.org\/{rel}","templated":true}]}}