{"id":193,"date":"2013-11-30T23:37:01","date_gmt":"2013-11-30T22:37:01","guid":{"rendered":"https:\/\/krets.jagareforbundet.se\/mellersta_sormlands\/?page_id=193"},"modified":"2015-01-28T15:31:49","modified_gmt":"2015-01-28T14:31:49","slug":"skjutbanor","status":"publish","type":"page","link":"https:\/\/krets.jagareforbundet.se\/mellersta_sormlands\/jaktskytte\/skjutbanor\/","title":{"rendered":"Skjutbanor"},"content":{"rendered":"<p>&nbsp;<\/p>\n<p>Inom kretsen har vi flera fina skjutbanor som erbjuder varierat jaktskytte, trevlig gemenskap och m\u00f6jligheter till en m\u00e4ngd olika aktiviteter som passar dig.<\/p>\n<p>Jaktskytteklubbarna kan anordna m\u00f6jlighet f\u00f6r dig och ditt jaktlag att i lugn och ro f\u00e5 \u00f6vningsskjuta med kula och hagel.<br \/>\nFlens Jaktskytteklubbs skjutbana\u00a0<b> <\/b>\u00e4r godk\u00e4nd f\u00f6r provtagning vid j\u00e4garexamen.<\/p>\n<p><b>Flens Jaktskytteklubb<\/b>, Flen\u00a0\u00a0\u00a0\u00a0\u00a0\u00a0\u00a0\u00a0\u00a0 Hemsida: <b><a href=\"http:\/\/www.flensjaktskytteklubb.se\/\" target=\"_blank\">www.flensjaktskytteklubb.se<br \/>\n<\/a><\/b>Kontaktperson:<br \/>\n<b><br \/>\nMellersta S\u00f6rmlands Jaktskytteklubb<\/b>, Sparreholm\u00a0\u00a0\u00a0\u00a0\u00a0\u00a0\u00a0\u00a0\u00a0 Hemsida: <b><a href=\"http:\/\/msjk.se\/\" target=\"_blank\">msjk.se<br \/>\n<\/a><\/b>Kontaktperson:<b><a href=\"http:\/\/msjk.se\/\" target=\"_blank\"><br \/>\n<\/a><\/b><br \/>\n<b><br \/>\n\u00c5rdala Jaktskytteklubb<\/b>, \u00c5rdala<br \/>\nKontaktperson: Torsten Andersson 0157-730 14 eller 707-715 69 34.<\/p>\n","protected":false},"excerpt":{"rendered":"<p>&nbsp; Inom kretsen har vi flera fina skjutbanor som erbjuder varierat jaktskytte, trevlig gemenskap och m\u00f6jligheter till en m\u00e4ngd olika aktiviteter som passar dig. Jaktskytteklubbarna kan anordna m\u00f6jlighet f\u00f6r dig och ditt jaktlag att i lugn och ro f\u00e5 \u00f6vningsskjuta med kula och hagel. Flens Jaktskytteklubbs skjutbana\u00a0 \u00e4r godk\u00e4nd f\u00f6r provtagning vid j\u00e4garexamen. Flens Jaktskytteklubb, [&hellip;]<\/p>\n","protected":false},"author":147,"featured_media":0,"parent":191,"menu_order":2,"comment_status":"open","ping_status":"open","template":"","meta":{"footnotes":""},"class_list":["post-193","page","type-page","status-publish","hentry"],"_links":{"self":[{"href":"https:\/\/krets.jagareforbundet.se\/mellersta_sormlands\/wp-json\/wp\/v2\/pages\/193","targetHints":{"allow":["GET"]}}],"collection":[{"href":"https:\/\/krets.jagareforbundet.se\/mellersta_sormlands\/wp-json\/wp\/v2\/pages"}],"about":[{"href":"https:\/\/krets.jagareforbundet.se\/mellersta_sormlands\/wp-json\/wp\/v2\/types\/page"}],"author":[{"embeddable":true,"href":"https:\/\/krets.jagareforbundet.se\/mellersta_sormlands\/wp-json\/wp\/v2\/users\/147"}],"replies":[{"embeddable":true,"href":"https:\/\/krets.jagareforbundet.se\/mellersta_sormlands\/wp-json\/wp\/v2\/comments?post=193"}],"version-history":[{"count":0,"href":"https:\/\/krets.jagareforbundet.se\/mellersta_sormlands\/wp-json\/wp\/v2\/pages\/193\/revisions"}],"up":[{"embeddable":true,"href":"https:\/\/krets.jagareforbundet.se\/mellersta_sormlands\/wp-json\/wp\/v2\/pages\/191"}],"wp:attachment":[{"href":"https:\/\/krets.jagareforbundet.se\/mellersta_sormlands\/wp-json\/wp\/v2\/media?parent=193"}],"curies":[{"name":"wp","href":"https:\/\/api.w.org\/{rel}","templated":true}]}}