{"id":194,"date":"2013-11-30T23:38:01","date_gmt":"2013-11-30T22:38:01","guid":{"rendered":"https:\/\/krets.jagareforbundet.se\/mellersta_sormlands\/?page_id=194"},"modified":"2015-01-28T15:32:40","modified_gmt":"2015-01-28T14:32:40","slug":"jakt-o-sportingstigar","status":"publish","type":"page","link":"https:\/\/krets.jagareforbundet.se\/mellersta_sormlands\/jaktskytte\/jakt-o-sportingstigar\/","title":{"rendered":"Jakt o Sportingstigar"},"content":{"rendered":"<p>&nbsp;<\/p>\n<p><b>Gyttorp J\u00e4garduvan<\/b><br \/>\nGyttorp J\u00e4garduvan syftar till att j\u00e4garna \u00e4r v\u00e4l f\u00f6rberedda inf\u00f6r jakten.<br \/>\nGyttorp J\u00e4garduvan \u00e4r en Sportingstig d\u00e4r man skjuter p\u00e5 lerduvor som liknar jakt p\u00e5 f\u00e5gel.<br \/>\nDetta \u00e4r en mycket bra tr\u00e4ning inf\u00f6r jakten.<\/p>\n<p>&nbsp;<\/p>\n<p>&nbsp;<\/p>\n<p><b>Gyttorp Cup<\/b><br \/>\nJ\u00e4garef\u00f6rbundets Gyttorp Cup syftar till att j\u00e4garna p\u00e5 ett roligt och j\u00e4garn\u00e4ra s\u00e4tt ska tr\u00e4na inf\u00f6r jakten.<br \/>\nGyttorp Cup \u00e4r en jaktstigst\u00e4vling d\u00e4r m\u00e5len \u00e4r pl\u00e5tfigurer av d\u00e4ggdjur och f\u00e5glar i markniv\u00e5.<br \/>\nG\u00e5 en jaktstig och du har en bra tr\u00e4ning till jakten.<\/p>\n<p>&nbsp;<\/p>\n","protected":false},"excerpt":{"rendered":"<p>&nbsp; Gyttorp J\u00e4garduvan Gyttorp J\u00e4garduvan syftar till att j\u00e4garna \u00e4r v\u00e4l f\u00f6rberedda inf\u00f6r jakten. Gyttorp J\u00e4garduvan \u00e4r en Sportingstig d\u00e4r man skjuter p\u00e5 lerduvor som liknar jakt p\u00e5 f\u00e5gel. Detta \u00e4r en mycket bra tr\u00e4ning inf\u00f6r jakten. &nbsp; &nbsp; Gyttorp Cup J\u00e4garef\u00f6rbundets Gyttorp Cup syftar till att j\u00e4garna p\u00e5 ett roligt och j\u00e4garn\u00e4ra s\u00e4tt ska [&hellip;]<\/p>\n","protected":false},"author":147,"featured_media":0,"parent":191,"menu_order":3,"comment_status":"open","ping_status":"open","template":"","meta":{"footnotes":""},"class_list":["post-194","page","type-page","status-publish","hentry"],"_links":{"self":[{"href":"https:\/\/krets.jagareforbundet.se\/mellersta_sormlands\/wp-json\/wp\/v2\/pages\/194","targetHints":{"allow":["GET"]}}],"collection":[{"href":"https:\/\/krets.jagareforbundet.se\/mellersta_sormlands\/wp-json\/wp\/v2\/pages"}],"about":[{"href":"https:\/\/krets.jagareforbundet.se\/mellersta_sormlands\/wp-json\/wp\/v2\/types\/page"}],"author":[{"embeddable":true,"href":"https:\/\/krets.jagareforbundet.se\/mellersta_sormlands\/wp-json\/wp\/v2\/users\/147"}],"replies":[{"embeddable":true,"href":"https:\/\/krets.jagareforbundet.se\/mellersta_sormlands\/wp-json\/wp\/v2\/comments?post=194"}],"version-history":[{"count":0,"href":"https:\/\/krets.jagareforbundet.se\/mellersta_sormlands\/wp-json\/wp\/v2\/pages\/194\/revisions"}],"up":[{"embeddable":true,"href":"https:\/\/krets.jagareforbundet.se\/mellersta_sormlands\/wp-json\/wp\/v2\/pages\/191"}],"wp:attachment":[{"href":"https:\/\/krets.jagareforbundet.se\/mellersta_sormlands\/wp-json\/wp\/v2\/media?parent=194"}],"curies":[{"name":"wp","href":"https:\/\/api.w.org\/{rel}","templated":true}]}}