{"id":2,"date":"2011-09-07T09:28:43","date_gmt":"2011-09-07T09:28:43","guid":{"rendered":"https:\/\/krets.jagareforbundet.se\/template\/?page_id=2"},"modified":"2021-03-08T21:41:16","modified_gmt":"2021-03-08T20:41:16","slug":"exempelsida","status":"publish","type":"page","link":"https:\/\/krets.jagareforbundet.se\/mellersta_sormlands\/exempelsida\/","title":{"rendered":"J\u00e4garef\u00f6rbundet Mellersta S\u00f6rmlands Jaktv\u00e5rdskrets"},"content":{"rendered":"<h1>\u00a0<a href=\"https:\/\/krets.jagareforbundet.se\/mellersta_sormlands\/files\/2014\/03\/Dovhjort.jpg\"><img loading=\"lazy\" decoding=\"async\" class=\"alignnone size-full wp-image-314\" src=\"https:\/\/krets.jagareforbundet.se\/mellersta_sormlands\/files\/2014\/03\/Dovhjort.jpg\" alt=\"Dovhjort\" width=\"750\" height=\"306\" srcset=\"https:\/\/krets.jagareforbundet.se\/mellersta_sormlands\/files\/2014\/03\/Dovhjort.jpg 750w, https:\/\/krets.jagareforbundet.se\/mellersta_sormlands\/files\/2014\/03\/Dovhjort-300x122.jpg 300w\" sizes=\"auto, (max-width: 750px) 100vw, 750px\" \/><\/a><\/h1>\n<p>&nbsp;<\/p>\n<p>Mellersta S\u00f6rmlands Jaktv\u00e5rdskrets bildades 2011. Kretsens gr\u00e4nser och verksamhetsomr\u00e5de bildades av de naturliga barri\u00e4rerna som vilda djurens r\u00f6relser p\u00e5verkas av.<br \/>\nVi har under \u00e5ren g\u00e5tt samman med Flens Norra Jaktv\u00e5rdskrets och S\u00f6rmlands sydv\u00e4stra jaktv\u00e5rdskrets.<br \/>\nKretsens geografiska omr\u00e5de \u00e5terfinner du i bilden nedan<b>.<\/b><\/p>\n<p>&nbsp;<\/p>\n<p><img loading=\"lazy\" decoding=\"async\" class=\"alignnone size-full wp-image-628\" src=\"https:\/\/krets.jagareforbundet.se\/mellersta_sormlands\/files\/2021\/03\/Karta-Mellersta-Sormlands-Jvk-1-rotated.jpeg\" alt=\"\" width=\"1100\" height=\"753\" srcset=\"https:\/\/krets.jagareforbundet.se\/mellersta_sormlands\/files\/2021\/03\/Karta-Mellersta-Sormlands-Jvk-1-rotated.jpeg 1100w, https:\/\/krets.jagareforbundet.se\/mellersta_sormlands\/files\/2021\/03\/Karta-Mellersta-Sormlands-Jvk-1-300x205.jpeg 300w, https:\/\/krets.jagareforbundet.se\/mellersta_sormlands\/files\/2021\/03\/Karta-Mellersta-Sormlands-Jvk-1-1024x701.jpeg 1024w, https:\/\/krets.jagareforbundet.se\/mellersta_sormlands\/files\/2021\/03\/Karta-Mellersta-Sormlands-Jvk-1-768x526.jpeg 768w\" sizes=\"auto, (max-width: 1100px) 100vw, 1100px\" \/><\/p>\n<p>Foto: Svenska J\u00e4garef\u00f6rbundet<\/p>\n","protected":false},"excerpt":{"rendered":"<p>\u00a0 &nbsp; Mellersta S\u00f6rmlands Jaktv\u00e5rdskrets bildades 2011. Kretsens gr\u00e4nser och verksamhetsomr\u00e5de bildades av de naturliga barri\u00e4rerna som vilda djurens r\u00f6relser p\u00e5verkas av. Vi har under \u00e5ren g\u00e5tt samman med Flens Norra Jaktv\u00e5rdskrets och S\u00f6rmlands sydv\u00e4stra jaktv\u00e5rdskrets. Kretsens geografiska omr\u00e5de \u00e5terfinner du i bilden nedan. &nbsp; Foto: Svenska J\u00e4garef\u00f6rbundet<\/p>\n","protected":false},"author":3,"featured_media":0,"parent":0,"menu_order":0,"comment_status":"open","ping_status":"open","template":"","meta":{"footnotes":""},"class_list":["post-2","page","type-page","status-publish","hentry"],"_links":{"self":[{"href":"https:\/\/krets.jagareforbundet.se\/mellersta_sormlands\/wp-json\/wp\/v2\/pages\/2","targetHints":{"allow":["GET"]}}],"collection":[{"href":"https:\/\/krets.jagareforbundet.se\/mellersta_sormlands\/wp-json\/wp\/v2\/pages"}],"about":[{"href":"https:\/\/krets.jagareforbundet.se\/mellersta_sormlands\/wp-json\/wp\/v2\/types\/page"}],"author":[{"embeddable":true,"href":"https:\/\/krets.jagareforbundet.se\/mellersta_sormlands\/wp-json\/wp\/v2\/users\/3"}],"replies":[{"embeddable":true,"href":"https:\/\/krets.jagareforbundet.se\/mellersta_sormlands\/wp-json\/wp\/v2\/comments?post=2"}],"version-history":[{"count":2,"href":"https:\/\/krets.jagareforbundet.se\/mellersta_sormlands\/wp-json\/wp\/v2\/pages\/2\/revisions"}],"predecessor-version":[{"id":629,"href":"https:\/\/krets.jagareforbundet.se\/mellersta_sormlands\/wp-json\/wp\/v2\/pages\/2\/revisions\/629"}],"wp:attachment":[{"href":"https:\/\/krets.jagareforbundet.se\/mellersta_sormlands\/wp-json\/wp\/v2\/media?parent=2"}],"curies":[{"name":"wp","href":"https:\/\/api.w.org\/{rel}","templated":true}]}}