{"id":214,"date":"2013-12-01T22:02:03","date_gmt":"2013-12-01T21:02:03","guid":{"rendered":"https:\/\/krets.jagareforbundet.se\/mellersta_sormlands\/?page_id=214"},"modified":"2023-02-13T13:46:41","modified_gmt":"2023-02-13T12:46:41","slug":"dokument-2","status":"publish","type":"page","link":"https:\/\/krets.jagareforbundet.se\/mellersta_sormlands\/dokument-2\/","title":{"rendered":"Dokument"},"content":{"rendered":"<h2>\u00c5rsm\u00f6te 2023<\/h2>\n<p>H\u00e4r kommer m\u00f6teshandlingarna f\u00f6r \u00e5rsm\u00f6tet l\u00e4ggas upp.<\/p>\n<p><a href=\"https:\/\/krets.jagareforbundet.se\/mellersta_sormlands\/files\/2023\/02\/Kallelse-Arsmote-2023-1.pdf\">Kallelse 2023<\/a><br \/>\n<a href=\"https:\/\/krets.jagareforbundet.se\/mellersta_sormlands\/files\/2023\/02\/Dagordning-2023.pdf\">Dagordning 2023<\/a><br \/>\n<a href=\"https:\/\/krets.jagareforbundet.se\/mellersta_sormlands\/files\/2023\/02\/Revisionsberattelse.pdf\">Revisionsbera\u0308ttelse 2022<\/a><br \/>\n<a href=\"https:\/\/krets.jagareforbundet.se\/mellersta_sormlands\/files\/2023\/02\/Resultat-och-balansrakning-2022-patecknad-av-revisorerna.pdf\">Balans- och resultatra\u0308kning 2022<\/a><br \/>\n<a href=\"https:\/\/krets.jagareforbundet.se\/mellersta_sormlands\/files\/2023\/02\/Verksamhetsberattelse-2022-1.pdf\">Verksamhetsber\u00e4ttelse 2022<\/a><\/p>\n","protected":false},"excerpt":{"rendered":"<p>\u00c5rsm\u00f6te 2023 H\u00e4r kommer m\u00f6teshandlingarna f\u00f6r \u00e5rsm\u00f6tet l\u00e4ggas upp. Kallelse 2023 Dagordning 2023 Revisionsbera\u0308ttelse 2022 Balans- och resultatra\u0308kning 2022 Verksamhetsber\u00e4ttelse 2022<\/p>\n","protected":false},"author":147,"featured_media":0,"parent":0,"menu_order":2,"comment_status":"open","ping_status":"open","template":"","meta":{"footnotes":""},"class_list":["post-214","page","type-page","status-publish","hentry"],"_links":{"self":[{"href":"https:\/\/krets.jagareforbundet.se\/mellersta_sormlands\/wp-json\/wp\/v2\/pages\/214","targetHints":{"allow":["GET"]}}],"collection":[{"href":"https:\/\/krets.jagareforbundet.se\/mellersta_sormlands\/wp-json\/wp\/v2\/pages"}],"about":[{"href":"https:\/\/krets.jagareforbundet.se\/mellersta_sormlands\/wp-json\/wp\/v2\/types\/page"}],"author":[{"embeddable":true,"href":"https:\/\/krets.jagareforbundet.se\/mellersta_sormlands\/wp-json\/wp\/v2\/users\/147"}],"replies":[{"embeddable":true,"href":"https:\/\/krets.jagareforbundet.se\/mellersta_sormlands\/wp-json\/wp\/v2\/comments?post=214"}],"version-history":[{"count":3,"href":"https:\/\/krets.jagareforbundet.se\/mellersta_sormlands\/wp-json\/wp\/v2\/pages\/214\/revisions"}],"predecessor-version":[{"id":683,"href":"https:\/\/krets.jagareforbundet.se\/mellersta_sormlands\/wp-json\/wp\/v2\/pages\/214\/revisions\/683"}],"wp:attachment":[{"href":"https:\/\/krets.jagareforbundet.se\/mellersta_sormlands\/wp-json\/wp\/v2\/media?parent=214"}],"curies":[{"name":"wp","href":"https:\/\/api.w.org\/{rel}","templated":true}]}}