{"id":425,"date":"2016-05-20T10:25:43","date_gmt":"2016-05-20T08:25:43","guid":{"rendered":"https:\/\/krets.jagareforbundet.se\/mellersta_sormlands\/?page_id=425"},"modified":"2016-05-20T10:25:43","modified_gmt":"2016-05-20T08:25:43","slug":"husby-och-ardala-alg-och-kronskoselomrade","status":"publish","type":"page","link":"https:\/\/krets.jagareforbundet.se\/mellersta_sormlands\/viltforvaltning-i-kretsen\/alg-och-kronskotsel-omraden-asokro\/husby-och-ardala-alg-och-kronskoselomrade\/","title":{"rendered":"Husby och \u00c5rdala \u00c4lg och Kronsk\u00f6selomr\u00e5de"},"content":{"rendered":"<p>Kontaktperson: Anders Lundin 070-607 79 99<span id=\"skype_c2c_container\" class=\"skype_c2c_container notranslate\" dir=\"ltr\"><span id=\"non_free_num_ui\" class=\"skype_c2c_textarea_span\"><\/span><\/span>.<\/p>\n<p>Hemsida: <a href=\"http:\/\/www.kronhjort.nu\" target=\"_blank\">www.kronhjort.nu<\/a><\/p>\n","protected":false},"excerpt":{"rendered":"<p>Kontaktperson: Anders Lundin 070-607 79 99. Hemsida: www.kronhjort.nu<\/p>\n","protected":false},"author":147,"featured_media":0,"parent":158,"menu_order":3,"comment_status":"closed","ping_status":"closed","template":"","meta":{"footnotes":""},"class_list":["post-425","page","type-page","status-publish","hentry"],"_links":{"self":[{"href":"https:\/\/krets.jagareforbundet.se\/mellersta_sormlands\/wp-json\/wp\/v2\/pages\/425","targetHints":{"allow":["GET"]}}],"collection":[{"href":"https:\/\/krets.jagareforbundet.se\/mellersta_sormlands\/wp-json\/wp\/v2\/pages"}],"about":[{"href":"https:\/\/krets.jagareforbundet.se\/mellersta_sormlands\/wp-json\/wp\/v2\/types\/page"}],"author":[{"embeddable":true,"href":"https:\/\/krets.jagareforbundet.se\/mellersta_sormlands\/wp-json\/wp\/v2\/users\/147"}],"replies":[{"embeddable":true,"href":"https:\/\/krets.jagareforbundet.se\/mellersta_sormlands\/wp-json\/wp\/v2\/comments?post=425"}],"version-history":[{"count":0,"href":"https:\/\/krets.jagareforbundet.se\/mellersta_sormlands\/wp-json\/wp\/v2\/pages\/425\/revisions"}],"up":[{"embeddable":true,"href":"https:\/\/krets.jagareforbundet.se\/mellersta_sormlands\/wp-json\/wp\/v2\/pages\/158"}],"wp:attachment":[{"href":"https:\/\/krets.jagareforbundet.se\/mellersta_sormlands\/wp-json\/wp\/v2\/media?parent=425"}],"curies":[{"name":"wp","href":"https:\/\/api.w.org\/{rel}","templated":true}]}}