{"id":1030,"date":"2016-11-09T22:20:55","date_gmt":"2016-11-09T21:20:55","guid":{"rendered":"https:\/\/krets.jagareforbundet.se\/motala\/?page_id=1030"},"modified":"2016-11-09T22:20:55","modified_gmt":"2016-11-09T21:20:55","slug":"morkerskytte-2016-11-08","status":"publish","type":"page","link":"https:\/\/krets.jagareforbundet.se\/motala\/skytte\/morkerskytte-2016-11-08\/","title":{"rendered":"M\u00f6rkerskytte 2016-11-08"},"content":{"rendered":"<p>F\u00f6r fj\u00e4rde g\u00e5ngen i ordningen anordnade Motala JVK\u00a0p\u00e5 tisdagskv\u00e4llen den 8\/11\u00a0m\u00f6rkerskytte. Tema denna g\u00e5ng var efters\u00f6k, s\u00e5v\u00e4l jaktliga s\u00e5dana\u00a0som trafikefters\u00f6k. Inbjuden f\u00f6rel\u00e4sare var Thomas H\u00f6gberg, \u00d6sterg\u00f6tlands ansvarige j\u00e4gare inom NVR. L\u00e4nsansvarig\u00a0j\u00e4gare inom NVR\u00a0\u00e4r tillsammans med l\u00e4nsansvarig inom polisen ansvarig f\u00f6r att efters\u00f6ksorganisationen fungerar. Totalt 16 skyttar sl\u00f6t upp, och en extra eloge till den kvartett j\u00e4gare som \u00e5kt \u00e4nda fr\u00e5n \u00d6rebro. Efter en mildare tillr\u00e4ttavisning fr\u00e5n skjutf\u00e4ltets skyddsvakter hittade de till slut fram till jaktskyttebanan Danmark.<\/p>\n<p>Kv\u00e4llen inleddes med att Thomas i form av en dialog med deltagarna gick igenom vad som \u00e4r viktigt i samband med efters\u00f6k, tips p\u00e5\u00a0hur man kan tr\u00e4na sin hund och sig sj\u00e4lv som hundf\u00f6rare, s\u00e4kerhetsaspekter och mycket mera.\u00a0Alla var eniga om att f\u00f6rm\u00e5gan att kunna l\u00e4sa sin hund \u00e4r en stor del i ett lyckat efters\u00f6k.\u00a0Det tillsammans med en stor portion \u00f6dmjukhet.<\/p>\n\n\t\t<style type=\"text\/css\">\n\t\t\t#gallery-1 {\n\t\t\t\tmargin: auto;\n\t\t\t}\n\t\t\t#gallery-1 .gallery-item {\n\t\t\t\tfloat: left;\n\t\t\t\tmargin-top: 10px;\n\t\t\t\ttext-align: center;\n\t\t\t\twidth: 33%;\n\t\t\t}\n\t\t\t#gallery-1 img {\n\t\t\t\tborder: 2px solid #cfcfcf;\n\t\t\t}\n\t\t\t#gallery-1 .gallery-caption {\n\t\t\t\tmargin-left: 0;\n\t\t\t}\n\t\t\t\/* see gallery_shortcode() in wp-includes\/media.php *\/\n\t\t<\/style>\n\t\t<div id='gallery-1' class='gallery galleryid-1030 gallery-columns-3 gallery-size-large'><dl class='gallery-item'>\n\t\t\t<dt class='gallery-icon landscape'>\n\t\t\t\t<a href='https:\/\/krets.jagareforbundet.se\/motala\/2016-11-08-18-15-18\/'><img loading=\"lazy\" decoding=\"async\" width=\"1024\" height=\"768\" src=\"https:\/\/krets.jagareforbundet.se\/motala\/files\/2016\/11\/2016-11-08-18.15.18-1024x768.jpg\" class=\"attachment-large size-large\" alt=\"\" srcset=\"https:\/\/krets.jagareforbundet.se\/motala\/files\/2016\/11\/2016-11-08-18.15.18-1024x768.jpg 1024w, https:\/\/krets.jagareforbundet.se\/motala\/files\/2016\/11\/2016-11-08-18.15.18-300x225.jpg 300w, https:\/\/krets.jagareforbundet.se\/motala\/files\/2016\/11\/2016-11-08-18.15.18-768x576.jpg 768w\" sizes=\"auto, (max-width: 1024px) 100vw, 1024px\" \/><\/a>\n\t\t\t<\/dt><\/dl><dl class='gallery-item'>\n\t\t\t<dt class='gallery-icon landscape'>\n\t\t\t\t<a href='https:\/\/krets.jagareforbundet.se\/motala\/2016-11-08-19-01-45\/'><img loading=\"lazy\" decoding=\"async\" width=\"1024\" height=\"768\" src=\"https:\/\/krets.jagareforbundet.se\/motala\/files\/2016\/11\/2016-11-08-19.01.45-1024x768.jpg\" class=\"attachment-large size-large\" alt=\"\" srcset=\"https:\/\/krets.jagareforbundet.se\/motala\/files\/2016\/11\/2016-11-08-19.01.45-1024x768.jpg 1024w, https:\/\/krets.jagareforbundet.se\/motala\/files\/2016\/11\/2016-11-08-19.01.45-300x225.jpg 300w, https:\/\/krets.jagareforbundet.se\/motala\/files\/2016\/11\/2016-11-08-19.01.45-768x576.jpg 768w\" sizes=\"auto, (max-width: 1024px) 100vw, 1024px\" \/><\/a>\n\t\t\t<\/dt><\/dl><dl class='gallery-item'>\n\t\t\t<dt class='gallery-icon landscape'>\n\t\t\t\t<a href='https:\/\/krets.jagareforbundet.se\/motala\/2016-11-08-19-01-51\/'><img loading=\"lazy\" decoding=\"async\" width=\"1024\" height=\"768\" src=\"https:\/\/krets.jagareforbundet.se\/motala\/files\/2016\/11\/2016-11-08-19.01.51-1024x768.jpg\" class=\"attachment-large size-large\" alt=\"\" srcset=\"https:\/\/krets.jagareforbundet.se\/motala\/files\/2016\/11\/2016-11-08-19.01.51-1024x768.jpg 1024w, https:\/\/krets.jagareforbundet.se\/motala\/files\/2016\/11\/2016-11-08-19.01.51-300x225.jpg 300w, https:\/\/krets.jagareforbundet.se\/motala\/files\/2016\/11\/2016-11-08-19.01.51-768x576.jpg 768w\" sizes=\"auto, (max-width: 1024px) 100vw, 1024px\" \/><\/a>\n\t\t\t<\/dt><\/dl><br style=\"clear: both\" \/>\n\t\t<\/div>\n\n<p>Efter den teoretiska inledningen inomhus blev det dags att g\u00e5 ut och prova p\u00e5 de tre olika skjutstationer som f\u00f6rberetts. Som omv\u00e4xling i dessa sammanhang gjorde sn\u00f6n att det inte blev lika m\u00f6rkt som vi haft vid de tidigare tillf\u00e4llena.<\/p>\n<h3>Station 1<\/h3>\n<p>Vid den f\u00f6rsta stationen handlade det om att smyga in p\u00e5 ett skadskjutet vildsvin som v\u00e5r jakthund nu f\u00e5tt fast i ett st\u00e5ndskall. H\u00e4r g\u00e4llde det att s\u00e4kerst\u00e4lla var hunden finns, och d\u00e4refter p\u00e5 ett s\u00e4kert s\u00e4tt kunna komma \u00e5t att avliva det skadade vildsvinet.<\/p>\n\n\t\t<style type=\"text\/css\">\n\t\t\t#gallery-2 {\n\t\t\t\tmargin: auto;\n\t\t\t}\n\t\t\t#gallery-2 .gallery-item {\n\t\t\t\tfloat: left;\n\t\t\t\tmargin-top: 10px;\n\t\t\t\ttext-align: center;\n\t\t\t\twidth: 50%;\n\t\t\t}\n\t\t\t#gallery-2 img {\n\t\t\t\tborder: 2px solid #cfcfcf;\n\t\t\t}\n\t\t\t#gallery-2 .gallery-caption {\n\t\t\t\tmargin-left: 0;\n\t\t\t}\n\t\t\t\/* see gallery_shortcode() in wp-includes\/media.php *\/\n\t\t<\/style>\n\t\t<div id='gallery-2' class='gallery galleryid-1030 gallery-columns-2 gallery-size-large'><dl class='gallery-item'>\n\t\t\t<dt class='gallery-icon landscape'>\n\t\t\t\t<a href='https:\/\/krets.jagareforbundet.se\/motala\/2016-11-08-19-46-08\/'><img loading=\"lazy\" decoding=\"async\" width=\"1024\" height=\"768\" src=\"https:\/\/krets.jagareforbundet.se\/motala\/files\/2016\/11\/2016-11-08-19.46.08-1024x768.jpg\" class=\"attachment-large size-large\" alt=\"\" aria-describedby=\"gallery-2-1027\" srcset=\"https:\/\/krets.jagareforbundet.se\/motala\/files\/2016\/11\/2016-11-08-19.46.08-1024x768.jpg 1024w, https:\/\/krets.jagareforbundet.se\/motala\/files\/2016\/11\/2016-11-08-19.46.08-300x225.jpg 300w, https:\/\/krets.jagareforbundet.se\/motala\/files\/2016\/11\/2016-11-08-19.46.08-768x576.jpg 768w\" sizes=\"auto, (max-width: 1024px) 100vw, 1024px\" \/><\/a>\n\t\t\t<\/dt>\n\t\t\t\t<dd class='wp-caption-text gallery-caption' id='gallery-2-1027'>\n\t\t\t\tS\u00e4ker p\u00e5 var hunden \u00e4r?\n\t\t\t\t<\/dd><\/dl><dl class='gallery-item'>\n\t\t\t<dt class='gallery-icon landscape'>\n\t\t\t\t<a href='https:\/\/krets.jagareforbundet.se\/motala\/2016-11-08-19-45-45\/'><img loading=\"lazy\" decoding=\"async\" width=\"1024\" height=\"768\" src=\"https:\/\/krets.jagareforbundet.se\/motala\/files\/2016\/11\/2016-11-08-19.45.45-1024x768.jpg\" class=\"attachment-large size-large\" alt=\"\" aria-describedby=\"gallery-2-1025\" srcset=\"https:\/\/krets.jagareforbundet.se\/motala\/files\/2016\/11\/2016-11-08-19.45.45-1024x768.jpg 1024w, https:\/\/krets.jagareforbundet.se\/motala\/files\/2016\/11\/2016-11-08-19.45.45-300x225.jpg 300w, https:\/\/krets.jagareforbundet.se\/motala\/files\/2016\/11\/2016-11-08-19.45.45-768x576.jpg 768w\" sizes=\"auto, (max-width: 1024px) 100vw, 1024px\" \/><\/a>\n\t\t\t<\/dt>\n\t\t\t\t<dd class='wp-caption-text gallery-caption' id='gallery-2-1025'>\n\t\t\t\tD\u00e4r har vi den!\n\t\t\t\t<\/dd><\/dl><br style=\"clear: both\" \/>\n\t\t<\/div>\n\n<h3>Station 2<\/h3>\n<p>Vid den andra stationen har vi ocks\u00e5 st\u00e5ndskall p\u00e5 ett skadat vildsvin, och \u00e4ven h\u00e4r handlar det om att p\u00e5 ett f\u00f6r hunden s\u00e4kert s\u00e4tt komma \u00e5t vildsvinet. H\u00e4r g\u00f6r dock pl\u00f6tsligt vildsvinet ett utfall (r\u00f6rligt m\u00e5l), och d\u00e5 det finns en del vegetation mellan skytt och vildsvin g\u00e4ller det att v\u00e4lja sitt tillf\u00e4lle noga.<\/p>\n\n\t\t<style type=\"text\/css\">\n\t\t\t#gallery-3 {\n\t\t\t\tmargin: auto;\n\t\t\t}\n\t\t\t#gallery-3 .gallery-item {\n\t\t\t\tfloat: left;\n\t\t\t\tmargin-top: 10px;\n\t\t\t\ttext-align: center;\n\t\t\t\twidth: 33%;\n\t\t\t}\n\t\t\t#gallery-3 img {\n\t\t\t\tborder: 2px solid #cfcfcf;\n\t\t\t}\n\t\t\t#gallery-3 .gallery-caption {\n\t\t\t\tmargin-left: 0;\n\t\t\t}\n\t\t\t\/* see gallery_shortcode() in wp-includes\/media.php *\/\n\t\t<\/style>\n\t\t<div id='gallery-3' class='gallery galleryid-1030 gallery-columns-3 gallery-size-large'><dl class='gallery-item'>\n\t\t\t<dt class='gallery-icon landscape'>\n\t\t\t\t<a href='https:\/\/krets.jagareforbundet.se\/motala\/2016-11-08-19-18-56\/'><img loading=\"lazy\" decoding=\"async\" width=\"1024\" height=\"768\" src=\"https:\/\/krets.jagareforbundet.se\/motala\/files\/2016\/11\/2016-11-08-19.18.56-1024x768.jpg\" class=\"attachment-large size-large\" alt=\"\" srcset=\"https:\/\/krets.jagareforbundet.se\/motala\/files\/2016\/11\/2016-11-08-19.18.56-1024x768.jpg 1024w, https:\/\/krets.jagareforbundet.se\/motala\/files\/2016\/11\/2016-11-08-19.18.56-300x225.jpg 300w, https:\/\/krets.jagareforbundet.se\/motala\/files\/2016\/11\/2016-11-08-19.18.56-768x576.jpg 768w\" sizes=\"auto, (max-width: 1024px) 100vw, 1024px\" \/><\/a>\n\t\t\t<\/dt><\/dl><dl class='gallery-item'>\n\t\t\t<dt class='gallery-icon landscape'>\n\t\t\t\t<a href='https:\/\/krets.jagareforbundet.se\/motala\/2016-11-08-19-25-53\/'><img loading=\"lazy\" decoding=\"async\" width=\"1024\" height=\"768\" src=\"https:\/\/krets.jagareforbundet.se\/motala\/files\/2016\/11\/2016-11-08-19.25.53-1024x768.jpg\" class=\"attachment-large size-large\" alt=\"\" srcset=\"https:\/\/krets.jagareforbundet.se\/motala\/files\/2016\/11\/2016-11-08-19.25.53-1024x768.jpg 1024w, https:\/\/krets.jagareforbundet.se\/motala\/files\/2016\/11\/2016-11-08-19.25.53-300x225.jpg 300w, https:\/\/krets.jagareforbundet.se\/motala\/files\/2016\/11\/2016-11-08-19.25.53-768x576.jpg 768w\" sizes=\"auto, (max-width: 1024px) 100vw, 1024px\" \/><\/a>\n\t\t\t<\/dt><\/dl><dl class='gallery-item'>\n\t\t\t<dt class='gallery-icon landscape'>\n\t\t\t\t<a href='https:\/\/krets.jagareforbundet.se\/motala\/2016-11-08-19-38-53\/'><img loading=\"lazy\" decoding=\"async\" width=\"1024\" height=\"768\" src=\"https:\/\/krets.jagareforbundet.se\/motala\/files\/2016\/11\/2016-11-08-19.38.53-1024x768.jpg\" class=\"attachment-large size-large\" alt=\"\" srcset=\"https:\/\/krets.jagareforbundet.se\/motala\/files\/2016\/11\/2016-11-08-19.38.53-1024x768.jpg 1024w, https:\/\/krets.jagareforbundet.se\/motala\/files\/2016\/11\/2016-11-08-19.38.53-300x225.jpg 300w, https:\/\/krets.jagareforbundet.se\/motala\/files\/2016\/11\/2016-11-08-19.38.53-768x576.jpg 768w\" sizes=\"auto, (max-width: 1024px) 100vw, 1024px\" \/><\/a>\n\t\t\t<\/dt><\/dl><br style=\"clear: both\" \/>\n\t\t<\/div>\n\n<h3>Station 3<\/h3>\n<p>Den tredje stationen \u00e4r kanske inte lika tekniskt avancerad som de tidigare. H\u00e4r kommer ist\u00e4llet fysisk anstr\u00e4ngning in i bilden, d\u00e5 skyttarna innan f\u00f6rsta skottillf\u00e4llet f\u00e5r g\u00f6ra en kortare l\u00f6prunda f\u00f6r att bygga upp lite puls. Ett skott avlossas, f\u00f6ljt av en ny l\u00f6prunda och d\u00e4refter tv\u00e5 snabba skott.<\/p>\n\n\t\t<style type=\"text\/css\">\n\t\t\t#gallery-4 {\n\t\t\t\tmargin: auto;\n\t\t\t}\n\t\t\t#gallery-4 .gallery-item {\n\t\t\t\tfloat: left;\n\t\t\t\tmargin-top: 10px;\n\t\t\t\ttext-align: center;\n\t\t\t\twidth: 50%;\n\t\t\t}\n\t\t\t#gallery-4 img {\n\t\t\t\tborder: 2px solid #cfcfcf;\n\t\t\t}\n\t\t\t#gallery-4 .gallery-caption {\n\t\t\t\tmargin-left: 0;\n\t\t\t}\n\t\t\t\/* see gallery_shortcode() in wp-includes\/media.php *\/\n\t\t<\/style>\n\t\t<div id='gallery-4' class='gallery galleryid-1030 gallery-columns-2 gallery-size-large'><dl class='gallery-item'>\n\t\t\t<dt class='gallery-icon landscape'>\n\t\t\t\t<a href='https:\/\/krets.jagareforbundet.se\/motala\/img_0524\/'><img loading=\"lazy\" decoding=\"async\" width=\"1024\" height=\"768\" src=\"https:\/\/krets.jagareforbundet.se\/motala\/files\/2016\/11\/img_0524-1024x768.jpg\" class=\"attachment-large size-large\" alt=\"\" srcset=\"https:\/\/krets.jagareforbundet.se\/motala\/files\/2016\/11\/img_0524-1024x768.jpg 1024w, https:\/\/krets.jagareforbundet.se\/motala\/files\/2016\/11\/img_0524-300x225.jpg 300w, https:\/\/krets.jagareforbundet.se\/motala\/files\/2016\/11\/img_0524-768x576.jpg 768w, https:\/\/krets.jagareforbundet.se\/motala\/files\/2016\/11\/img_0524.jpg 1600w\" sizes=\"auto, (max-width: 1024px) 100vw, 1024px\" \/><\/a>\n\t\t\t<\/dt><\/dl><dl class='gallery-item'>\n\t\t\t<dt class='gallery-icon landscape'>\n\t\t\t\t<a href='https:\/\/krets.jagareforbundet.se\/motala\/img_0521\/'><img loading=\"lazy\" decoding=\"async\" width=\"1024\" height=\"768\" src=\"https:\/\/krets.jagareforbundet.se\/motala\/files\/2016\/11\/img_0521-1024x768.jpg\" class=\"attachment-large size-large\" alt=\"\" srcset=\"https:\/\/krets.jagareforbundet.se\/motala\/files\/2016\/11\/img_0521-1024x768.jpg 1024w, https:\/\/krets.jagareforbundet.se\/motala\/files\/2016\/11\/img_0521-300x225.jpg 300w, https:\/\/krets.jagareforbundet.se\/motala\/files\/2016\/11\/img_0521-768x576.jpg 768w, https:\/\/krets.jagareforbundet.se\/motala\/files\/2016\/11\/img_0521.jpg 1600w\" sizes=\"auto, (max-width: 1024px) 100vw, 1024px\" \/><\/a>\n\t\t\t<\/dt><\/dl><br style=\"clear: both\" \/>\n\t\t<\/div>\n\n<p>Kv\u00e4llen avslutades med en summering\u00a0och intagande\u00a0av varm korv och br\u00f6d.<\/p>\n<p>Stort TACK till Thomas H\u00f6gberg och \u00d6stg\u00f6ta Jaktskytteklubb f\u00f6r er medverkan i denna lyckade kv\u00e4ll.<\/p>\n<p>Tack ocks\u00e5 till alla deltagare samt funktion\u00e4rerna fr\u00e5n Motala Jaktv\u00e5rdskrets.<\/p>\n","protected":false},"excerpt":{"rendered":"<p>F\u00f6r fj\u00e4rde g\u00e5ngen i ordningen anordnade Motala JVK\u00a0p\u00e5 tisdagskv\u00e4llen den 8\/11\u00a0m\u00f6rkerskytte. Tema denna g\u00e5ng var efters\u00f6k, s\u00e5v\u00e4l jaktliga s\u00e5dana\u00a0som trafikefters\u00f6k. Inbjuden f\u00f6rel\u00e4sare var Thomas H\u00f6gberg, \u00d6sterg\u00f6tlands ansvarige j\u00e4gare inom NVR. L\u00e4nsansvarig\u00a0j\u00e4gare inom NVR\u00a0\u00e4r tillsammans med l\u00e4nsansvarig inom polisen ansvarig f\u00f6r att efters\u00f6ksorganisationen fungerar. Totalt 16 skyttar sl\u00f6t upp, och en extra eloge till den kvartett [&hellip;]<\/p>\n","protected":false},"author":109,"featured_media":1021,"parent":310,"menu_order":72,"comment_status":"closed","ping_status":"closed","template":"","meta":{"footnotes":""},"class_list":["post-1030","page","type-page","status-publish","has-post-thumbnail","hentry"],"_links":{"self":[{"href":"https:\/\/krets.jagareforbundet.se\/motala\/wp-json\/wp\/v2\/pages\/1030","targetHints":{"allow":["GET"]}}],"collection":[{"href":"https:\/\/krets.jagareforbundet.se\/motala\/wp-json\/wp\/v2\/pages"}],"about":[{"href":"https:\/\/krets.jagareforbundet.se\/motala\/wp-json\/wp\/v2\/types\/page"}],"author":[{"embeddable":true,"href":"https:\/\/krets.jagareforbundet.se\/motala\/wp-json\/wp\/v2\/users\/109"}],"replies":[{"embeddable":true,"href":"https:\/\/krets.jagareforbundet.se\/motala\/wp-json\/wp\/v2\/comments?post=1030"}],"version-history":[{"count":0,"href":"https:\/\/krets.jagareforbundet.se\/motala\/wp-json\/wp\/v2\/pages\/1030\/revisions"}],"up":[{"embeddable":true,"href":"https:\/\/krets.jagareforbundet.se\/motala\/wp-json\/wp\/v2\/pages\/310"}],"wp:featuredmedia":[{"embeddable":true,"href":"https:\/\/krets.jagareforbundet.se\/motala\/wp-json\/wp\/v2\/media\/1021"}],"wp:attachment":[{"href":"https:\/\/krets.jagareforbundet.se\/motala\/wp-json\/wp\/v2\/media?parent=1030"}],"curies":[{"name":"wp","href":"https:\/\/api.w.org\/{rel}","templated":true}]}}