{"id":1158,"date":"2017-05-24T22:56:48","date_gmt":"2017-05-24T20:56:48","guid":{"rendered":"https:\/\/krets.jagareforbundet.se\/motala\/?page_id=1158"},"modified":"2017-05-24T22:56:48","modified_gmt":"2017-05-24T20:56:48","slug":"nya-jagare-2017-dag-3","status":"publish","type":"page","link":"https:\/\/krets.jagareforbundet.se\/motala\/skytte\/nya-jagare-2017-dag-3\/","title":{"rendered":"Nya j\u00e4gare 2017- dag 3"},"content":{"rendered":"<p>\u00c5rets speciellt avsatt skyttetillf\u00e4llen f\u00f6r nya j\u00e4gare 2017 \u00e4r nu genomf\u00f6rda. Vi har under tre m\u00e5ndagskv\u00e4llar f\u00f6r unga och nya j\u00e4gare provat p\u00e5 olika typer av skyttestationer med s\u00e5v\u00e4l hagel- som kulskytte.<\/p>\n<p>Vid den tredje och sista kv\u00e4llen var uppl\u00e4gget n\u00e5got friare, d\u00e4r deltagarna i st\u00f6rre utstr\u00e4ckning sj\u00e4lva efter behov, tycke och smak fick v\u00e4lja moment att tr\u00e4na p\u00e5. Utbudet bestod av tv\u00e5 stationer med kulskytte d\u00e4r b\u00e5da dessa erbj\u00f6d s\u00e5v\u00e4l r\u00f6rliga som stillast\u00e5ende m\u00e5l, samt en hagelstation med lerduveskytte.<\/p>\n<p>Nytt f\u00f6r denna g\u00e5ng var att vi byggt upp den mobila r\u00e4lsbana som J\u00e4garef\u00f6rbundet \u00d6sterg\u00f6tland k\u00f6pte in under 2016. Med den g\u00e5r det att f\u00e5 till \u00e4n mer jaktlika stationer, i terr\u00e4ng och p\u00e5 underlag som de traditionella skjutbanorna inte \u00e4r i n\u00e4rheten av. \u00c4ven om det \u00e4r f\u00f6rknippat med n\u00e5gon timmes arbete att montera banan, ger den ett stort tr\u00e4ningsv\u00e4rde tillbaka.<\/p>\n\n\t\t<style type=\"text\/css\">\n\t\t\t#gallery-1 {\n\t\t\t\tmargin: auto;\n\t\t\t}\n\t\t\t#gallery-1 .gallery-item {\n\t\t\t\tfloat: left;\n\t\t\t\tmargin-top: 10px;\n\t\t\t\ttext-align: center;\n\t\t\t\twidth: 50%;\n\t\t\t}\n\t\t\t#gallery-1 img {\n\t\t\t\tborder: 2px solid #cfcfcf;\n\t\t\t}\n\t\t\t#gallery-1 .gallery-caption {\n\t\t\t\tmargin-left: 0;\n\t\t\t}\n\t\t\t\/* see gallery_shortcode() in wp-includes\/media.php *\/\n\t\t<\/style>\n\t\t<div id='gallery-1' class='gallery galleryid-1158 gallery-columns-2 gallery-size-large'><dl class='gallery-item'>\n\t\t\t<dt class='gallery-icon landscape'>\n\t\t\t\t<a href='https:\/\/krets.jagareforbundet.se\/motala\/nyskytte_dag3_2017_2\/'><img loading=\"lazy\" decoding=\"async\" width=\"1024\" height=\"768\" src=\"https:\/\/krets.jagareforbundet.se\/motala\/files\/2017\/05\/nyskytte_dag3_2017_2-1024x768.jpg\" class=\"attachment-large size-large\" alt=\"\" srcset=\"https:\/\/krets.jagareforbundet.se\/motala\/files\/2017\/05\/nyskytte_dag3_2017_2-1024x768.jpg 1024w, https:\/\/krets.jagareforbundet.se\/motala\/files\/2017\/05\/nyskytte_dag3_2017_2-300x225.jpg 300w, https:\/\/krets.jagareforbundet.se\/motala\/files\/2017\/05\/nyskytte_dag3_2017_2-768x576.jpg 768w\" sizes=\"auto, (max-width: 1024px) 100vw, 1024px\" \/><\/a>\n\t\t\t<\/dt><\/dl><dl class='gallery-item'>\n\t\t\t<dt class='gallery-icon landscape'>\n\t\t\t\t<a href='https:\/\/krets.jagareforbundet.se\/motala\/nyskytte_dag3_2017_13\/'><img loading=\"lazy\" decoding=\"async\" width=\"1024\" height=\"768\" src=\"https:\/\/krets.jagareforbundet.se\/motala\/files\/2017\/05\/nyskytte_dag3_2017_13-1024x768.jpg\" class=\"attachment-large size-large\" alt=\"\" srcset=\"https:\/\/krets.jagareforbundet.se\/motala\/files\/2017\/05\/nyskytte_dag3_2017_13-1024x768.jpg 1024w, https:\/\/krets.jagareforbundet.se\/motala\/files\/2017\/05\/nyskytte_dag3_2017_13-300x225.jpg 300w, https:\/\/krets.jagareforbundet.se\/motala\/files\/2017\/05\/nyskytte_dag3_2017_13-768x576.jpg 768w\" sizes=\"auto, (max-width: 1024px) 100vw, 1024px\" \/><\/a>\n\t\t\t<\/dt><\/dl><br style=\"clear: both\" \/>\n\t\t<\/div>\n\n<p>I ett f\u00f6rs\u00f6k att summera de tre genomf\u00f6rda tillf\u00e4llena g\u00e5r det inte att undvika det mycket goda skytte som deltagarna visat upp. Titta bara p\u00e5 tr\u00e4ffbilderna nedan. Riktigt bra allihop!<\/p>\n\n\t\t<style type=\"text\/css\">\n\t\t\t#gallery-2 {\n\t\t\t\tmargin: auto;\n\t\t\t}\n\t\t\t#gallery-2 .gallery-item {\n\t\t\t\tfloat: left;\n\t\t\t\tmargin-top: 10px;\n\t\t\t\ttext-align: center;\n\t\t\t\twidth: 50%;\n\t\t\t}\n\t\t\t#gallery-2 img {\n\t\t\t\tborder: 2px solid #cfcfcf;\n\t\t\t}\n\t\t\t#gallery-2 .gallery-caption {\n\t\t\t\tmargin-left: 0;\n\t\t\t}\n\t\t\t\/* see gallery_shortcode() in wp-includes\/media.php *\/\n\t\t<\/style>\n\t\t<div id='gallery-2' class='gallery galleryid-1158 gallery-columns-2 gallery-size-large'><dl class='gallery-item'>\n\t\t\t<dt class='gallery-icon landscape'>\n\t\t\t\t<a href='https:\/\/krets.jagareforbundet.se\/motala\/nyskytte_dag3_2017_7\/'><img loading=\"lazy\" decoding=\"async\" width=\"1024\" height=\"768\" src=\"https:\/\/krets.jagareforbundet.se\/motala\/files\/2017\/05\/nyskytte_dag3_2017_7-1024x768.jpg\" class=\"attachment-large size-large\" alt=\"\" srcset=\"https:\/\/krets.jagareforbundet.se\/motala\/files\/2017\/05\/nyskytte_dag3_2017_7-1024x768.jpg 1024w, https:\/\/krets.jagareforbundet.se\/motala\/files\/2017\/05\/nyskytte_dag3_2017_7-300x225.jpg 300w, https:\/\/krets.jagareforbundet.se\/motala\/files\/2017\/05\/nyskytte_dag3_2017_7-768x576.jpg 768w\" sizes=\"auto, (max-width: 1024px) 100vw, 1024px\" \/><\/a>\n\t\t\t<\/dt><\/dl><dl class='gallery-item'>\n\t\t\t<dt class='gallery-icon landscape'>\n\t\t\t\t<a href='https:\/\/krets.jagareforbundet.se\/motala\/nyskytte_dag3_2017_8\/'><img loading=\"lazy\" decoding=\"async\" width=\"1024\" height=\"768\" src=\"https:\/\/krets.jagareforbundet.se\/motala\/files\/2017\/05\/nyskytte_dag3_2017_8-1024x768.jpg\" class=\"attachment-large size-large\" alt=\"\" srcset=\"https:\/\/krets.jagareforbundet.se\/motala\/files\/2017\/05\/nyskytte_dag3_2017_8-1024x768.jpg 1024w, https:\/\/krets.jagareforbundet.se\/motala\/files\/2017\/05\/nyskytte_dag3_2017_8-300x225.jpg 300w, https:\/\/krets.jagareforbundet.se\/motala\/files\/2017\/05\/nyskytte_dag3_2017_8-768x576.jpg 768w\" sizes=\"auto, (max-width: 1024px) 100vw, 1024px\" \/><\/a>\n\t\t\t<\/dt><\/dl><br style=\"clear: both\" \/>\n\t\t<\/div>\n\n<p>Ett stort TACK till \u00d6stg\u00f6ta Jaktskytteklubb f\u00f6r uppl\u00e5tande av skjutbana och service med korv och dryck. Ett s\u00e4rskilt Tack ocks\u00e5 till kretsens skytteansvariga Albin och Axel, f\u00f6r v\u00e4l genomf\u00f6rda tillf\u00e4llen.<\/p>\n\n\t\t<style type=\"text\/css\">\n\t\t\t#gallery-3 {\n\t\t\t\tmargin: auto;\n\t\t\t}\n\t\t\t#gallery-3 .gallery-item {\n\t\t\t\tfloat: left;\n\t\t\t\tmargin-top: 10px;\n\t\t\t\ttext-align: center;\n\t\t\t\twidth: 50%;\n\t\t\t}\n\t\t\t#gallery-3 img {\n\t\t\t\tborder: 2px solid #cfcfcf;\n\t\t\t}\n\t\t\t#gallery-3 .gallery-caption {\n\t\t\t\tmargin-left: 0;\n\t\t\t}\n\t\t\t\/* see gallery_shortcode() in wp-includes\/media.php *\/\n\t\t<\/style>\n\t\t<div id='gallery-3' class='gallery galleryid-1158 gallery-columns-2 gallery-size-large'><dl class='gallery-item'>\n\t\t\t<dt class='gallery-icon landscape'>\n\t\t\t\t<a href='https:\/\/krets.jagareforbundet.se\/motala\/nyskytte_dag3_2017_6\/'><img loading=\"lazy\" decoding=\"async\" width=\"1024\" height=\"768\" src=\"https:\/\/krets.jagareforbundet.se\/motala\/files\/2017\/05\/nyskytte_dag3_2017_6-1024x768.jpg\" class=\"attachment-large size-large\" alt=\"\" srcset=\"https:\/\/krets.jagareforbundet.se\/motala\/files\/2017\/05\/nyskytte_dag3_2017_6-1024x768.jpg 1024w, https:\/\/krets.jagareforbundet.se\/motala\/files\/2017\/05\/nyskytte_dag3_2017_6-300x225.jpg 300w, https:\/\/krets.jagareforbundet.se\/motala\/files\/2017\/05\/nyskytte_dag3_2017_6-768x576.jpg 768w\" sizes=\"auto, (max-width: 1024px) 100vw, 1024px\" \/><\/a>\n\t\t\t<\/dt><\/dl><dl class='gallery-item'>\n\t\t\t<dt class='gallery-icon landscape'>\n\t\t\t\t<a href='https:\/\/krets.jagareforbundet.se\/motala\/nyskytte_dag3_2017_5\/'><img loading=\"lazy\" decoding=\"async\" width=\"1024\" height=\"768\" src=\"https:\/\/krets.jagareforbundet.se\/motala\/files\/2017\/05\/nyskytte_dag3_2017_5-1024x768.jpg\" class=\"attachment-large size-large\" alt=\"\" srcset=\"https:\/\/krets.jagareforbundet.se\/motala\/files\/2017\/05\/nyskytte_dag3_2017_5-1024x768.jpg 1024w, https:\/\/krets.jagareforbundet.se\/motala\/files\/2017\/05\/nyskytte_dag3_2017_5-300x225.jpg 300w, https:\/\/krets.jagareforbundet.se\/motala\/files\/2017\/05\/nyskytte_dag3_2017_5-768x576.jpg 768w\" sizes=\"auto, (max-width: 1024px) 100vw, 1024px\" \/><\/a>\n\t\t\t<\/dt><\/dl><br style=\"clear: both\" \/>\n\t\t<\/div>\n\n<p>Nu \u00e5terst\u00e5r bara h\u00f6stens &#8221;riktiga&#8221; jaktdag p\u00e5 de marker som J\u00e4garef\u00f6rbundet \u00d6sterg\u00f6tland disponerar hos Boxholms Skogar. Skitjakt p\u00e5 oss!<\/p>\n","protected":false},"excerpt":{"rendered":"<p>\u00c5rets speciellt avsatt skyttetillf\u00e4llen f\u00f6r nya j\u00e4gare 2017 \u00e4r nu genomf\u00f6rda. Vi har under tre m\u00e5ndagskv\u00e4llar f\u00f6r unga och nya j\u00e4gare provat p\u00e5 olika typer av skyttestationer med s\u00e5v\u00e4l hagel- som kulskytte. Vid den tredje och sista kv\u00e4llen var uppl\u00e4gget n\u00e5got friare, d\u00e4r deltagarna i st\u00f6rre utstr\u00e4ckning sj\u00e4lva efter behov, tycke och smak fick v\u00e4lja [&hellip;]<\/p>\n","protected":false},"author":109,"featured_media":1148,"parent":310,"menu_order":62,"comment_status":"closed","ping_status":"closed","template":"","meta":{"footnotes":""},"class_list":["post-1158","page","type-page","status-publish","has-post-thumbnail","hentry"],"_links":{"self":[{"href":"https:\/\/krets.jagareforbundet.se\/motala\/wp-json\/wp\/v2\/pages\/1158","targetHints":{"allow":["GET"]}}],"collection":[{"href":"https:\/\/krets.jagareforbundet.se\/motala\/wp-json\/wp\/v2\/pages"}],"about":[{"href":"https:\/\/krets.jagareforbundet.se\/motala\/wp-json\/wp\/v2\/types\/page"}],"author":[{"embeddable":true,"href":"https:\/\/krets.jagareforbundet.se\/motala\/wp-json\/wp\/v2\/users\/109"}],"replies":[{"embeddable":true,"href":"https:\/\/krets.jagareforbundet.se\/motala\/wp-json\/wp\/v2\/comments?post=1158"}],"version-history":[{"count":0,"href":"https:\/\/krets.jagareforbundet.se\/motala\/wp-json\/wp\/v2\/pages\/1158\/revisions"}],"up":[{"embeddable":true,"href":"https:\/\/krets.jagareforbundet.se\/motala\/wp-json\/wp\/v2\/pages\/310"}],"wp:featuredmedia":[{"embeddable":true,"href":"https:\/\/krets.jagareforbundet.se\/motala\/wp-json\/wp\/v2\/media\/1148"}],"wp:attachment":[{"href":"https:\/\/krets.jagareforbundet.se\/motala\/wp-json\/wp\/v2\/media?parent=1158"}],"curies":[{"name":"wp","href":"https:\/\/api.w.org\/{rel}","templated":true}]}}