{"id":1183,"date":"2017-08-04T10:49:02","date_gmt":"2017-08-04T08:49:02","guid":{"rendered":"https:\/\/krets.jagareforbundet.se\/motala\/?page_id=1183"},"modified":"2022-08-02T10:02:07","modified_gmt":"2022-08-02T08:02:07","slug":"bidrag-2017","status":"publish","type":"page","link":"https:\/\/krets.jagareforbundet.se\/motala\/ravjakten\/bidrag-2017\/","title":{"rendered":"Bidrag 2017"},"content":{"rendered":"<p>F\u00f6ljande bidrag har\u00a0inkommit i 2017 \u00e5rs t\u00e4vling:<\/p>\n<table border=\"1\" width=\"598\" cellspacing=\"0\" cellpadding=\"0\">\n<tbody>\n<tr>\n<td valign=\"top\" width=\"55\">\u00a0Bidrag<\/td>\n<td valign=\"top\" width=\"338\">\u00a0Namn<\/td>\n<td valign=\"top\" width=\"197\">\u00a0Datum<\/td>\n<\/tr>\n<tr>\n<td valign=\"top\" width=\"55\">\u00a01<\/td>\n<td valign=\"top\" width=\"338\">\u00a0Markus Grenestam<\/td>\n<td valign=\"top\" width=\"197\">\u00a02017-08-16<\/td>\n<\/tr>\n<tr>\n<td valign=\"top\" width=\"55\">\u00a02<\/td>\n<td valign=\"top\" width=\"338\">\u00a0Markus Grenestam<\/td>\n<td valign=\"top\" width=\"197\">\u00a02017-10-07<\/td>\n<\/tr>\n<tr>\n<td valign=\"top\" width=\"55\">\u00a03<\/td>\n<td valign=\"top\" width=\"338\">\u00a0Johan Str\u00f6m<\/td>\n<td valign=\"top\" width=\"197\">\u00a02017-08-06<\/td>\n<\/tr>\n<tr>\n<td valign=\"top\" width=\"55\">\u00a04<\/td>\n<td valign=\"top\" width=\"338\">\u00a0Magnus Larsson<\/td>\n<td valign=\"top\" width=\"197\">\u00a02018-01-04<\/td>\n<\/tr>\n<tr>\n<td valign=\"top\" width=\"55\">\u00a05<\/td>\n<td valign=\"top\" width=\"338\"><\/td>\n<td valign=\"top\" width=\"197\"><\/td>\n<\/tr>\n<tr>\n<td valign=\"top\" width=\"55\">\u00a06<\/td>\n<td valign=\"top\" width=\"338\"><\/td>\n<td valign=\"top\" width=\"197\"><\/td>\n<\/tr>\n<tr>\n<td valign=\"top\" width=\"55\">\u00a07<\/td>\n<td valign=\"top\" width=\"338\"><\/td>\n<td valign=\"top\" width=\"197\"><\/td>\n<\/tr>\n<tr>\n<td valign=\"top\" width=\"55\">\u00a08<\/td>\n<td valign=\"top\" width=\"338\"><\/td>\n<td valign=\"top\" width=\"197\"><\/td>\n<\/tr>\n<tr>\n<td valign=\"top\" width=\"55\">\u00a09<\/td>\n<td valign=\"top\" width=\"338\"><\/td>\n<td valign=\"top\" width=\"197\"><\/td>\n<\/tr>\n<tr>\n<td valign=\"top\" width=\"55\">\u00a010<\/td>\n<td valign=\"top\" width=\"338\"><\/td>\n<td valign=\"top\" width=\"197\"><\/td>\n<\/tr>\n<tr>\n<td valign=\"top\" width=\"55\">\u00a011<\/td>\n<td valign=\"top\" width=\"338\"><\/td>\n<td valign=\"top\" width=\"197\"><\/td>\n<\/tr>\n<tr>\n<td valign=\"top\" width=\"55\">\u00a012<\/td>\n<td valign=\"top\" width=\"338\"><\/td>\n<td valign=\"top\" width=\"197\"><\/td>\n<\/tr>\n<tr>\n<td valign=\"top\" width=\"55\"><\/td>\n<td valign=\"top\" width=\"338\"><\/td>\n<td valign=\"top\" width=\"197\"><\/td>\n<\/tr>\n<\/tbody>\n<\/table>\n<p>Bilder p\u00e5 r\u00e4varna finns p\u00e5 <a href=\"https:\/\/krets.jagareforbundet.se\/motala\/ravjakten\/bidrag-2017\/ravbilder-2017\/\">denna l\u00e4nk<\/a>.<\/p>\n","protected":false},"excerpt":{"rendered":"<p>F\u00f6ljande bidrag har\u00a0inkommit i 2017 \u00e5rs t\u00e4vling: \u00a0Bidrag \u00a0Namn \u00a0Datum \u00a01 \u00a0Markus Grenestam \u00a02017-08-16 \u00a02 \u00a0Markus Grenestam \u00a02017-10-07 \u00a03 \u00a0Johan Str\u00f6m \u00a02017-08-06 \u00a04 \u00a0Magnus Larsson \u00a02018-01-04 \u00a05 \u00a06 \u00a07 \u00a08 \u00a09 \u00a010 \u00a011 \u00a012 Bilder p\u00e5 r\u00e4varna finns p\u00e5 denna l\u00e4nk.<\/p>\n","protected":false},"author":109,"featured_media":0,"parent":133,"menu_order":36,"comment_status":"closed","ping_status":"closed","template":"","meta":{"footnotes":""},"class_list":["post-1183","page","type-page","status-publish","hentry"],"_links":{"self":[{"href":"https:\/\/krets.jagareforbundet.se\/motala\/wp-json\/wp\/v2\/pages\/1183","targetHints":{"allow":["GET"]}}],"collection":[{"href":"https:\/\/krets.jagareforbundet.se\/motala\/wp-json\/wp\/v2\/pages"}],"about":[{"href":"https:\/\/krets.jagareforbundet.se\/motala\/wp-json\/wp\/v2\/types\/page"}],"author":[{"embeddable":true,"href":"https:\/\/krets.jagareforbundet.se\/motala\/wp-json\/wp\/v2\/users\/109"}],"replies":[{"embeddable":true,"href":"https:\/\/krets.jagareforbundet.se\/motala\/wp-json\/wp\/v2\/comments?post=1183"}],"version-history":[{"count":2,"href":"https:\/\/krets.jagareforbundet.se\/motala\/wp-json\/wp\/v2\/pages\/1183\/revisions"}],"predecessor-version":[{"id":1834,"href":"https:\/\/krets.jagareforbundet.se\/motala\/wp-json\/wp\/v2\/pages\/1183\/revisions\/1834"}],"up":[{"embeddable":true,"href":"https:\/\/krets.jagareforbundet.se\/motala\/wp-json\/wp\/v2\/pages\/133"}],"wp:attachment":[{"href":"https:\/\/krets.jagareforbundet.se\/motala\/wp-json\/wp\/v2\/media?parent=1183"}],"curies":[{"name":"wp","href":"https:\/\/api.w.org\/{rel}","templated":true}]}}