{"id":1407,"date":"2018-08-12T22:06:38","date_gmt":"2018-08-12T20:06:38","guid":{"rendered":"https:\/\/krets.jagareforbundet.se\/motala\/?page_id=1407"},"modified":"2018-08-12T22:22:22","modified_gmt":"2018-08-12T20:22:22","slug":"normahylsan-2018","status":"publish","type":"page","link":"https:\/\/krets.jagareforbundet.se\/motala\/skytte\/normahylsan-2018\/","title":{"rendered":"Normahylsan 2018"},"content":{"rendered":"<p>S\u00f6ndagen den 12 augusti genomf\u00f6rdes 2018 \u00e5r Normahylsa och Ungdomshylsa. Dessa b\u00e5da \u00e4r kretsens \u00e5rliga kulskyttet\u00e4vlingar med varsina vandringspriser i form av hylsor modell st\u00f6rre.<\/p>\n<p>Till \u00e5rets t\u00e4vling kom 14 startande till Normahylsan och 2 st ungdomar t\u00e4vlade i Ungdomshylsan. V\u00e4dret var under dagen mer normalt svenskt sommarv\u00e4der \u00e4n vad vi blivit bortsk\u00e4mda med detta \u00e5r, mulet med emellan\u00e5t en regnskur och en temperatur p\u00e5 bara strax \u00f6ver 15 grader. Riktigt ruggigt!<\/p>\n<p>Segrade gjorde i Normahylsan Martin Engman p\u00e5 riktigt fina 171 p. P\u00e5 delad andraplats kom Gunnar Kjellin och Johan Brolin, b\u00e5da p\u00e5 162 p. Ungdomshylsan vanns av Fabian Eklund, f\u00f6re Gustav Brolin. Grattis till er!<\/p>\n\n\t\t<style type=\"text\/css\">\n\t\t\t#gallery-1 {\n\t\t\t\tmargin: auto;\n\t\t\t}\n\t\t\t#gallery-1 .gallery-item {\n\t\t\t\tfloat: left;\n\t\t\t\tmargin-top: 10px;\n\t\t\t\ttext-align: center;\n\t\t\t\twidth: 50%;\n\t\t\t}\n\t\t\t#gallery-1 img {\n\t\t\t\tborder: 2px solid #cfcfcf;\n\t\t\t}\n\t\t\t#gallery-1 .gallery-caption {\n\t\t\t\tmargin-left: 0;\n\t\t\t}\n\t\t\t\/* see gallery_shortcode() in wp-includes\/media.php *\/\n\t\t<\/style>\n\t\t<div id='gallery-1' class='gallery galleryid-1407 gallery-columns-2 gallery-size-medium'><dl class='gallery-item'>\n\t\t\t<dt class='gallery-icon landscape'>\n\t\t\t\t<a href='https:\/\/krets.jagareforbundet.se\/motala\/normahylsan_2018_34\/'><img loading=\"lazy\" decoding=\"async\" width=\"300\" height=\"225\" src=\"https:\/\/krets.jagareforbundet.se\/motala\/files\/2018\/08\/normahylsan_2018_34-300x225.jpg\" class=\"attachment-medium size-medium\" alt=\"\" srcset=\"https:\/\/krets.jagareforbundet.se\/motala\/files\/2018\/08\/normahylsan_2018_34-300x225.jpg 300w, https:\/\/krets.jagareforbundet.se\/motala\/files\/2018\/08\/normahylsan_2018_34-768x576.jpg 768w, https:\/\/krets.jagareforbundet.se\/motala\/files\/2018\/08\/normahylsan_2018_34-1024x768.jpg 1024w\" sizes=\"auto, (max-width: 300px) 100vw, 300px\" \/><\/a>\n\t\t\t<\/dt><\/dl><dl class='gallery-item'>\n\t\t\t<dt class='gallery-icon landscape'>\n\t\t\t\t<a href='https:\/\/krets.jagareforbundet.se\/motala\/normahylsan_2018_28\/'><img loading=\"lazy\" decoding=\"async\" width=\"300\" height=\"225\" src=\"https:\/\/krets.jagareforbundet.se\/motala\/files\/2018\/08\/normahylsan_2018_28-300x225.jpg\" class=\"attachment-medium size-medium\" alt=\"\" srcset=\"https:\/\/krets.jagareforbundet.se\/motala\/files\/2018\/08\/normahylsan_2018_28-300x225.jpg 300w, https:\/\/krets.jagareforbundet.se\/motala\/files\/2018\/08\/normahylsan_2018_28-768x576.jpg 768w, https:\/\/krets.jagareforbundet.se\/motala\/files\/2018\/08\/normahylsan_2018_28-1024x768.jpg 1024w\" sizes=\"auto, (max-width: 300px) 100vw, 300px\" \/><\/a>\n\t\t\t<\/dt><\/dl><br style=\"clear: both\" \/><dl class='gallery-item'>\n\t\t\t<dt class='gallery-icon landscape'>\n\t\t\t\t<a href='https:\/\/krets.jagareforbundet.se\/motala\/normahylsan_2018_41\/'><img loading=\"lazy\" decoding=\"async\" width=\"300\" height=\"225\" src=\"https:\/\/krets.jagareforbundet.se\/motala\/files\/2018\/08\/normahylsan_2018_41-300x225.jpg\" class=\"attachment-medium size-medium\" alt=\"\" srcset=\"https:\/\/krets.jagareforbundet.se\/motala\/files\/2018\/08\/normahylsan_2018_41-300x225.jpg 300w, https:\/\/krets.jagareforbundet.se\/motala\/files\/2018\/08\/normahylsan_2018_41-768x576.jpg 768w, https:\/\/krets.jagareforbundet.se\/motala\/files\/2018\/08\/normahylsan_2018_41-1024x768.jpg 1024w\" sizes=\"auto, (max-width: 300px) 100vw, 300px\" \/><\/a>\n\t\t\t<\/dt><\/dl><dl class='gallery-item'>\n\t\t\t<dt class='gallery-icon landscape'>\n\t\t\t\t<a href='https:\/\/krets.jagareforbundet.se\/motala\/normahylsan_2018_39\/'><img loading=\"lazy\" decoding=\"async\" width=\"300\" height=\"225\" src=\"https:\/\/krets.jagareforbundet.se\/motala\/files\/2018\/08\/normahylsan_2018_39-300x225.jpg\" class=\"attachment-medium size-medium\" alt=\"\" srcset=\"https:\/\/krets.jagareforbundet.se\/motala\/files\/2018\/08\/normahylsan_2018_39-300x225.jpg 300w, https:\/\/krets.jagareforbundet.se\/motala\/files\/2018\/08\/normahylsan_2018_39-768x576.jpg 768w, https:\/\/krets.jagareforbundet.se\/motala\/files\/2018\/08\/normahylsan_2018_39-1024x768.jpg 1024w\" sizes=\"auto, (max-width: 300px) 100vw, 300px\" \/><\/a>\n\t\t\t<\/dt><\/dl><br style=\"clear: both\" \/>\n\t\t<\/div>\n\n<p>Prisbordet kom som vanligt fr\u00e5n Engelsons. Stort TACK f\u00f6r det!<\/p>\n\n\t\t<style type=\"text\/css\">\n\t\t\t#gallery-2 {\n\t\t\t\tmargin: auto;\n\t\t\t}\n\t\t\t#gallery-2 .gallery-item {\n\t\t\t\tfloat: left;\n\t\t\t\tmargin-top: 10px;\n\t\t\t\ttext-align: center;\n\t\t\t\twidth: 50%;\n\t\t\t}\n\t\t\t#gallery-2 img {\n\t\t\t\tborder: 2px solid #cfcfcf;\n\t\t\t}\n\t\t\t#gallery-2 .gallery-caption {\n\t\t\t\tmargin-left: 0;\n\t\t\t}\n\t\t\t\/* see gallery_shortcode() in wp-includes\/media.php *\/\n\t\t<\/style>\n\t\t<div id='gallery-2' class='gallery galleryid-1407 gallery-columns-2 gallery-size-medium'><dl class='gallery-item'>\n\t\t\t<dt class='gallery-icon landscape'>\n\t\t\t\t<a href='https:\/\/krets.jagareforbundet.se\/motala\/normahylsan_2018_02\/'><img loading=\"lazy\" decoding=\"async\" width=\"300\" height=\"225\" src=\"https:\/\/krets.jagareforbundet.se\/motala\/files\/2018\/08\/normahylsan_2018_02-300x225.jpg\" class=\"attachment-medium size-medium\" alt=\"\" srcset=\"https:\/\/krets.jagareforbundet.se\/motala\/files\/2018\/08\/normahylsan_2018_02-300x225.jpg 300w, https:\/\/krets.jagareforbundet.se\/motala\/files\/2018\/08\/normahylsan_2018_02-768x576.jpg 768w, https:\/\/krets.jagareforbundet.se\/motala\/files\/2018\/08\/normahylsan_2018_02-1024x768.jpg 1024w\" sizes=\"auto, (max-width: 300px) 100vw, 300px\" \/><\/a>\n\t\t\t<\/dt><\/dl><dl class='gallery-item'>\n\t\t\t<dt class='gallery-icon landscape'>\n\t\t\t\t<a href='https:\/\/krets.jagareforbundet.se\/motala\/normahylsan_2018_04\/'><img loading=\"lazy\" decoding=\"async\" width=\"300\" height=\"225\" src=\"https:\/\/krets.jagareforbundet.se\/motala\/files\/2018\/08\/normahylsan_2018_04-300x225.jpg\" class=\"attachment-medium size-medium\" alt=\"\" srcset=\"https:\/\/krets.jagareforbundet.se\/motala\/files\/2018\/08\/normahylsan_2018_04-300x225.jpg 300w, https:\/\/krets.jagareforbundet.se\/motala\/files\/2018\/08\/normahylsan_2018_04-768x576.jpg 768w, https:\/\/krets.jagareforbundet.se\/motala\/files\/2018\/08\/normahylsan_2018_04-1024x768.jpg 1024w\" sizes=\"auto, (max-width: 300px) 100vw, 300px\" \/><\/a>\n\t\t\t<\/dt><\/dl><br style=\"clear: both\" \/>\n\t\t<\/div>\n\n<p>Nedan lite blandade bilder fr\u00e5n dagen.<\/p>\n\n\t\t<style type=\"text\/css\">\n\t\t\t#gallery-3 {\n\t\t\t\tmargin: auto;\n\t\t\t}\n\t\t\t#gallery-3 .gallery-item {\n\t\t\t\tfloat: left;\n\t\t\t\tmargin-top: 10px;\n\t\t\t\ttext-align: center;\n\t\t\t\twidth: 50%;\n\t\t\t}\n\t\t\t#gallery-3 img {\n\t\t\t\tborder: 2px solid #cfcfcf;\n\t\t\t}\n\t\t\t#gallery-3 .gallery-caption {\n\t\t\t\tmargin-left: 0;\n\t\t\t}\n\t\t\t\/* see gallery_shortcode() in wp-includes\/media.php *\/\n\t\t<\/style>\n\t\t<div id='gallery-3' class='gallery galleryid-1407 gallery-columns-2 gallery-size-medium'><dl class='gallery-item'>\n\t\t\t<dt class='gallery-icon landscape'>\n\t\t\t\t<a href='https:\/\/krets.jagareforbundet.se\/motala\/normahylsan_2018_12\/'><img loading=\"lazy\" decoding=\"async\" width=\"300\" height=\"225\" src=\"https:\/\/krets.jagareforbundet.se\/motala\/files\/2018\/08\/normahylsan_2018_12-300x225.jpg\" class=\"attachment-medium size-medium\" alt=\"\" srcset=\"https:\/\/krets.jagareforbundet.se\/motala\/files\/2018\/08\/normahylsan_2018_12-300x225.jpg 300w, https:\/\/krets.jagareforbundet.se\/motala\/files\/2018\/08\/normahylsan_2018_12-768x576.jpg 768w, https:\/\/krets.jagareforbundet.se\/motala\/files\/2018\/08\/normahylsan_2018_12-1024x768.jpg 1024w\" sizes=\"auto, (max-width: 300px) 100vw, 300px\" \/><\/a>\n\t\t\t<\/dt><\/dl><dl class='gallery-item'>\n\t\t\t<dt class='gallery-icon landscape'>\n\t\t\t\t<a href='https:\/\/krets.jagareforbundet.se\/motala\/normahylsan_2018_22\/'><img loading=\"lazy\" decoding=\"async\" width=\"300\" height=\"225\" src=\"https:\/\/krets.jagareforbundet.se\/motala\/files\/2018\/08\/normahylsan_2018_22-300x225.jpg\" class=\"attachment-medium size-medium\" alt=\"\" srcset=\"https:\/\/krets.jagareforbundet.se\/motala\/files\/2018\/08\/normahylsan_2018_22-300x225.jpg 300w, https:\/\/krets.jagareforbundet.se\/motala\/files\/2018\/08\/normahylsan_2018_22-768x576.jpg 768w, https:\/\/krets.jagareforbundet.se\/motala\/files\/2018\/08\/normahylsan_2018_22-1024x768.jpg 1024w\" sizes=\"auto, (max-width: 300px) 100vw, 300px\" \/><\/a>\n\t\t\t<\/dt><\/dl><br style=\"clear: both\" \/><dl class='gallery-item'>\n\t\t\t<dt class='gallery-icon landscape'>\n\t\t\t\t<a href='https:\/\/krets.jagareforbundet.se\/motala\/normahylsan_2018_09\/'><img loading=\"lazy\" decoding=\"async\" width=\"300\" height=\"225\" src=\"https:\/\/krets.jagareforbundet.se\/motala\/files\/2018\/08\/normahylsan_2018_09-300x225.jpg\" class=\"attachment-medium size-medium\" alt=\"\" srcset=\"https:\/\/krets.jagareforbundet.se\/motala\/files\/2018\/08\/normahylsan_2018_09-300x225.jpg 300w, https:\/\/krets.jagareforbundet.se\/motala\/files\/2018\/08\/normahylsan_2018_09-768x576.jpg 768w, https:\/\/krets.jagareforbundet.se\/motala\/files\/2018\/08\/normahylsan_2018_09-1024x768.jpg 1024w\" sizes=\"auto, (max-width: 300px) 100vw, 300px\" \/><\/a>\n\t\t\t<\/dt><\/dl><dl class='gallery-item'>\n\t\t\t<dt class='gallery-icon landscape'>\n\t\t\t\t<a href='https:\/\/krets.jagareforbundet.se\/motala\/normahylsan_2018_15\/'><img loading=\"lazy\" decoding=\"async\" width=\"300\" height=\"225\" src=\"https:\/\/krets.jagareforbundet.se\/motala\/files\/2018\/08\/normahylsan_2018_15-300x225.jpg\" class=\"attachment-medium size-medium\" alt=\"\" srcset=\"https:\/\/krets.jagareforbundet.se\/motala\/files\/2018\/08\/normahylsan_2018_15-300x225.jpg 300w, https:\/\/krets.jagareforbundet.se\/motala\/files\/2018\/08\/normahylsan_2018_15-768x576.jpg 768w, https:\/\/krets.jagareforbundet.se\/motala\/files\/2018\/08\/normahylsan_2018_15-1024x768.jpg 1024w\" sizes=\"auto, (max-width: 300px) 100vw, 300px\" \/><\/a>\n\t\t\t<\/dt><\/dl><br style=\"clear: both\" \/><dl class='gallery-item'>\n\t\t\t<dt class='gallery-icon landscape'>\n\t\t\t\t<a href='https:\/\/krets.jagareforbundet.se\/motala\/normahylsan_2018_17\/'><img loading=\"lazy\" decoding=\"async\" width=\"300\" height=\"225\" src=\"https:\/\/krets.jagareforbundet.se\/motala\/files\/2018\/08\/normahylsan_2018_17-300x225.jpg\" class=\"attachment-medium size-medium\" alt=\"\" srcset=\"https:\/\/krets.jagareforbundet.se\/motala\/files\/2018\/08\/normahylsan_2018_17-300x225.jpg 300w, https:\/\/krets.jagareforbundet.se\/motala\/files\/2018\/08\/normahylsan_2018_17-768x576.jpg 768w, https:\/\/krets.jagareforbundet.se\/motala\/files\/2018\/08\/normahylsan_2018_17-1024x768.jpg 1024w\" sizes=\"auto, (max-width: 300px) 100vw, 300px\" \/><\/a>\n\t\t\t<\/dt><\/dl><dl class='gallery-item'>\n\t\t\t<dt class='gallery-icon landscape'>\n\t\t\t\t<a href='https:\/\/krets.jagareforbundet.se\/motala\/normahylsan_2018_11\/'><img loading=\"lazy\" decoding=\"async\" width=\"300\" height=\"225\" src=\"https:\/\/krets.jagareforbundet.se\/motala\/files\/2018\/08\/normahylsan_2018_11-300x225.jpg\" class=\"attachment-medium size-medium\" alt=\"\" srcset=\"https:\/\/krets.jagareforbundet.se\/motala\/files\/2018\/08\/normahylsan_2018_11-300x225.jpg 300w, https:\/\/krets.jagareforbundet.se\/motala\/files\/2018\/08\/normahylsan_2018_11-768x576.jpg 768w, https:\/\/krets.jagareforbundet.se\/motala\/files\/2018\/08\/normahylsan_2018_11-1024x768.jpg 1024w\" sizes=\"auto, (max-width: 300px) 100vw, 300px\" \/><\/a>\n\t\t\t<\/dt><\/dl><br style=\"clear: both\" \/><dl class='gallery-item'>\n\t\t\t<dt class='gallery-icon landscape'>\n\t\t\t\t<a href='https:\/\/krets.jagareforbundet.se\/motala\/normahylsan_2018_24\/'><img loading=\"lazy\" decoding=\"async\" width=\"300\" height=\"225\" src=\"https:\/\/krets.jagareforbundet.se\/motala\/files\/2018\/08\/normahylsan_2018_24-300x225.jpg\" class=\"attachment-medium size-medium\" alt=\"\" srcset=\"https:\/\/krets.jagareforbundet.se\/motala\/files\/2018\/08\/normahylsan_2018_24-300x225.jpg 300w, https:\/\/krets.jagareforbundet.se\/motala\/files\/2018\/08\/normahylsan_2018_24-768x576.jpg 768w, https:\/\/krets.jagareforbundet.se\/motala\/files\/2018\/08\/normahylsan_2018_24-1024x768.jpg 1024w\" sizes=\"auto, (max-width: 300px) 100vw, 300px\" \/><\/a>\n\t\t\t<\/dt><\/dl><dl class='gallery-item'>\n\t\t\t<dt class='gallery-icon landscape'>\n\t\t\t\t<a href='https:\/\/krets.jagareforbundet.se\/motala\/normahylsan_2018_25\/'><img loading=\"lazy\" decoding=\"async\" width=\"300\" height=\"225\" src=\"https:\/\/krets.jagareforbundet.se\/motala\/files\/2018\/08\/normahylsan_2018_25-300x225.jpg\" class=\"attachment-medium size-medium\" alt=\"\" srcset=\"https:\/\/krets.jagareforbundet.se\/motala\/files\/2018\/08\/normahylsan_2018_25-300x225.jpg 300w, https:\/\/krets.jagareforbundet.se\/motala\/files\/2018\/08\/normahylsan_2018_25-768x576.jpg 768w, https:\/\/krets.jagareforbundet.se\/motala\/files\/2018\/08\/normahylsan_2018_25-1024x768.jpg 1024w\" sizes=\"auto, (max-width: 300px) 100vw, 300px\" \/><\/a>\n\t\t\t<\/dt><\/dl><br style=\"clear: both\" \/>\n\t\t<\/div>\n\n","protected":false},"excerpt":{"rendered":"<p>S\u00f6ndagen den 12 augusti genomf\u00f6rdes 2018 \u00e5r Normahylsa och Ungdomshylsa. Dessa b\u00e5da \u00e4r kretsens \u00e5rliga kulskyttet\u00e4vlingar med varsina vandringspriser i form av hylsor modell st\u00f6rre. Till \u00e5rets t\u00e4vling kom 14 startande till Normahylsan och 2 st ungdomar t\u00e4vlade i Ungdomshylsan. V\u00e4dret var under dagen mer normalt svenskt sommarv\u00e4der \u00e4n vad vi blivit bortsk\u00e4mda med detta [&hellip;]<\/p>\n","protected":false},"author":109,"featured_media":1405,"parent":310,"menu_order":57,"comment_status":"closed","ping_status":"closed","template":"","meta":{"footnotes":""},"class_list":["post-1407","page","type-page","status-publish","has-post-thumbnail","hentry"],"_links":{"self":[{"href":"https:\/\/krets.jagareforbundet.se\/motala\/wp-json\/wp\/v2\/pages\/1407","targetHints":{"allow":["GET"]}}],"collection":[{"href":"https:\/\/krets.jagareforbundet.se\/motala\/wp-json\/wp\/v2\/pages"}],"about":[{"href":"https:\/\/krets.jagareforbundet.se\/motala\/wp-json\/wp\/v2\/types\/page"}],"author":[{"embeddable":true,"href":"https:\/\/krets.jagareforbundet.se\/motala\/wp-json\/wp\/v2\/users\/109"}],"replies":[{"embeddable":true,"href":"https:\/\/krets.jagareforbundet.se\/motala\/wp-json\/wp\/v2\/comments?post=1407"}],"version-history":[{"count":1,"href":"https:\/\/krets.jagareforbundet.se\/motala\/wp-json\/wp\/v2\/pages\/1407\/revisions"}],"predecessor-version":[{"id":1409,"href":"https:\/\/krets.jagareforbundet.se\/motala\/wp-json\/wp\/v2\/pages\/1407\/revisions\/1409"}],"up":[{"embeddable":true,"href":"https:\/\/krets.jagareforbundet.se\/motala\/wp-json\/wp\/v2\/pages\/310"}],"wp:featuredmedia":[{"embeddable":true,"href":"https:\/\/krets.jagareforbundet.se\/motala\/wp-json\/wp\/v2\/media\/1405"}],"wp:attachment":[{"href":"https:\/\/krets.jagareforbundet.se\/motala\/wp-json\/wp\/v2\/media?parent=1407"}],"curies":[{"name":"wp","href":"https:\/\/api.w.org\/{rel}","templated":true}]}}