{"id":1414,"date":"2018-08-20T20:07:28","date_gmt":"2018-08-20T18:07:28","guid":{"rendered":"https:\/\/krets.jagareforbundet.se\/motala\/?page_id=1414"},"modified":"2022-08-02T09:58:41","modified_gmt":"2022-08-02T07:58:41","slug":"bidrag-2018","status":"publish","type":"page","link":"https:\/\/krets.jagareforbundet.se\/motala\/ravjakten\/bidrag-2018\/","title":{"rendered":"Bidrag 2018"},"content":{"rendered":"<p>F\u00f6ljande bidrag har inkommit i 2018 \u00e5rs t\u00e4vling:<\/p>\n<table border=\"1\" width=\"598\" cellspacing=\"0\" cellpadding=\"0\">\n<tbody>\n<tr>\n<td valign=\"top\" width=\"55\">Bidrag<\/td>\n<td valign=\"top\" width=\"338\">\u00a0Namn<\/td>\n<td valign=\"top\" width=\"197\">\u00a0Datum<\/td>\n<\/tr>\n<tr>\n<td valign=\"top\" width=\"55\">\u00a01<\/td>\n<td valign=\"top\" width=\"338\">\u00a0Tomas Strandhag<\/td>\n<td valign=\"top\" width=\"197\">\u00a02018-08-07<\/td>\n<\/tr>\n<tr>\n<td valign=\"top\" width=\"55\">\u00a02<\/td>\n<td valign=\"top\" width=\"338\">\u00a0Tomas Strandhag<\/td>\n<td valign=\"top\" width=\"197\">\u00a02018-08-19<\/td>\n<\/tr>\n<tr>\n<td valign=\"top\" width=\"55\">\u00a03<\/td>\n<td valign=\"top\" width=\"338\">\u00a0Magnus Odin<\/td>\n<td valign=\"top\" width=\"197\">\u00a02018-08-07<\/td>\n<\/tr>\n<tr>\n<td valign=\"top\" width=\"55\">\u00a04<\/td>\n<td valign=\"top\" width=\"338\">\u00a0Magnus Odin<\/td>\n<td valign=\"top\" width=\"197\">\u00a02018-08-23<\/td>\n<\/tr>\n<tr>\n<td valign=\"top\" width=\"55\">\u00a05<\/td>\n<td valign=\"top\" width=\"338\">\u00a0Johan Str\u00f6m<\/td>\n<td valign=\"top\" width=\"197\">\u00a02018-08-02<\/td>\n<\/tr>\n<tr>\n<td valign=\"top\" width=\"55\">\u00a06<\/td>\n<td valign=\"top\" width=\"338\">\u00a0Johan Str\u00f6m<\/td>\n<td valign=\"top\" width=\"197\">\u00a02018-08-02<\/td>\n<\/tr>\n<tr>\n<td valign=\"top\" width=\"55\">\u00a07<\/td>\n<td valign=\"top\" width=\"338\">\u00a0Anders Berglund<\/td>\n<td valign=\"top\" width=\"197\">\u00a02018-08-16<\/td>\n<\/tr>\n<tr>\n<td valign=\"top\" width=\"55\">\u00a08<\/td>\n<td valign=\"top\" width=\"338\">\u00a0Gunnar Kjellin<\/td>\n<td valign=\"top\" width=\"197\">\u00a02018-10-16<\/td>\n<\/tr>\n<tr>\n<td valign=\"top\" width=\"55\">\u00a09<\/td>\n<td valign=\"top\" width=\"338\">\u00a0Thomas Johansson<\/td>\n<td valign=\"top\" width=\"197\">\u00a02018-11-17<\/td>\n<\/tr>\n<tr>\n<td valign=\"top\" width=\"55\">\u00a010<\/td>\n<td valign=\"top\" width=\"338\">\u00a0Anders Berglund<\/td>\n<td valign=\"top\" width=\"197\">\u00a02018-12-12<\/td>\n<\/tr>\n<tr>\n<td valign=\"top\" width=\"55\">\u00a011<\/td>\n<td valign=\"top\" width=\"338\">\u00a0Anders Berglund<\/td>\n<td valign=\"top\" width=\"197\">\u00a02019-01-02<\/td>\n<\/tr>\n<tr>\n<td valign=\"top\" width=\"55\">\u00a012<\/td>\n<td valign=\"top\" width=\"338\">\u00a0Stefan Wernersson<\/td>\n<td valign=\"top\" width=\"197\">\u00a02019-01-20<\/td>\n<\/tr>\n<tr>\n<td valign=\"top\" width=\"55\">\u00a013<\/td>\n<td valign=\"top\" width=\"338\">\u00a0Anders Berglund<\/td>\n<td valign=\"top\" width=\"197\">\u00a02019-01-23<\/td>\n<\/tr>\n<\/tbody>\n<\/table>\n<p>Bilder p\u00e5 r\u00e4varna finns p\u00e5 <a href=\"https:\/\/krets.jagareforbundet.se\/motala\/ravjakten\/bidrag-2018\/ravbilder-2018\/\">denna l\u00e4nk<\/a>.<\/p>\n","protected":false},"excerpt":{"rendered":"<p>F\u00f6ljande bidrag har inkommit i 2018 \u00e5rs t\u00e4vling: Bidrag \u00a0Namn \u00a0Datum \u00a01 \u00a0Tomas Strandhag \u00a02018-08-07 \u00a02 \u00a0Tomas Strandhag \u00a02018-08-19 \u00a03 \u00a0Magnus Odin \u00a02018-08-07 \u00a04 \u00a0Magnus Odin \u00a02018-08-23 \u00a05 \u00a0Johan Str\u00f6m \u00a02018-08-02 \u00a06 \u00a0Johan Str\u00f6m \u00a02018-08-02 \u00a07 \u00a0Anders Berglund \u00a02018-08-16 \u00a08 \u00a0Gunnar Kjellin \u00a02018-10-16 \u00a09 \u00a0Thomas Johansson \u00a02018-11-17 \u00a010 \u00a0Anders Berglund \u00a02018-12-12 \u00a011 \u00a0Anders Berglund \u00a02019-01-02 [&hellip;]<\/p>\n","protected":false},"author":109,"featured_media":0,"parent":133,"menu_order":35,"comment_status":"closed","ping_status":"closed","template":"","meta":{"footnotes":""},"class_list":["post-1414","page","type-page","status-publish","hentry"],"_links":{"self":[{"href":"https:\/\/krets.jagareforbundet.se\/motala\/wp-json\/wp\/v2\/pages\/1414","targetHints":{"allow":["GET"]}}],"collection":[{"href":"https:\/\/krets.jagareforbundet.se\/motala\/wp-json\/wp\/v2\/pages"}],"about":[{"href":"https:\/\/krets.jagareforbundet.se\/motala\/wp-json\/wp\/v2\/types\/page"}],"author":[{"embeddable":true,"href":"https:\/\/krets.jagareforbundet.se\/motala\/wp-json\/wp\/v2\/users\/109"}],"replies":[{"embeddable":true,"href":"https:\/\/krets.jagareforbundet.se\/motala\/wp-json\/wp\/v2\/comments?post=1414"}],"version-history":[{"count":2,"href":"https:\/\/krets.jagareforbundet.se\/motala\/wp-json\/wp\/v2\/pages\/1414\/revisions"}],"predecessor-version":[{"id":1835,"href":"https:\/\/krets.jagareforbundet.se\/motala\/wp-json\/wp\/v2\/pages\/1414\/revisions\/1835"}],"up":[{"embeddable":true,"href":"https:\/\/krets.jagareforbundet.se\/motala\/wp-json\/wp\/v2\/pages\/133"}],"wp:attachment":[{"href":"https:\/\/krets.jagareforbundet.se\/motala\/wp-json\/wp\/v2\/media?parent=1414"}],"curies":[{"name":"wp","href":"https:\/\/api.w.org\/{rel}","templated":true}]}}