{"id":1594,"date":"2020-08-14T10:27:27","date_gmt":"2020-08-14T08:27:27","guid":{"rendered":"https:\/\/krets.jagareforbundet.se\/motala\/?page_id=1594"},"modified":"2022-08-02T09:59:31","modified_gmt":"2022-08-02T07:59:31","slug":"bidrag-2020","status":"publish","type":"page","link":"https:\/\/krets.jagareforbundet.se\/motala\/ravjakten\/bidrag-2020\/","title":{"rendered":"Bidrag 2020"},"content":{"rendered":"<p>F\u00f6ljande bidrag har inkommit i 2020 \u00e5rs t\u00e4vling:<\/p>\n<table border=\"1\" width=\"598\" cellspacing=\"0\" cellpadding=\"0\">\n<tbody>\n<tr>\n<td valign=\"top\" width=\"55\">\u00a0Bidrag<\/td>\n<td valign=\"top\" width=\"338\">\u00a0Namn<\/td>\n<td valign=\"top\" width=\"197\">\u00a0Datum<\/td>\n<\/tr>\n<tr>\n<td valign=\"top\" width=\"55\">\u00a01<\/td>\n<td valign=\"top\" width=\"338\">\u00a0Anders Berglund<\/td>\n<td valign=\"top\" width=\"197\">\u00a02020-08-01<\/td>\n<\/tr>\n<tr>\n<td valign=\"top\" width=\"55\">\u00a02<\/td>\n<td valign=\"top\" width=\"338\">\u00a0Anders Berglund<\/td>\n<td valign=\"top\" width=\"197\">\u00a02020-08-16<\/td>\n<\/tr>\n<tr>\n<td valign=\"top\" width=\"55\">\u00a03<\/td>\n<td valign=\"top\" width=\"338\">\u00a0Anders Berglund<\/td>\n<td valign=\"top\" width=\"197\">\u00a02020-08-17<\/td>\n<\/tr>\n<tr>\n<td valign=\"top\" width=\"55\">\u00a04<\/td>\n<td valign=\"top\" width=\"338\">\u00a0Tomas Strandhag<\/td>\n<td valign=\"top\" width=\"197\">\u00a02020-08-03<\/td>\n<\/tr>\n<tr>\n<td valign=\"top\" width=\"55\">\u00a05<\/td>\n<td valign=\"top\" width=\"338\">\u00a0Axel Jarkrans<\/td>\n<td valign=\"top\" width=\"197\">\u00a02020-08-02<\/td>\n<\/tr>\n<tr>\n<td valign=\"top\" width=\"55\">\u00a06<\/td>\n<td valign=\"top\" width=\"338\">\u00a0Axel Jarkrans<\/td>\n<td valign=\"top\" width=\"197\">\u00a02020-08-16<\/td>\n<\/tr>\n<tr>\n<td valign=\"top\" width=\"55\">\u00a07<\/td>\n<td valign=\"top\" width=\"338\">\u00a0Axel Jarkrans<\/td>\n<td valign=\"top\" width=\"197\">\u00a02020-09-14<\/td>\n<\/tr>\n<tr>\n<td valign=\"top\" width=\"55\">\u00a08<\/td>\n<td valign=\"top\" width=\"338\">\u00a0Axel Jarkrans<\/td>\n<td valign=\"top\" width=\"197\">\u00a02020-09-14<\/td>\n<\/tr>\n<tr>\n<td valign=\"top\" width=\"55\">\u00a09<\/td>\n<td valign=\"top\" width=\"338\">\u00a0Axel Jarkrans<\/td>\n<td valign=\"top\" width=\"197\">\u00a02020-09-15<\/td>\n<\/tr>\n<tr>\n<td valign=\"top\" width=\"55\">\u00a010<\/td>\n<td valign=\"top\" width=\"338\">\u00a0Axel Jarkrans<\/td>\n<td valign=\"top\" width=\"197\">\u00a02020-09-15<\/td>\n<\/tr>\n<tr>\n<td valign=\"top\" width=\"55\">\u00a011<\/td>\n<td valign=\"top\" width=\"338\"><\/td>\n<td valign=\"top\" width=\"197\"><\/td>\n<\/tr>\n<tr>\n<td valign=\"top\" width=\"55\">\u00a012<\/td>\n<td valign=\"top\" width=\"338\"><\/td>\n<td valign=\"top\" width=\"197\"><\/td>\n<\/tr>\n<tr>\n<td valign=\"top\" width=\"55\">\u00a013<\/td>\n<td valign=\"top\" width=\"338\"><\/td>\n<td valign=\"top\" width=\"197\"><\/td>\n<\/tr>\n<\/tbody>\n<\/table>\n<p>Bilder p\u00e5 r\u00e4varna finns p\u00e5 <a href=\"https:\/\/krets.jagareforbundet.se\/motala\/ravjakten\/bidrag-2020\/ravbilder-2020\/\">denna l\u00e4nk<\/a>.<\/p>\n","protected":false},"excerpt":{"rendered":"<p>F\u00f6ljande bidrag har inkommit i 2020 \u00e5rs t\u00e4vling: \u00a0Bidrag \u00a0Namn \u00a0Datum \u00a01 \u00a0Anders Berglund \u00a02020-08-01 \u00a02 \u00a0Anders Berglund \u00a02020-08-16 \u00a03 \u00a0Anders Berglund \u00a02020-08-17 \u00a04 \u00a0Tomas Strandhag \u00a02020-08-03 \u00a05 \u00a0Axel Jarkrans \u00a02020-08-02 \u00a06 \u00a0Axel Jarkrans \u00a02020-08-16 \u00a07 \u00a0Axel Jarkrans \u00a02020-09-14 \u00a08 \u00a0Axel Jarkrans \u00a02020-09-14 \u00a09 \u00a0Axel Jarkrans \u00a02020-09-15 \u00a010 \u00a0Axel Jarkrans \u00a02020-09-15 \u00a011 \u00a012 \u00a013 Bilder [&hellip;]<\/p>\n","protected":false},"author":109,"featured_media":0,"parent":133,"menu_order":33,"comment_status":"closed","ping_status":"closed","template":"","meta":{"footnotes":""},"class_list":["post-1594","page","type-page","status-publish","hentry"],"_links":{"self":[{"href":"https:\/\/krets.jagareforbundet.se\/motala\/wp-json\/wp\/v2\/pages\/1594","targetHints":{"allow":["GET"]}}],"collection":[{"href":"https:\/\/krets.jagareforbundet.se\/motala\/wp-json\/wp\/v2\/pages"}],"about":[{"href":"https:\/\/krets.jagareforbundet.se\/motala\/wp-json\/wp\/v2\/types\/page"}],"author":[{"embeddable":true,"href":"https:\/\/krets.jagareforbundet.se\/motala\/wp-json\/wp\/v2\/users\/109"}],"replies":[{"embeddable":true,"href":"https:\/\/krets.jagareforbundet.se\/motala\/wp-json\/wp\/v2\/comments?post=1594"}],"version-history":[{"count":3,"href":"https:\/\/krets.jagareforbundet.se\/motala\/wp-json\/wp\/v2\/pages\/1594\/revisions"}],"predecessor-version":[{"id":1642,"href":"https:\/\/krets.jagareforbundet.se\/motala\/wp-json\/wp\/v2\/pages\/1594\/revisions\/1642"}],"up":[{"embeddable":true,"href":"https:\/\/krets.jagareforbundet.se\/motala\/wp-json\/wp\/v2\/pages\/133"}],"wp:attachment":[{"href":"https:\/\/krets.jagareforbundet.se\/motala\/wp-json\/wp\/v2\/media?parent=1594"}],"curies":[{"name":"wp","href":"https:\/\/api.w.org\/{rel}","templated":true}]}}