{"id":1617,"date":"2020-08-19T21:17:48","date_gmt":"2020-08-19T19:17:48","guid":{"rendered":"https:\/\/krets.jagareforbundet.se\/motala\/?page_id=1617"},"modified":"2020-08-19T21:23:49","modified_gmt":"2020-08-19T19:23:49","slug":"normahylsan-2020","status":"publish","type":"page","link":"https:\/\/krets.jagareforbundet.se\/motala\/skytte\/normahylsan-2020\/","title":{"rendered":"Normahylsan 2020"},"content":{"rendered":"<p>I str\u00e5lande sol genomf\u00f6rde Motala Jaktv\u00e5rdskrets den 15\/8 sin \u00e5rliga skyttet\u00e4vling Normahylsan, d\u00e4r de b\u00e5da vandringspriserna &#8221;Normahylsan&#8221; och &#8221;Ungdomshylsan&#8221; kompletterat med ett oerh\u00f6rt fint prisbord fr\u00e5n Hylte Lantm\u00e4n l\u00e5g i potten.<\/p>\n<p>Till \u00e5rets t\u00e4vling kom 14 skyttar till start, och det presterades \u00f6verlag riktigt bra skytte fr\u00e5n de flesta. Skyttet utg\u00f6rs av:<\/p>\n<ul>\n<li>10 skott p\u00e5 l\u00f6pande vildsvin, ca 50 m<\/li>\n<li>10 skott p\u00e5 stillast\u00e5ende r\u00e5djur, ca 80 m<\/li>\n<\/ul>\n<p>N\u00e4r krutr\u00f6ken lagt sig och resultaten summerats blev resultatlistan som f\u00f6ljer:<\/p>\n<p><strong>Normahylsan<\/strong><\/p>\n<ol>\n<li>Albin Turi, 189 p<\/li>\n<li>Fredrik H\u00f6rnstein, 177 p<\/li>\n<li>Caroline Lund\u00e9n, 174 p<\/li>\n<\/ol>\n<p><strong>Ungdomshylsan<\/strong><\/p>\n<ol>\n<li>Gustav Brolin<\/li>\n<\/ol>\n<p>Motala Jaktv\u00e5rdskrets vill rikta ett stort TACK till Hylte Lantm\u00e4n f\u00f6r det fantastiska prisbordet!<\/p>\n<p>Tack ocks\u00e5 till \u00d6stg\u00f6ta Jaktskytteklubb, t\u00e4vlingsfunktion\u00e4rer och alla deltagare!<\/p>\n<p>Nedan n\u00e5gra bilder fr\u00e5n dagen,<\/p>\n\n\t\t<style type=\"text\/css\">\n\t\t\t#gallery-1 {\n\t\t\t\tmargin: auto;\n\t\t\t}\n\t\t\t#gallery-1 .gallery-item {\n\t\t\t\tfloat: left;\n\t\t\t\tmargin-top: 10px;\n\t\t\t\ttext-align: center;\n\t\t\t\twidth: 100%;\n\t\t\t}\n\t\t\t#gallery-1 img {\n\t\t\t\tborder: 2px solid #cfcfcf;\n\t\t\t}\n\t\t\t#gallery-1 .gallery-caption {\n\t\t\t\tmargin-left: 0;\n\t\t\t}\n\t\t\t\/* see gallery_shortcode() in wp-includes\/media.php *\/\n\t\t<\/style>\n\t\t<div id='gallery-1' class='gallery galleryid-1617 gallery-columns-1 gallery-size-large'><dl class='gallery-item'>\n\t\t\t<dt class='gallery-icon landscape'>\n\t\t\t\t<a href='https:\/\/krets.jagareforbundet.se\/motala\/normahylsan_2020_1\/'><img loading=\"lazy\" decoding=\"async\" width=\"1024\" height=\"768\" src=\"https:\/\/krets.jagareforbundet.se\/motala\/files\/2020\/08\/Normahylsan_2020_1-1024x768.jpg\" class=\"attachment-large size-large\" alt=\"\" aria-describedby=\"gallery-1-1600\" srcset=\"https:\/\/krets.jagareforbundet.se\/motala\/files\/2020\/08\/Normahylsan_2020_1-1024x768.jpg 1024w, https:\/\/krets.jagareforbundet.se\/motala\/files\/2020\/08\/Normahylsan_2020_1-300x225.jpg 300w, https:\/\/krets.jagareforbundet.se\/motala\/files\/2020\/08\/Normahylsan_2020_1-768x576.jpg 768w, https:\/\/krets.jagareforbundet.se\/motala\/files\/2020\/08\/Normahylsan_2020_1-1536x1152.jpg 1536w, https:\/\/krets.jagareforbundet.se\/motala\/files\/2020\/08\/Normahylsan_2020_1-2048x1536.jpg 2048w\" sizes=\"auto, (max-width: 1024px) 100vw, 1024px\" \/><\/a>\n\t\t\t<\/dt>\n\t\t\t\t<dd class='wp-caption-text gallery-caption' id='gallery-1-1600'>\n\t\t\t\tSkjutplatsen f\u00f6r vildsvinsskotten\n\t\t\t\t<\/dd><\/dl><br style=\"clear: both\" \/><dl class='gallery-item'>\n\t\t\t<dt class='gallery-icon landscape'>\n\t\t\t\t<a href='https:\/\/krets.jagareforbundet.se\/motala\/normahylsan_2020_3\/'><img loading=\"lazy\" decoding=\"async\" width=\"1024\" height=\"768\" src=\"https:\/\/krets.jagareforbundet.se\/motala\/files\/2020\/08\/Normahylsan_2020_3-1024x768.jpg\" class=\"attachment-large size-large\" alt=\"\" aria-describedby=\"gallery-1-1602\" srcset=\"https:\/\/krets.jagareforbundet.se\/motala\/files\/2020\/08\/Normahylsan_2020_3-1024x768.jpg 1024w, https:\/\/krets.jagareforbundet.se\/motala\/files\/2020\/08\/Normahylsan_2020_3-300x225.jpg 300w, https:\/\/krets.jagareforbundet.se\/motala\/files\/2020\/08\/Normahylsan_2020_3-768x576.jpg 768w, https:\/\/krets.jagareforbundet.se\/motala\/files\/2020\/08\/Normahylsan_2020_3-1536x1152.jpg 1536w, https:\/\/krets.jagareforbundet.se\/motala\/files\/2020\/08\/Normahylsan_2020_3-2048x1536.jpg 2048w\" sizes=\"auto, (max-width: 1024px) 100vw, 1024px\" \/><\/a>\n\t\t\t<\/dt>\n\t\t\t\t<dd class='wp-caption-text gallery-caption' id='gallery-1-1602'>\n\t\t\t\tSkjutplats f\u00f6r r\u00e5djurskotten\n\t\t\t\t<\/dd><\/dl><br style=\"clear: both\" \/><dl class='gallery-item'>\n\t\t\t<dt class='gallery-icon landscape'>\n\t\t\t\t<a href='https:\/\/krets.jagareforbundet.se\/motala\/normahylsan_2020_4\/'><img loading=\"lazy\" decoding=\"async\" width=\"1024\" height=\"768\" src=\"https:\/\/krets.jagareforbundet.se\/motala\/files\/2020\/08\/Normahylsan_2020_4-1024x768.jpg\" class=\"attachment-large size-large\" alt=\"\" aria-describedby=\"gallery-1-1603\" srcset=\"https:\/\/krets.jagareforbundet.se\/motala\/files\/2020\/08\/Normahylsan_2020_4-1024x768.jpg 1024w, https:\/\/krets.jagareforbundet.se\/motala\/files\/2020\/08\/Normahylsan_2020_4-300x225.jpg 300w, https:\/\/krets.jagareforbundet.se\/motala\/files\/2020\/08\/Normahylsan_2020_4-768x576.jpg 768w, https:\/\/krets.jagareforbundet.se\/motala\/files\/2020\/08\/Normahylsan_2020_4-1536x1152.jpg 1536w, https:\/\/krets.jagareforbundet.se\/motala\/files\/2020\/08\/Normahylsan_2020_4-2048x1536.jpg 2048w\" sizes=\"auto, (max-width: 1024px) 100vw, 1024px\" \/><\/a>\n\t\t\t<\/dt>\n\t\t\t\t<dd class='wp-caption-text gallery-caption' id='gallery-1-1603'>\n\t\t\t\tMarkering\n\t\t\t\t<\/dd><\/dl><br style=\"clear: both\" \/><dl class='gallery-item'>\n\t\t\t<dt class='gallery-icon landscape'>\n\t\t\t\t<a href='https:\/\/krets.jagareforbundet.se\/motala\/normahylsan_2020_5\/'><img loading=\"lazy\" decoding=\"async\" width=\"1024\" height=\"768\" src=\"https:\/\/krets.jagareforbundet.se\/motala\/files\/2020\/08\/Normahylsan_2020_5-1024x768.jpg\" class=\"attachment-large size-large\" alt=\"\" aria-describedby=\"gallery-1-1604\" srcset=\"https:\/\/krets.jagareforbundet.se\/motala\/files\/2020\/08\/Normahylsan_2020_5-1024x768.jpg 1024w, https:\/\/krets.jagareforbundet.se\/motala\/files\/2020\/08\/Normahylsan_2020_5-300x225.jpg 300w, https:\/\/krets.jagareforbundet.se\/motala\/files\/2020\/08\/Normahylsan_2020_5-768x576.jpg 768w, https:\/\/krets.jagareforbundet.se\/motala\/files\/2020\/08\/Normahylsan_2020_5-1536x1152.jpg 1536w, https:\/\/krets.jagareforbundet.se\/motala\/files\/2020\/08\/Normahylsan_2020_5-2048x1536.jpg 2048w\" sizes=\"auto, (max-width: 1024px) 100vw, 1024px\" \/><\/a>\n\t\t\t<\/dt>\n\t\t\t\t<dd class='wp-caption-text gallery-caption' id='gallery-1-1604'>\n\t\t\t\tPrisbord sponsrat fr\u00e5n Hylte Lantm\u00e4n\n\t\t\t\t<\/dd><\/dl><br style=\"clear: both\" \/><dl class='gallery-item'>\n\t\t\t<dt class='gallery-icon landscape'>\n\t\t\t\t<a href='https:\/\/krets.jagareforbundet.se\/motala\/normahylsan_2020_7\/'><img loading=\"lazy\" decoding=\"async\" width=\"1024\" height=\"768\" src=\"https:\/\/krets.jagareforbundet.se\/motala\/files\/2020\/08\/Normahylsan_2020_7-1024x768.jpg\" class=\"attachment-large size-large\" alt=\"\" aria-describedby=\"gallery-1-1606\" srcset=\"https:\/\/krets.jagareforbundet.se\/motala\/files\/2020\/08\/Normahylsan_2020_7-1024x768.jpg 1024w, https:\/\/krets.jagareforbundet.se\/motala\/files\/2020\/08\/Normahylsan_2020_7-300x225.jpg 300w, https:\/\/krets.jagareforbundet.se\/motala\/files\/2020\/08\/Normahylsan_2020_7-768x576.jpg 768w, https:\/\/krets.jagareforbundet.se\/motala\/files\/2020\/08\/Normahylsan_2020_7-1536x1152.jpg 1536w, https:\/\/krets.jagareforbundet.se\/motala\/files\/2020\/08\/Normahylsan_2020_7-2048x1536.jpg 2048w\" sizes=\"auto, (max-width: 1024px) 100vw, 1024px\" \/><\/a>\n\t\t\t<\/dt>\n\t\t\t\t<dd class='wp-caption-text gallery-caption' id='gallery-1-1606'>\n\t\t\t\t\u00c5rets segrare Albin Turi f\u00e5r ta emot Normahylasn\n\t\t\t\t<\/dd><\/dl><br style=\"clear: both\" \/><dl class='gallery-item'>\n\t\t\t<dt class='gallery-icon landscape'>\n\t\t\t\t<a href='https:\/\/krets.jagareforbundet.se\/motala\/normahylsan_2020_6\/'><img loading=\"lazy\" decoding=\"async\" width=\"1024\" height=\"768\" src=\"https:\/\/krets.jagareforbundet.se\/motala\/files\/2020\/08\/Normahylsan_2020_6-1024x768.jpg\" class=\"attachment-large size-large\" alt=\"\" aria-describedby=\"gallery-1-1605\" srcset=\"https:\/\/krets.jagareforbundet.se\/motala\/files\/2020\/08\/Normahylsan_2020_6-1024x768.jpg 1024w, https:\/\/krets.jagareforbundet.se\/motala\/files\/2020\/08\/Normahylsan_2020_6-300x225.jpg 300w, https:\/\/krets.jagareforbundet.se\/motala\/files\/2020\/08\/Normahylsan_2020_6-768x576.jpg 768w, https:\/\/krets.jagareforbundet.se\/motala\/files\/2020\/08\/Normahylsan_2020_6-1536x1152.jpg 1536w, https:\/\/krets.jagareforbundet.se\/motala\/files\/2020\/08\/Normahylsan_2020_6-2048x1536.jpg 2048w\" sizes=\"auto, (max-width: 1024px) 100vw, 1024px\" \/><\/a>\n\t\t\t<\/dt>\n\t\t\t\t<dd class='wp-caption-text gallery-caption' id='gallery-1-1605'>\n\t\t\t\tGustav Brolin, vinnare av Ungdomshylsan\n\t\t\t\t<\/dd><\/dl><br style=\"clear: both\" \/><dl class='gallery-item'>\n\t\t\t<dt class='gallery-icon landscape'>\n\t\t\t\t<a href='https:\/\/krets.jagareforbundet.se\/motala\/normahylsan_2020_8\/'><img loading=\"lazy\" decoding=\"async\" width=\"1024\" height=\"768\" src=\"https:\/\/krets.jagareforbundet.se\/motala\/files\/2020\/08\/Normahylsan_2020_8-1024x768.jpg\" class=\"attachment-large size-large\" alt=\"\" aria-describedby=\"gallery-1-1607\" srcset=\"https:\/\/krets.jagareforbundet.se\/motala\/files\/2020\/08\/Normahylsan_2020_8-1024x768.jpg 1024w, https:\/\/krets.jagareforbundet.se\/motala\/files\/2020\/08\/Normahylsan_2020_8-300x225.jpg 300w, https:\/\/krets.jagareforbundet.se\/motala\/files\/2020\/08\/Normahylsan_2020_8-768x576.jpg 768w, https:\/\/krets.jagareforbundet.se\/motala\/files\/2020\/08\/Normahylsan_2020_8-1536x1152.jpg 1536w, https:\/\/krets.jagareforbundet.se\/motala\/files\/2020\/08\/Normahylsan_2020_8-2048x1536.jpg 2048w\" sizes=\"auto, (max-width: 1024px) 100vw, 1024px\" \/><\/a>\n\t\t\t<\/dt>\n\t\t\t\t<dd class='wp-caption-text gallery-caption' id='gallery-1-1607'>\n\t\t\t\tSamtliga pristagare\n\t\t\t\t<\/dd><\/dl><br style=\"clear: both\" \/>\n\t\t<\/div>\n\n","protected":false},"excerpt":{"rendered":"<p>I str\u00e5lande sol genomf\u00f6rde Motala Jaktv\u00e5rdskrets den 15\/8 sin \u00e5rliga skyttet\u00e4vling Normahylsan, d\u00e4r de b\u00e5da vandringspriserna &#8221;Normahylsan&#8221; och &#8221;Ungdomshylsan&#8221; kompletterat med ett oerh\u00f6rt fint prisbord fr\u00e5n Hylte Lantm\u00e4n l\u00e5g i potten. Till \u00e5rets t\u00e4vling kom 14 skyttar till start, och det presterades \u00f6verlag riktigt bra skytte fr\u00e5n de flesta. Skyttet utg\u00f6rs av: 10 skott p\u00e5 [&hellip;]<\/p>\n","protected":false},"author":109,"featured_media":1608,"parent":310,"menu_order":56,"comment_status":"closed","ping_status":"closed","template":"","meta":{"footnotes":""},"class_list":["post-1617","page","type-page","status-publish","has-post-thumbnail","hentry"],"_links":{"self":[{"href":"https:\/\/krets.jagareforbundet.se\/motala\/wp-json\/wp\/v2\/pages\/1617","targetHints":{"allow":["GET"]}}],"collection":[{"href":"https:\/\/krets.jagareforbundet.se\/motala\/wp-json\/wp\/v2\/pages"}],"about":[{"href":"https:\/\/krets.jagareforbundet.se\/motala\/wp-json\/wp\/v2\/types\/page"}],"author":[{"embeddable":true,"href":"https:\/\/krets.jagareforbundet.se\/motala\/wp-json\/wp\/v2\/users\/109"}],"replies":[{"embeddable":true,"href":"https:\/\/krets.jagareforbundet.se\/motala\/wp-json\/wp\/v2\/comments?post=1617"}],"version-history":[{"count":3,"href":"https:\/\/krets.jagareforbundet.se\/motala\/wp-json\/wp\/v2\/pages\/1617\/revisions"}],"predecessor-version":[{"id":1622,"href":"https:\/\/krets.jagareforbundet.se\/motala\/wp-json\/wp\/v2\/pages\/1617\/revisions\/1622"}],"up":[{"embeddable":true,"href":"https:\/\/krets.jagareforbundet.se\/motala\/wp-json\/wp\/v2\/pages\/310"}],"wp:featuredmedia":[{"embeddable":true,"href":"https:\/\/krets.jagareforbundet.se\/motala\/wp-json\/wp\/v2\/media\/1608"}],"wp:attachment":[{"href":"https:\/\/krets.jagareforbundet.se\/motala\/wp-json\/wp\/v2\/media?parent=1617"}],"curies":[{"name":"wp","href":"https:\/\/api.w.org\/{rel}","templated":true}]}}