{"id":171,"date":"2013-08-22T20:08:09","date_gmt":"2013-08-22T18:08:09","guid":{"rendered":"https:\/\/krets.jagareforbundet.se\/motala\/?page_id=171"},"modified":"2024-04-22T21:33:43","modified_gmt":"2024-04-22T19:33:43","slug":"viltolyckor","status":"publish","type":"page","link":"https:\/\/krets.jagareforbundet.se\/motala\/viltolyckor\/","title":{"rendered":"Viltolyckor"},"content":{"rendered":"<p><span style=\"font-size: medium\"><strong>Vid kollision med vilt, r\u00e5djur och st\u00f6rre SKALL 112 ringas f\u00f6r viltolycksanm\u00e4lan. Endast 112 ingenting annat! <\/strong><\/span><\/p>\n<p>Se vidare information p\u00e5 Nationella viltolycksr\u00e5dets hemsida p\u00e5 <a href=\"http:\/\/www.viltolycka.se\/hem\/\" target=\"_blank\" rel=\"noopener\">viltolycka.se<\/a>.<\/p>\n<p>Fr\u00e5n\u00a0den\u00a0siten \u00e4r \u00e4ven\u00a0denna <a href=\"http:\/\/www.viltolycka.se\/regionala-viltolycksrad\/ostergotland\/\">l\u00e4nk<\/a> h\u00e4mtad, som bland annat inneh\u00e5ller ett intressant reportage gjort av Bl\u00e5ljus 24Corren i anslutning till 2015 \u00e5rs\u00a0landsomfattande insatsvecka mot viltolyckor.<\/p>\n<p>Just nu finns det framf\u00f6rallt behov av\u00a0r\u00e5djurshundar.<br \/>\nH\u00e4lsningar Efters\u00f6ksj\u00e4garna<\/p>\n","protected":false},"excerpt":{"rendered":"<p>Vid kollision med vilt, r\u00e5djur och st\u00f6rre SKALL 112 ringas f\u00f6r viltolycksanm\u00e4lan. Endast 112 ingenting annat! Se vidare information p\u00e5 Nationella viltolycksr\u00e5dets hemsida p\u00e5 viltolycka.se. Fr\u00e5n\u00a0den\u00a0siten \u00e4r \u00e4ven\u00a0denna l\u00e4nk h\u00e4mtad, som bland annat inneh\u00e5ller ett intressant reportage gjort av Bl\u00e5ljus 24Corren i anslutning till 2015 \u00e5rs\u00a0landsomfattande insatsvecka mot viltolyckor. Just nu finns det framf\u00f6rallt behov [&hellip;]<\/p>\n","protected":false},"author":109,"featured_media":0,"parent":0,"menu_order":40,"comment_status":"open","ping_status":"open","template":"","meta":{"footnotes":""},"class_list":["post-171","page","type-page","status-publish","hentry"],"_links":{"self":[{"href":"https:\/\/krets.jagareforbundet.se\/motala\/wp-json\/wp\/v2\/pages\/171","targetHints":{"allow":["GET"]}}],"collection":[{"href":"https:\/\/krets.jagareforbundet.se\/motala\/wp-json\/wp\/v2\/pages"}],"about":[{"href":"https:\/\/krets.jagareforbundet.se\/motala\/wp-json\/wp\/v2\/types\/page"}],"author":[{"embeddable":true,"href":"https:\/\/krets.jagareforbundet.se\/motala\/wp-json\/wp\/v2\/users\/109"}],"replies":[{"embeddable":true,"href":"https:\/\/krets.jagareforbundet.se\/motala\/wp-json\/wp\/v2\/comments?post=171"}],"version-history":[{"count":2,"href":"https:\/\/krets.jagareforbundet.se\/motala\/wp-json\/wp\/v2\/pages\/171\/revisions"}],"predecessor-version":[{"id":2123,"href":"https:\/\/krets.jagareforbundet.se\/motala\/wp-json\/wp\/v2\/pages\/171\/revisions\/2123"}],"wp:attachment":[{"href":"https:\/\/krets.jagareforbundet.se\/motala\/wp-json\/wp\/v2\/media?parent=171"}],"curies":[{"name":"wp","href":"https:\/\/api.w.org\/{rel}","templated":true}]}}