{"id":2,"date":"2011-09-07T09:28:43","date_gmt":"2011-09-07T09:28:43","guid":{"rendered":"https:\/\/krets.jagareforbundet.se\/template\/?page_id=2"},"modified":"2021-04-29T13:41:48","modified_gmt":"2021-04-29T11:41:48","slug":"exempelsida","status":"publish","type":"page","link":"https:\/\/krets.jagareforbundet.se\/motala\/","title":{"rendered":"V\u00e4lkommen till Motala jaktv\u00e5rdskrets"},"content":{"rendered":"<p>Detta \u00e4r startsidan f\u00f6r Motala Jakv\u00e5rdskrets hemsida. Hemsidan best\u00e5r av ett antal &#8221;fasta sidor&#8221; med olika teman. Dessa sidor \u00e4r best\u00e4ndiga, men uppdateras s\u00e5 snart vi har n\u00e5got nytt att publicera. Ut\u00f6ver dessa finns &#8221;Senaste nytt&#8221; och &#8221;Evenemang&#8221;, som ber\u00e4ttar om det senaste och vad som kommer h\u00e4rn\u00e4st.<\/p>\n<p>Vi finns ocks\u00e5 p\u00e5 Facebook: <a href=\"https:\/\/www.facebook.com\/motalajaktvardskrets\" target=\"_blank\" rel=\"noopener noreferrer\">Motala Jaktv\u00e5rdskrets p\u00e5 Facebook<\/a>\u00a0vilket \u00e4ven <a href=\"https:\/\/www.facebook.com\/pages\/J%C3%A4garef%C3%B6rbundet-%C3%96sterg%C3%B6tland\/616194901782243\" target=\"_blank\" rel=\"noopener noreferrer\">J\u00e4garf\u00f6rbundet \u00d6sterg\u00f6tland<\/a> g\u00f6r.<\/p>\n<div class=\"fb-page\" data-href=\"https:\/\/www.facebook.com\/motalajaktvardskrets\/?fref=nf\" data-width=\"340\" data-height=\"500\" data-small-header=\"true\" data-adapt-container-width=\"true\" data-hide-cover=\"true\" data-show-facepile=\"false\">\n<div class=\"fb-xfbml-parse-ignore\">\n<blockquote cite=\"https:\/\/www.facebook.com\/motalajaktvardskrets\/?fref=nf\"><p><a href=\"https:\/\/www.facebook.com\/motalajaktvardskrets\/?fref=nf\">Motala Jaktv\u00e5rdskrets<\/a><\/p><\/blockquote>\n<\/div>\n<\/div>\n<div class=\"fb-page\" data-href=\"https:\/\/www.facebook.com\/pages\/J%C3%A4garef%C3%B6rbundet-%C3%96sterg%C3%B6tland\/616194901782243?fref=nf\" data-width=\"340\" data-height=\"500\" data-small-header=\"true\" data-adapt-container-width=\"true\" data-hide-cover=\"true\" data-show-facepile=\"false\">\n<div class=\"fb-xfbml-parse-ignore\">\n<blockquote cite=\"https:\/\/www.facebook.com\/pages\/J%C3%A4garef%C3%B6rbundet-%C3%96sterg%C3%B6tland\/616194901782243?fref=nf\"><p><a href=\"https:\/\/www.facebook.com\/pages\/J%C3%A4garef%C3%B6rbundet-%C3%96sterg%C3%B6tland\/616194901782243?fref=nf\">J%C3%A4garef%C3%B6rbundet-%C3%96sterg%C3%B6tland<\/a><\/p><\/blockquote>\n<\/div>\n<\/div>\n<p>&nbsp;<\/p>\n<p>En inblick i v\u00e5rt fl\u00f6de p\u00e5 Facebook syns nedan.<\/p>\n<div data-tabs=\"timeline\" class=\"fb-page\" data-href=\"https:\/\/www.facebook.com\/motalajaktvardskrets\/?fref=ts\" data-small-header=\"false\" data-adapt-container-width=\"true\" data-hide-cover=\"false\" data-show-facepile=\"true\">\n<div class=\"fb-xfbml-parse-ignore\">\n<blockquote cite=\"https:\/\/www.facebook.com\/motalajaktvardskrets\/?fref=ts\"><p><a href=\"https:\/\/www.facebook.com\/motalajaktvardskrets\/?fref=ts\">Motala Jaktv\u00e5rdskrets<\/a><\/p><\/blockquote>\n<\/div>\n<\/div>\n<p><a href=\"https:\/\/krets.jagareforbundet.se\/motala\/files\/2018\/06\/studieframjandets-logga-e1530304097560.gif\"><img loading=\"lazy\" decoding=\"async\" class=\"alignleft size-full wp-image-1376\" src=\"https:\/\/krets.jagareforbundet.se\/motala\/files\/2018\/06\/studieframjandets-logga-e1530304097560.gif\" alt=\"\" width=\"113\" height=\"68\" \/><\/a><br \/>\nM\u00e5nga av de arrangemang som vi anordnar g\u00f6r vi i samarbete med <a href=\"https:\/\/www.studieframjandet.se\/\">Studiefr\u00e4mjandet<\/a>.<\/p>\n<p>&nbsp;<\/p>\n<p>Foto: Gunnar Kjellin<\/p>\n","protected":false},"excerpt":{"rendered":"<p>Detta \u00e4r startsidan f\u00f6r Motala Jakv\u00e5rdskrets hemsida. Hemsidan best\u00e5r av ett antal &#8221;fasta sidor&#8221; med olika teman. Dessa sidor \u00e4r best\u00e4ndiga, men uppdateras s\u00e5 snart vi har n\u00e5got nytt att publicera. Ut\u00f6ver dessa finns &#8221;Senaste nytt&#8221; och &#8221;Evenemang&#8221;, som ber\u00e4ttar om det senaste och vad som kommer h\u00e4rn\u00e4st. Vi finns ocks\u00e5 p\u00e5 Facebook: Motala Jaktv\u00e5rdskrets [&hellip;]<\/p>\n","protected":false},"author":3,"featured_media":1437,"parent":0,"menu_order":0,"comment_status":"open","ping_status":"open","template":"","meta":{"footnotes":""},"class_list":["post-2","page","type-page","status-publish","has-post-thumbnail","hentry"],"_links":{"self":[{"href":"https:\/\/krets.jagareforbundet.se\/motala\/wp-json\/wp\/v2\/pages\/2","targetHints":{"allow":["GET"]}}],"collection":[{"href":"https:\/\/krets.jagareforbundet.se\/motala\/wp-json\/wp\/v2\/pages"}],"about":[{"href":"https:\/\/krets.jagareforbundet.se\/motala\/wp-json\/wp\/v2\/types\/page"}],"author":[{"embeddable":true,"href":"https:\/\/krets.jagareforbundet.se\/motala\/wp-json\/wp\/v2\/users\/3"}],"replies":[{"embeddable":true,"href":"https:\/\/krets.jagareforbundet.se\/motala\/wp-json\/wp\/v2\/comments?post=2"}],"version-history":[{"count":3,"href":"https:\/\/krets.jagareforbundet.se\/motala\/wp-json\/wp\/v2\/pages\/2\/revisions"}],"predecessor-version":[{"id":1662,"href":"https:\/\/krets.jagareforbundet.se\/motala\/wp-json\/wp\/v2\/pages\/2\/revisions\/1662"}],"wp:featuredmedia":[{"embeddable":true,"href":"https:\/\/krets.jagareforbundet.se\/motala\/wp-json\/wp\/v2\/media\/1437"}],"wp:attachment":[{"href":"https:\/\/krets.jagareforbundet.se\/motala\/wp-json\/wp\/v2\/media?parent=2"}],"curies":[{"name":"wp","href":"https:\/\/api.w.org\/{rel}","templated":true}]}}