{"id":2016,"date":"2023-08-15T22:26:06","date_gmt":"2023-08-15T20:26:06","guid":{"rendered":"https:\/\/krets.jagareforbundet.se\/motala\/?page_id=2016"},"modified":"2023-08-15T22:26:06","modified_gmt":"2023-08-15T20:26:06","slug":"normahylsan-2023","status":"publish","type":"page","link":"https:\/\/krets.jagareforbundet.se\/motala\/skytte\/normahylsan-2023\/","title":{"rendered":"Normahylsan 2023"},"content":{"rendered":"<p>S\u00f6ndag innan bockjaktspremi\u00e4r inneb\u00e4r att Motala Jaktv\u00e5rdskrets anordnar skyttet\u00e4vlingen Normahylsan. S\u00e5 \u00e4ven detta \u00e5r, och denna g\u00e5ng kom 13 skyttar till start. Vi t\u00e4vlar om tv\u00e5 stycken vandringspriser; Normahylsan och Motala JVKs vandringspris i ungdomsskytte, Ungdomshylsan. Det senare \u00f6ppet f\u00f6r j\u00e4gare mellan 13 och 20 \u00e5r.<\/p>\n<p>Efter 10 skott p\u00e5 l\u00f6pande vildsvin (50 m) och 10 skott p\u00e5 stillast\u00e5ende bock p\u00e5 (100 m varav 5 skott liggande, 3 skott sittande och 2 skott st\u00e5ende) med maximalt resultat p\u00e5 200p stod Albin Turi som vinnare till Normahylsan medan Gustav Brolin f\u00f6r fj\u00e4rde \u00e5ret i rad (!) tog hem Ungdomshylsan.<\/p>\n<div id=\"attachment_2021\" style=\"width: 778px\" class=\"wp-caption aligncenter\"><a href=\"https:\/\/krets.jagareforbundet.se\/motala\/files\/2023\/08\/Normahylsan_2023-05-scaled.jpg\"><img loading=\"lazy\" decoding=\"async\" aria-describedby=\"caption-attachment-2021\" class=\"wp-image-2021 size-large\" src=\"https:\/\/krets.jagareforbundet.se\/motala\/files\/2023\/08\/Normahylsan_2023-05-768x1024.jpg\" alt=\"\" width=\"768\" height=\"1024\" srcset=\"https:\/\/krets.jagareforbundet.se\/motala\/files\/2023\/08\/Normahylsan_2023-05-768x1024.jpg 768w, https:\/\/krets.jagareforbundet.se\/motala\/files\/2023\/08\/Normahylsan_2023-05-225x300.jpg 225w, https:\/\/krets.jagareforbundet.se\/motala\/files\/2023\/08\/Normahylsan_2023-05-1152x1536.jpg 1152w, https:\/\/krets.jagareforbundet.se\/motala\/files\/2023\/08\/Normahylsan_2023-05-1536x2048.jpg 1536w, https:\/\/krets.jagareforbundet.se\/motala\/files\/2023\/08\/Normahylsan_2023-05-scaled.jpg 1920w\" sizes=\"auto, (max-width: 768px) 100vw, 768px\" \/><\/a><p id=\"caption-attachment-2021\" class=\"wp-caption-text\">\u00c5rets vinnare av vandringspriserna Normahylsan och Ungdomshylsan<\/p><\/div>\n<p>Tyv\u00e4rr hade vi f\u00e5tt leveransproblem med priserna till prisbordet fr\u00e5n Hylte Jakt &amp; Lantman, s\u00e5 dessa kommer att f\u00e5 delas ut i efterhand. Nytt f\u00f6r i \u00e5r \u00e4r annars att ut\u00f6ver f\u00f6rstapriserna till segrarna (Albin och Gustav) lottas fem ytterligare priser ut bland \u00f6vriga deltagare. Resultatet av denna utlottning blev:<\/p>\n<ol>\n<li>Gunnar Kjellin<\/li>\n<li>Tomas Strandhag<\/li>\n<li>Johan Brolin<\/li>\n<li>Fredrik Oswaldsson<\/li>\n<li>Kenth Andersson<\/li>\n<\/ol>\n<p>Nedan ett urval av bilder fr\u00e5n dagen.<\/p>\n\n\t\t<style type=\"text\/css\">\n\t\t\t#gallery-1 {\n\t\t\t\tmargin: auto;\n\t\t\t}\n\t\t\t#gallery-1 .gallery-item {\n\t\t\t\tfloat: left;\n\t\t\t\tmargin-top: 10px;\n\t\t\t\ttext-align: center;\n\t\t\t\twidth: 100%;\n\t\t\t}\n\t\t\t#gallery-1 img {\n\t\t\t\tborder: 2px solid #cfcfcf;\n\t\t\t}\n\t\t\t#gallery-1 .gallery-caption {\n\t\t\t\tmargin-left: 0;\n\t\t\t}\n\t\t\t\/* see gallery_shortcode() in wp-includes\/media.php *\/\n\t\t<\/style>\n\t\t<div id='gallery-1' class='gallery galleryid-2016 gallery-columns-1 gallery-size-large'><dl class='gallery-item'>\n\t\t\t<dt class='gallery-icon landscape'>\n\t\t\t\t<a href='https:\/\/krets.jagareforbundet.se\/motala\/normahylsan_2023-01\/'><img loading=\"lazy\" decoding=\"async\" width=\"1024\" height=\"768\" src=\"https:\/\/krets.jagareforbundet.se\/motala\/files\/2023\/08\/Normahylsan_2023-01-1024x768.jpg\" class=\"attachment-large size-large\" alt=\"\" aria-describedby=\"gallery-1-2018\" srcset=\"https:\/\/krets.jagareforbundet.se\/motala\/files\/2023\/08\/Normahylsan_2023-01-1024x768.jpg 1024w, https:\/\/krets.jagareforbundet.se\/motala\/files\/2023\/08\/Normahylsan_2023-01-300x225.jpg 300w, https:\/\/krets.jagareforbundet.se\/motala\/files\/2023\/08\/Normahylsan_2023-01-768x576.jpg 768w, https:\/\/krets.jagareforbundet.se\/motala\/files\/2023\/08\/Normahylsan_2023-01-1536x1152.jpg 1536w, https:\/\/krets.jagareforbundet.se\/motala\/files\/2023\/08\/Normahylsan_2023-01-2048x1536.jpg 2048w\" sizes=\"auto, (max-width: 1024px) 100vw, 1024px\" \/><\/a>\n\t\t\t<\/dt>\n\t\t\t\t<dd class='wp-caption-text gallery-caption' id='gallery-1-2018'>\n\t\t\t\tSamling innan start\n\t\t\t\t<\/dd><\/dl><br style=\"clear: both\" \/><dl class='gallery-item'>\n\t\t\t<dt class='gallery-icon landscape'>\n\t\t\t\t<a href='https:\/\/krets.jagareforbundet.se\/motala\/normahylsan_2023-09\/'><img loading=\"lazy\" decoding=\"async\" width=\"1024\" height=\"768\" src=\"https:\/\/krets.jagareforbundet.se\/motala\/files\/2023\/08\/Normahylsan_2023-09-1024x768.jpg\" class=\"attachment-large size-large\" alt=\"\" aria-describedby=\"gallery-1-2024\" srcset=\"https:\/\/krets.jagareforbundet.se\/motala\/files\/2023\/08\/Normahylsan_2023-09-1024x768.jpg 1024w, https:\/\/krets.jagareforbundet.se\/motala\/files\/2023\/08\/Normahylsan_2023-09-300x225.jpg 300w, https:\/\/krets.jagareforbundet.se\/motala\/files\/2023\/08\/Normahylsan_2023-09-768x576.jpg 768w, https:\/\/krets.jagareforbundet.se\/motala\/files\/2023\/08\/Normahylsan_2023-09-1536x1152.jpg 1536w, https:\/\/krets.jagareforbundet.se\/motala\/files\/2023\/08\/Normahylsan_2023-09-2048x1536.jpg 2048w\" sizes=\"auto, (max-width: 1024px) 100vw, 1024px\" \/><\/a>\n\t\t\t<\/dt>\n\t\t\t\t<dd class='wp-caption-text gallery-caption' id='gallery-1-2024'>\n\t\t\t\tLiggande skytte p\u00e5 bock\n\t\t\t\t<\/dd><\/dl><br style=\"clear: both\" \/><dl class='gallery-item'>\n\t\t\t<dt class='gallery-icon landscape'>\n\t\t\t\t<a href='https:\/\/krets.jagareforbundet.se\/motala\/normahylsan_2023-08\/'><img loading=\"lazy\" decoding=\"async\" width=\"1024\" height=\"768\" src=\"https:\/\/krets.jagareforbundet.se\/motala\/files\/2023\/08\/Normahylsan_2023-08-1024x768.jpg\" class=\"attachment-large size-large\" alt=\"\" aria-describedby=\"gallery-1-2023\" srcset=\"https:\/\/krets.jagareforbundet.se\/motala\/files\/2023\/08\/Normahylsan_2023-08-1024x768.jpg 1024w, https:\/\/krets.jagareforbundet.se\/motala\/files\/2023\/08\/Normahylsan_2023-08-300x225.jpg 300w, https:\/\/krets.jagareforbundet.se\/motala\/files\/2023\/08\/Normahylsan_2023-08-768x576.jpg 768w, https:\/\/krets.jagareforbundet.se\/motala\/files\/2023\/08\/Normahylsan_2023-08-1536x1152.jpg 1536w, https:\/\/krets.jagareforbundet.se\/motala\/files\/2023\/08\/Normahylsan_2023-08-2048x1536.jpg 2048w\" sizes=\"auto, (max-width: 1024px) 100vw, 1024px\" \/><\/a>\n\t\t\t<\/dt>\n\t\t\t\t<dd class='wp-caption-text gallery-caption' id='gallery-1-2023'>\n\t\t\t\tMarkering\n\t\t\t\t<\/dd><\/dl><br style=\"clear: both\" \/><dl class='gallery-item'>\n\t\t\t<dt class='gallery-icon portrait'>\n\t\t\t\t<a href='https:\/\/krets.jagareforbundet.se\/motala\/normahylsan_2023-11\/'><img loading=\"lazy\" decoding=\"async\" width=\"768\" height=\"1024\" src=\"https:\/\/krets.jagareforbundet.se\/motala\/files\/2023\/08\/Normahylsan_2023-11-768x1024.jpg\" class=\"attachment-large size-large\" alt=\"\" aria-describedby=\"gallery-1-2026\" srcset=\"https:\/\/krets.jagareforbundet.se\/motala\/files\/2023\/08\/Normahylsan_2023-11-768x1024.jpg 768w, https:\/\/krets.jagareforbundet.se\/motala\/files\/2023\/08\/Normahylsan_2023-11-225x300.jpg 225w, https:\/\/krets.jagareforbundet.se\/motala\/files\/2023\/08\/Normahylsan_2023-11-1152x1536.jpg 1152w, https:\/\/krets.jagareforbundet.se\/motala\/files\/2023\/08\/Normahylsan_2023-11-1536x2048.jpg 1536w, https:\/\/krets.jagareforbundet.se\/motala\/files\/2023\/08\/Normahylsan_2023-11-scaled.jpg 1920w\" sizes=\"auto, (max-width: 768px) 100vw, 768px\" \/><\/a>\n\t\t\t<\/dt>\n\t\t\t\t<dd class='wp-caption-text gallery-caption' id='gallery-1-2026'>\n\t\t\t\tSt\u00e5ende skytte p\u00e5 l\u00f6pande vildsvin\n\t\t\t\t<\/dd><\/dl><br style=\"clear: both\" \/><dl class='gallery-item'>\n\t\t\t<dt class='gallery-icon landscape'>\n\t\t\t\t<a href='https:\/\/krets.jagareforbundet.se\/motala\/normahylsan_2023-12\/'><img loading=\"lazy\" decoding=\"async\" width=\"1024\" height=\"768\" src=\"https:\/\/krets.jagareforbundet.se\/motala\/files\/2023\/08\/Normahylsan_2023-12-1024x768.jpg\" class=\"attachment-large size-large\" alt=\"\" aria-describedby=\"gallery-1-2027\" srcset=\"https:\/\/krets.jagareforbundet.se\/motala\/files\/2023\/08\/Normahylsan_2023-12-1024x768.jpg 1024w, https:\/\/krets.jagareforbundet.se\/motala\/files\/2023\/08\/Normahylsan_2023-12-300x225.jpg 300w, https:\/\/krets.jagareforbundet.se\/motala\/files\/2023\/08\/Normahylsan_2023-12-768x576.jpg 768w, https:\/\/krets.jagareforbundet.se\/motala\/files\/2023\/08\/Normahylsan_2023-12-1536x1152.jpg 1536w, https:\/\/krets.jagareforbundet.se\/motala\/files\/2023\/08\/Normahylsan_2023-12-2048x1536.jpg 2048w\" sizes=\"auto, (max-width: 1024px) 100vw, 1024px\" \/><\/a>\n\t\t\t<\/dt>\n\t\t\t\t<dd class='wp-caption-text gallery-caption' id='gallery-1-2027'>\n\t\t\t\tTr\u00e4ffbild fr\u00e5n vildsvinsstationen\n\t\t\t\t<\/dd><\/dl><br style=\"clear: both\" \/><dl class='gallery-item'>\n\t\t\t<dt class='gallery-icon landscape'>\n\t\t\t\t<a href='https:\/\/krets.jagareforbundet.se\/motala\/normahylsan_2023-10\/'><img loading=\"lazy\" decoding=\"async\" width=\"1024\" height=\"768\" src=\"https:\/\/krets.jagareforbundet.se\/motala\/files\/2023\/08\/Normahylsan_2023-10-1024x768.jpg\" class=\"attachment-large size-large\" alt=\"\" aria-describedby=\"gallery-1-2025\" srcset=\"https:\/\/krets.jagareforbundet.se\/motala\/files\/2023\/08\/Normahylsan_2023-10-1024x768.jpg 1024w, https:\/\/krets.jagareforbundet.se\/motala\/files\/2023\/08\/Normahylsan_2023-10-300x225.jpg 300w, https:\/\/krets.jagareforbundet.se\/motala\/files\/2023\/08\/Normahylsan_2023-10-768x576.jpg 768w, https:\/\/krets.jagareforbundet.se\/motala\/files\/2023\/08\/Normahylsan_2023-10-1536x1152.jpg 1536w, https:\/\/krets.jagareforbundet.se\/motala\/files\/2023\/08\/Normahylsan_2023-10-2048x1536.jpg 2048w\" sizes=\"auto, (max-width: 1024px) 100vw, 1024px\" \/><\/a>\n\t\t\t<\/dt>\n\t\t\t\t<dd class='wp-caption-text gallery-caption' id='gallery-1-2025'>\n\t\t\t\tPrisutdelning av Ungdomshylsan\n\t\t\t\t<\/dd><\/dl><br style=\"clear: both\" \/><dl class='gallery-item'>\n\t\t\t<dt class='gallery-icon landscape'>\n\t\t\t\t<a href='https:\/\/krets.jagareforbundet.se\/motala\/normahylsan_2023-06\/'><img loading=\"lazy\" decoding=\"async\" width=\"1024\" height=\"768\" src=\"https:\/\/krets.jagareforbundet.se\/motala\/files\/2023\/08\/Normahylsan_2023-06-1024x768.jpg\" class=\"attachment-large size-large\" alt=\"\" aria-describedby=\"gallery-1-2022\" srcset=\"https:\/\/krets.jagareforbundet.se\/motala\/files\/2023\/08\/Normahylsan_2023-06-1024x768.jpg 1024w, https:\/\/krets.jagareforbundet.se\/motala\/files\/2023\/08\/Normahylsan_2023-06-300x225.jpg 300w, https:\/\/krets.jagareforbundet.se\/motala\/files\/2023\/08\/Normahylsan_2023-06-768x576.jpg 768w, https:\/\/krets.jagareforbundet.se\/motala\/files\/2023\/08\/Normahylsan_2023-06-1536x1152.jpg 1536w, https:\/\/krets.jagareforbundet.se\/motala\/files\/2023\/08\/Normahylsan_2023-06-2048x1536.jpg 2048w\" sizes=\"auto, (max-width: 1024px) 100vw, 1024px\" \/><\/a>\n\t\t\t<\/dt>\n\t\t\t\t<dd class='wp-caption-text gallery-caption' id='gallery-1-2022'>\n\t\t\t\tDagens fr\u00e4msta skyttar\n\t\t\t\t<\/dd><\/dl><br style=\"clear: both\" \/>\n\t\t<\/div>\n\n","protected":false},"excerpt":{"rendered":"<p>S\u00f6ndag innan bockjaktspremi\u00e4r inneb\u00e4r att Motala Jaktv\u00e5rdskrets anordnar skyttet\u00e4vlingen Normahylsan. S\u00e5 \u00e4ven detta \u00e5r, och denna g\u00e5ng kom 13 skyttar till start. Vi t\u00e4vlar om tv\u00e5 stycken vandringspriser; Normahylsan och Motala JVKs vandringspris i ungdomsskytte, Ungdomshylsan. Det senare \u00f6ppet f\u00f6r j\u00e4gare mellan 13 och 20 \u00e5r. Efter 10 skott p\u00e5 l\u00f6pande vildsvin (50 m) och [&hellip;]<\/p>\n","protected":false},"author":109,"featured_media":2019,"parent":310,"menu_order":51,"comment_status":"closed","ping_status":"closed","template":"","meta":{"footnotes":""},"class_list":["post-2016","page","type-page","status-publish","has-post-thumbnail","hentry"],"_links":{"self":[{"href":"https:\/\/krets.jagareforbundet.se\/motala\/wp-json\/wp\/v2\/pages\/2016","targetHints":{"allow":["GET"]}}],"collection":[{"href":"https:\/\/krets.jagareforbundet.se\/motala\/wp-json\/wp\/v2\/pages"}],"about":[{"href":"https:\/\/krets.jagareforbundet.se\/motala\/wp-json\/wp\/v2\/types\/page"}],"author":[{"embeddable":true,"href":"https:\/\/krets.jagareforbundet.se\/motala\/wp-json\/wp\/v2\/users\/109"}],"replies":[{"embeddable":true,"href":"https:\/\/krets.jagareforbundet.se\/motala\/wp-json\/wp\/v2\/comments?post=2016"}],"version-history":[{"count":3,"href":"https:\/\/krets.jagareforbundet.se\/motala\/wp-json\/wp\/v2\/pages\/2016\/revisions"}],"predecessor-version":[{"id":2031,"href":"https:\/\/krets.jagareforbundet.se\/motala\/wp-json\/wp\/v2\/pages\/2016\/revisions\/2031"}],"up":[{"embeddable":true,"href":"https:\/\/krets.jagareforbundet.se\/motala\/wp-json\/wp\/v2\/pages\/310"}],"wp:featuredmedia":[{"embeddable":true,"href":"https:\/\/krets.jagareforbundet.se\/motala\/wp-json\/wp\/v2\/media\/2019"}],"wp:attachment":[{"href":"https:\/\/krets.jagareforbundet.se\/motala\/wp-json\/wp\/v2\/media?parent=2016"}],"curies":[{"name":"wp","href":"https:\/\/api.w.org\/{rel}","templated":true}]}}